{"id":1435,"date":"2022-05-11T17:49:42","date_gmt":"2022-05-11T23:49:42","guid":{"rendered":"https:\/\/shareguatemala.org\/?page_id=1435"},"modified":"2022-05-11T17:50:37","modified_gmt":"2022-05-11T23:50:37","slug":"noticias-share","status":"publish","type":"page","link":"https:\/\/shareguatemala.org\/en\/noticias-share\/","title":{"rendered":"Noticias Share"},"content":{"rendered":"<div data-elementor-type=\"wp-page\" data-elementor-id=\"1435\" class=\"elementor elementor-1435\" data-elementor-settings=\"[]\">\n\t\t\t<div class=\"elementor-inner\">\n\t\t\t\t<div class=\"elementor-section-wrap\">\n\t\t\t\t\t\t\t<section class=\"has_ae_slider elementor-element elementor-element-267a900 elementor-section-boxed elementor-section-height-default elementor-section-height-default ae-bg-gallery-type-default elementor-section elementor-top-section\" data-id=\"267a900\" data-element_type=\"section\" data-settings=\"{&quot;background_background&quot;:&quot;classic&quot;}\">\n\t\t\t\t\t\t\t<div class=\"elementor-background-overlay\"><\/div>\n\t\t\t\t\t\t\t<div class=\"elementor-container elementor-column-gap-default\">\n\t\t\t\t<div class=\"elementor-row\">\n\t\t\t\t<div class=\"has_ae_slider elementor-element elementor-element-b28650a ae-bg-gallery-type-default elementor-column elementor-col-100 elementor-top-column\" data-id=\"b28650a\" data-element_type=\"column\">\n\t\t\t<div class=\"elementor-column-wrap  elementor-element-populated\">\n\t\t\t\t\t<div class=\"elementor-widget-wrap\">\n\t\t\t\t<div class=\"elementor-element elementor-element-75134a3 elementor-widget elementor-widget-text-editor\" data-id=\"75134a3\" data-element_type=\"widget\" data-widget_type=\"text-editor.default\">\n\t\t\t\t<div class=\"elementor-widget-container\">\n\t\t\t\t\t<div class=\"elementor-text-editor elementor-clearfix\"><h1><span style=\"color: #ce132c;\"><strong>Press Room and Gallery<\/strong><\/span><\/h1><h1><strong><span style=\"color: #696969;\">AND GALLERY<\/span><\/strong><\/h1><\/div>\n\t\t\t\t<\/div>\n\t\t\t\t<\/div>\n\t\t\t\t<section class=\"has_ae_slider elementor-element elementor-element-a5c9394 elementor-section-boxed elementor-section-height-default elementor-section-height-default ae-bg-gallery-type-default elementor-section elementor-inner-section\" data-id=\"a5c9394\" data-element_type=\"section\">\n\t\t\t\t\t\t<div class=\"elementor-container elementor-column-gap-default\">\n\t\t\t\t<div class=\"elementor-row\">\n\t\t\t\t<div class=\"has_ae_slider elementor-element elementor-element-abf9245 ae-bg-gallery-type-default elementor-column elementor-col-50 elementor-inner-column\" data-id=\"abf9245\" data-element_type=\"column\">\n\t\t\t<div class=\"elementor-column-wrap  elementor-element-populated\">\n\t\t\t\t\t<div class=\"elementor-widget-wrap\">\n\t\t\t\t<div class=\"elementor-element elementor-element-75f7ab0 elementor-widget elementor-widget-heading\" data-id=\"75f7ab0\" data-element_type=\"widget\" data-widget_type=\"heading.default\">\n\t\t\t\t<div class=\"elementor-widget-container\">\n\t\t\t<h3 class=\"elementor-heading-title elementor-size-default\">Releases<\/h3>\t\t<\/div>\n\t\t\t\t<\/div>\n\t\t\t\t<div class=\"elementor-element elementor-element-1bab385 elementor-widget elementor-widget-image\" data-id=\"1bab385\" data-element_type=\"widget\" data-widget_type=\"image.default\">\n\t\t\t\t<div class=\"elementor-widget-container\">\n\t\t\t\t\t<div class=\"elementor-image\">\n\t\t\t\t\t\t\t\t\t\t<img width=\"709\" height=\"1024\" src=\"https:\/\/shareguatemala.org\/wp-content\/uploads\/2020\/11\/COMUNICADO-SHARE-709x1024.jpg\" class=\"attachment-large size-large\" alt=\"\" loading=\"lazy\" srcset=\"https:\/\/shareguatemala.org\/wp-content\/uploads\/2020\/11\/COMUNICADO-SHARE-709x1024.jpg 709w, https:\/\/shareguatemala.org\/wp-content\/uploads\/2020\/11\/COMUNICADO-SHARE-208x300.jpg 208w, https:\/\/shareguatemala.org\/wp-content\/uploads\/2020\/11\/COMUNICADO-SHARE-8x12.jpg 8w, https:\/\/shareguatemala.org\/wp-content\/uploads\/2020\/11\/COMUNICADO-SHARE-17x24.jpg 17w, https:\/\/shareguatemala.org\/wp-content\/uploads\/2020\/11\/COMUNICADO-SHARE-25x36.jpg 25w, https:\/\/shareguatemala.org\/wp-content\/uploads\/2020\/11\/COMUNICADO-SHARE-33x48.jpg 33w, https:\/\/shareguatemala.org\/wp-content\/uploads\/2020\/11\/COMUNICADO-SHARE.jpg 765w\" sizes=\"(max-width: 709px) 100vw, 709px\" \/>\t\t\t\t\t\t\t\t\t\t\t<\/div>\n\t\t\t\t<\/div>\n\t\t\t\t<\/div>\n\t\t\t\t<div class=\"elementor-element elementor-element-54bbb17 elementor-widget elementor-widget-heading\" data-id=\"54bbb17\" data-element_type=\"widget\" data-widget_type=\"heading.default\">\n\t\t\t\t<div class=\"elementor-widget-container\">\n\t\t\t<h3 class=\"elementor-heading-title elementor-size-default\">Redcamif Certification<\/h3>\t\t<\/div>\n\t\t\t\t<\/div>\n\t\t\t\t<div class=\"elementor-element elementor-element-29d41e6 elementor-widget elementor-widget-image\" data-id=\"29d41e6\" data-element_type=\"widget\" data-widget_type=\"image.default\">\n\t\t\t\t<div class=\"elementor-widget-container\">\n\t\t\t\t\t<div class=\"elementor-image\">\n\t\t\t\t\t\t\t\t\t\t<img width=\"800\" height=\"600\" src=\"https:\/\/shareguatemala.org\/wp-content\/uploads\/2020\/11\/REDCAMIFF.jpg\" class=\"attachment-large size-large\" alt=\"\" loading=\"lazy\" srcset=\"https:\/\/shareguatemala.org\/wp-content\/uploads\/2020\/11\/REDCAMIFF.jpg 909w, https:\/\/shareguatemala.org\/wp-content\/uploads\/2020\/11\/REDCAMIFF-300x225.jpg 300w, https:\/\/shareguatemala.org\/wp-content\/uploads\/2020\/11\/REDCAMIFF-768x576.jpg 768w, https:\/\/shareguatemala.org\/wp-content\/uploads\/2020\/11\/REDCAMIFF-16x12.jpg 16w, https:\/\/shareguatemala.org\/wp-content\/uploads\/2020\/11\/REDCAMIFF-24x18.jpg 24w, https:\/\/shareguatemala.org\/wp-content\/uploads\/2020\/11\/REDCAMIFF-36x27.jpg 36w, https:\/\/shareguatemala.org\/wp-content\/uploads\/2020\/11\/REDCAMIFF-48x36.jpg 48w\" sizes=\"(max-width: 800px) 100vw, 800px\" \/>\t\t\t\t\t\t\t\t\t\t\t<\/div>\n\t\t\t\t<\/div>\n\t\t\t\t<\/div>\n\t\t\t\t\t\t<\/div>\n\t\t\t<\/div>\n\t\t<\/div>\n\t\t\t\t<div class=\"has_ae_slider elementor-element elementor-element-07474b6 ae-bg-gallery-type-default elementor-column elementor-col-50 elementor-inner-column\" data-id=\"07474b6\" data-element_type=\"column\">\n\t\t\t<div class=\"elementor-column-wrap  elementor-element-populated\">\n\t\t\t\t\t<div class=\"elementor-widget-wrap\">\n\t\t\t\t<div class=\"elementor-element elementor-element-696f005 elementor-widget elementor-widget-heading\" data-id=\"696f005\" data-element_type=\"widget\" data-widget_type=\"heading.default\">\n\t\t\t\t<div class=\"elementor-widget-container\">\n\t\t\t<h3 class=\"elementor-heading-title elementor-size-default\">Mix Certification<\/h3>\t\t<\/div>\n\t\t\t\t<\/div>\n\t\t\t\t<div class=\"elementor-element elementor-element-a1a04e2 elementor-widget elementor-widget-image\" data-id=\"a1a04e2\" data-element_type=\"widget\" data-widget_type=\"image.default\">\n\t\t\t\t<div class=\"elementor-widget-container\">\n\t\t\t\t\t<div class=\"elementor-image\">\n\t\t\t\t\t\t\t\t\t\t<img width=\"800\" height=\"600\" src=\"https:\/\/shareguatemala.org\/wp-content\/uploads\/2020\/11\/tHE-MIX.jpg\" class=\"attachment-large size-large\" alt=\"\" loading=\"lazy\" srcset=\"https:\/\/shareguatemala.org\/wp-content\/uploads\/2020\/11\/tHE-MIX.jpg 909w, https:\/\/shareguatemala.org\/wp-content\/uploads\/2020\/11\/tHE-MIX-300x225.jpg 300w, https:\/\/shareguatemala.org\/wp-content\/uploads\/2020\/11\/tHE-MIX-768x576.jpg 768w, https:\/\/shareguatemala.org\/wp-content\/uploads\/2020\/11\/tHE-MIX-16x12.jpg 16w, https:\/\/shareguatemala.org\/wp-content\/uploads\/2020\/11\/tHE-MIX-24x18.jpg 24w, https:\/\/shareguatemala.org\/wp-content\/uploads\/2020\/11\/tHE-MIX-36x27.jpg 36w, https:\/\/shareguatemala.org\/wp-content\/uploads\/2020\/11\/tHE-MIX-48x36.jpg 48w\" sizes=\"(max-width: 800px) 100vw, 800px\" \/>\t\t\t\t\t\t\t\t\t\t\t<\/div>\n\t\t\t\t<\/div>\n\t\t\t\t<\/div>\n\t\t\t\t<div class=\"elementor-element elementor-element-c49dccf elementor-widget elementor-widget-heading\" data-id=\"c49dccf\" data-element_type=\"widget\" data-widget_type=\"heading.default\">\n\t\t\t\t<div class=\"elementor-widget-container\">\n\t\t\t<h3 class=\"elementor-heading-title elementor-size-default\">Microfinance Risk Rating Certification<\/h3>\t\t<\/div>\n\t\t\t\t<\/div>\n\t\t\t\t<div class=\"elementor-element elementor-element-8b380b4 elementor-widget elementor-widget-image\" data-id=\"8b380b4\" data-element_type=\"widget\" data-widget_type=\"image.default\">\n\t\t\t\t<div class=\"elementor-widget-container\">\n\t\t\t\t\t<div class=\"elementor-image\">\n\t\t\t\t\t\t\t\t\t\t<img width=\"800\" height=\"436\" src=\"https:\/\/shareguatemala.org\/wp-content\/uploads\/2020\/11\/Certificado.jpg\" class=\"attachment-large size-large\" alt=\"\" loading=\"lazy\" srcset=\"https:\/\/shareguatemala.org\/wp-content\/uploads\/2020\/11\/Certificado.jpg 926w, https:\/\/shareguatemala.org\/wp-content\/uploads\/2020\/11\/Certificado-300x164.jpg 300w, https:\/\/shareguatemala.org\/wp-content\/uploads\/2020\/11\/Certificado-768x419.jpg 768w, https:\/\/shareguatemala.org\/wp-content\/uploads\/2020\/11\/Certificado-16x9.jpg 16w, https:\/\/shareguatemala.org\/wp-content\/uploads\/2020\/11\/Certificado-24x13.jpg 24w, https:\/\/shareguatemala.org\/wp-content\/uploads\/2020\/11\/Certificado-36x20.jpg 36w, https:\/\/shareguatemala.org\/wp-content\/uploads\/2020\/11\/Certificado-48x26.jpg 48w\" sizes=\"(max-width: 800px) 100vw, 800px\" \/>\t\t\t\t\t\t\t\t\t\t\t<\/div>\n\t\t\t\t<\/div>\n\t\t\t\t<\/div>\n\t\t\t\t<div class=\"elementor-element elementor-element-32ec290 elementor-widget elementor-widget-heading\" data-id=\"32ec290\" data-element_type=\"widget\" data-widget_type=\"heading.default\">\n\t\t\t\t<div class=\"elementor-widget-container\">\n\t\t\t<h3 class=\"elementor-heading-title elementor-size-default\">Rating Social Microfinance Rating<\/h3>\t\t<\/div>\n\t\t\t\t<\/div>\n\t\t\t\t<div class=\"elementor-element elementor-element-10b3710 elementor-widget elementor-widget-image\" data-id=\"10b3710\" data-element_type=\"widget\" data-widget_type=\"image.default\">\n\t\t\t\t<div class=\"elementor-widget-container\">\n\t\t\t\t\t<div class=\"elementor-image\">\n\t\t\t\t\t\t\t\t\t\t<img width=\"800\" height=\"410\" src=\"https:\/\/shareguatemala.org\/wp-content\/uploads\/2020\/11\/rating-microfinanza.jpg\" class=\"attachment-large size-large\" alt=\"\" loading=\"lazy\" srcset=\"https:\/\/shareguatemala.org\/wp-content\/uploads\/2020\/11\/rating-microfinanza.jpg 909w, https:\/\/shareguatemala.org\/wp-content\/uploads\/2020\/11\/rating-microfinanza-300x154.jpg 300w, https:\/\/shareguatemala.org\/wp-content\/uploads\/2020\/11\/rating-microfinanza-768x394.jpg 768w, https:\/\/shareguatemala.org\/wp-content\/uploads\/2020\/11\/rating-microfinanza-16x8.jpg 16w, https:\/\/shareguatemala.org\/wp-content\/uploads\/2020\/11\/rating-microfinanza-24x12.jpg 24w, https:\/\/shareguatemala.org\/wp-content\/uploads\/2020\/11\/rating-microfinanza-36x18.jpg 36w, https:\/\/shareguatemala.org\/wp-content\/uploads\/2020\/11\/rating-microfinanza-48x25.jpg 48w\" sizes=\"(max-width: 800px) 100vw, 800px\" \/>\t\t\t\t\t\t\t\t\t\t\t<\/div>\n\t\t\t\t<\/div>\n\t\t\t\t<\/div>\n\t\t\t\t\t\t<\/div>\n\t\t\t<\/div>\n\t\t<\/div>\n\t\t\t\t\t\t<\/div>\n\t\t\t<\/div>\n\t\t<\/section>\n\t\t\t\t<div class=\"elementor-element elementor-element-6c91e82 elementor-widget elementor-widget-text-editor\" data-id=\"6c91e82\" data-element_type=\"widget\" data-widget_type=\"text-editor.default\">\n\t\t\t\t<div class=\"elementor-widget-container\">\n\t\t\t\t\t<div class=\"elementor-text-editor elementor-clearfix\"><h1><span style=\"color: #ce132c;\"><strong>SHARE<\/strong><\/span><\/h1><h1><strong><span style=\"color: #696969;\">VIDEOS<\/span><\/strong><\/h1><\/div>\n\t\t\t\t<\/div>\n\t\t\t\t<\/div>\n\t\t\t\t<div class=\"elementor-element elementor-element-e9aa63a elementor-aspect-ratio-169 elementor-widget elementor-widget-video\" data-id=\"e9aa63a\" data-element_type=\"widget\" data-settings=\"{&quot;aspect_ratio&quot;:&quot;169&quot;}\" data-widget_type=\"video.default\">\n\t\t\t\t<div class=\"elementor-widget-container\">\n\t\t\t\t\t<div class=\"elementor-wrapper elementor-fit-aspect-ratio elementor-open-inline\">\n\t\t\t<iframe class=\"elementor-video-iframe\" allowfullscreen title=\"youtube Video Player\" src=\"https:\/\/www.youtube.com\/embed\/XHOmBV4js_E?feature=oembed&amp;start&amp;end&amp;wmode=opaque&amp;loop=0&amp;controls=1&amp;mute=0&amp;rel=0&amp;modestbranding=0\"><\/iframe>\t\t<\/div>\n\t\t\t\t<\/div>\n\t\t\t\t<\/div>\n\t\t\t\t<div class=\"elementor-element elementor-element-5ece15b elementor-widget elementor-widget-gallery\" data-id=\"5ece15b\" data-element_type=\"widget\" data-settings=\"{&quot;gallery_layout&quot;:&quot;justified&quot;,&quot;image_hover_animation&quot;:&quot;grow&quot;,&quot;lazyload&quot;:&quot;yes&quot;,&quot;ideal_row_height&quot;:{&quot;unit&quot;:&quot;px&quot;,&quot;size&quot;:200,&quot;sizes&quot;:[]},&quot;ideal_row_height_tablet&quot;:{&quot;unit&quot;:&quot;px&quot;,&quot;size&quot;:150,&quot;sizes&quot;:[]},&quot;ideal_row_height_mobile&quot;:{&quot;unit&quot;:&quot;px&quot;,&quot;size&quot;:150,&quot;sizes&quot;:[]},&quot;gap&quot;:{&quot;unit&quot;:&quot;px&quot;,&quot;size&quot;:10,&quot;sizes&quot;:[]},&quot;gap_tablet&quot;:{&quot;unit&quot;:&quot;px&quot;,&quot;size&quot;:10,&quot;sizes&quot;:[]},&quot;gap_mobile&quot;:{&quot;unit&quot;:&quot;px&quot;,&quot;size&quot;:10,&quot;sizes&quot;:[]},&quot;link_to&quot;:&quot;file&quot;,&quot;overlay_background&quot;:&quot;yes&quot;,&quot;content_hover_animation&quot;:&quot;fade-in&quot;}\" data-widget_type=\"gallery.default\">\n\t\t\t\t<div class=\"elementor-widget-container\">\n\t\t\t\t\t<div class=\"elementor-gallery__container\">\n\t\t\t\t\t\t\t<a class=\"e-gallery-item elementor-gallery-item elementor-animated-content\" href=\"https:\/\/shareguatemala.org\/wp-content\/uploads\/2020\/11\/Galeria-6.png\" data-elementor-open-lightbox=\"yes\" data-elementor-lightbox-slideshow=\"all-5ece15b\" data-elementor-lightbox-title=\"Galeria-6\">\n\t\t\t\t\t<div class=\"e-gallery-image elementor-gallery-item__image\" data-thumbnail=\"https:\/\/shareguatemala.org\/wp-content\/uploads\/2020\/11\/Galeria-6-300x225.png\" data-width=\"300\" data-height=\"225\" alt=\"\" ><\/div>\n\t\t\t\t\t\t\t\t\t\t<div class=\"elementor-gallery-item__overlay\"><\/div>\n\t\t\t\t\t\t\t\t\t\t\t\t\t\t<\/a>\n\t\t\t\t\t\t\t<a class=\"e-gallery-item elementor-gallery-item elementor-animated-content\" href=\"https:\/\/shareguatemala.org\/wp-content\/uploads\/2020\/11\/Galeria-7.png\" data-elementor-open-lightbox=\"yes\" data-elementor-lightbox-slideshow=\"all-5ece15b\" data-elementor-lightbox-title=\"Galeria-7\">\n\t\t\t\t\t<div class=\"e-gallery-image elementor-gallery-item__image\" data-thumbnail=\"https:\/\/shareguatemala.org\/wp-content\/uploads\/2020\/11\/Galeria-7-300x225.png\" data-width=\"300\" data-height=\"225\" alt=\"\" ><\/div>\n\t\t\t\t\t\t\t\t\t\t<div class=\"elementor-gallery-item__overlay\"><\/div>\n\t\t\t\t\t\t\t\t\t\t\t\t\t\t<\/a>\n\t\t\t\t\t\t\t<a class=\"e-gallery-item elementor-gallery-item elementor-animated-content\" href=\"https:\/\/shareguatemala.org\/wp-content\/uploads\/2020\/11\/Galeria-2.png\" data-elementor-open-lightbox=\"yes\" data-elementor-lightbox-slideshow=\"all-5ece15b\" data-elementor-lightbox-title=\"Galeria-2\">\n\t\t\t\t\t<div class=\"e-gallery-image elementor-gallery-item__image\" data-thumbnail=\"https:\/\/shareguatemala.org\/wp-content\/uploads\/2020\/11\/Galeria-2-300x225.png\" data-width=\"300\" data-height=\"225\" alt=\"\" ><\/div>\n\t\t\t\t\t\t\t\t\t\t<div class=\"elementor-gallery-item__overlay\"><\/div>\n\t\t\t\t\t\t\t\t\t\t\t\t\t\t<\/a>\n\t\t\t\t\t\t\t<a class=\"e-gallery-item elementor-gallery-item elementor-animated-content\" href=\"https:\/\/shareguatemala.org\/wp-content\/uploads\/2020\/11\/Galeria-1.png\" data-elementor-open-lightbox=\"yes\" data-elementor-lightbox-slideshow=\"all-5ece15b\" data-elementor-lightbox-title=\"Galeria-1\">\n\t\t\t\t\t<div class=\"e-gallery-image elementor-gallery-item__image\" data-thumbnail=\"https:\/\/shareguatemala.org\/wp-content\/uploads\/2020\/11\/Galeria-1-300x225.png\" data-width=\"300\" data-height=\"225\" alt=\"\" ><\/div>\n\t\t\t\t\t\t\t\t\t\t<div class=\"elementor-gallery-item__overlay\"><\/div>\n\t\t\t\t\t\t\t\t\t\t\t\t\t\t<\/a>\n\t\t\t\t\t\t\t<a class=\"e-gallery-item elementor-gallery-item elementor-animated-content\" href=\"https:\/\/shareguatemala.org\/wp-content\/uploads\/2020\/11\/Galeria-3.png\" data-elementor-open-lightbox=\"yes\" data-elementor-lightbox-slideshow=\"all-5ece15b\" data-elementor-lightbox-title=\"Galeria-3\">\n\t\t\t\t\t<div class=\"e-gallery-image elementor-gallery-item__image\" data-thumbnail=\"https:\/\/shareguatemala.org\/wp-content\/uploads\/2020\/11\/Galeria-3-300x225.png\" data-width=\"300\" data-height=\"225\" alt=\"\" ><\/div>\n\t\t\t\t\t\t\t\t\t\t<div class=\"elementor-gallery-item__overlay\"><\/div>\n\t\t\t\t\t\t\t\t\t\t\t\t\t\t<\/a>\n\t\t\t\t\t\t\t<a class=\"e-gallery-item elementor-gallery-item elementor-animated-content\" href=\"https:\/\/shareguatemala.org\/wp-content\/uploads\/2020\/11\/Galeria-5.png\" data-elementor-open-lightbox=\"yes\" data-elementor-lightbox-slideshow=\"all-5ece15b\" data-elementor-lightbox-title=\"Galeria-5\">\n\t\t\t\t\t<div class=\"e-gallery-image elementor-gallery-item__image\" data-thumbnail=\"https:\/\/shareguatemala.org\/wp-content\/uploads\/2020\/11\/Galeria-5-300x225.png\" data-width=\"300\" data-height=\"225\" alt=\"\" ><\/div>\n\t\t\t\t\t\t\t\t\t\t<div class=\"elementor-gallery-item__overlay\"><\/div>\n\t\t\t\t\t\t\t\t\t\t\t\t\t\t<\/a>\n\t\t\t\t\t\t\t<a class=\"e-gallery-item elementor-gallery-item elementor-animated-content\" href=\"https:\/\/shareguatemala.org\/wp-content\/uploads\/2020\/11\/Galeria-4.png\" data-elementor-open-lightbox=\"yes\" data-elementor-lightbox-slideshow=\"all-5ece15b\" data-elementor-lightbox-title=\"Galeria-4\">\n\t\t\t\t\t<div class=\"e-gallery-image elementor-gallery-item__image\" data-thumbnail=\"https:\/\/shareguatemala.org\/wp-content\/uploads\/2020\/11\/Galeria-4-300x225.png\" data-width=\"300\" data-height=\"225\" alt=\"\" ><\/div>\n\t\t\t\t\t\t\t\t\t\t<div class=\"elementor-gallery-item__overlay\"><\/div>\n\t\t\t\t\t\t\t\t\t\t\t\t\t\t<\/a>\n\t\t\t\t\t<\/div>\n\t\t\t<\/div>\n\t\t\t\t<\/div>\n\t\t\t\t<div class=\"elementor-element elementor-element-a12ee6f elementor-widget elementor-widget-text-editor\" data-id=\"a12ee6f\" data-element_type=\"widget\" data-widget_type=\"text-editor.default\">\n\t\t\t\t<div class=\"elementor-widget-container\">\n\t\t\t\t\t<div class=\"elementor-text-editor elementor-clearfix\"><p><strong>SHARE's\u00a0efforts<\/strong> in the 2030 <br \/>Agenda to achieve Sustainable Development Goals\u00a0Sustainable Development Goals.<\/p><\/div>\n\t\t\t\t<\/div>\n\t\t\t\t<\/div>\n\t\t\t\t<div class=\"elementor-element elementor-element-b4f3d6e elementor-widget elementor-widget-image\" data-id=\"b4f3d6e\" data-element_type=\"widget\" data-widget_type=\"image.default\">\n\t\t\t\t<div class=\"elementor-widget-container\">\n\t\t\t\t\t<div class=\"elementor-image\">\n\t\t\t\t\t\t\t\t\t\t<img width=\"800\" height=\"105\" src=\"https:\/\/shareguatemala.org\/wp-content\/uploads\/2022\/02\/objetivos-share-Guatemala-Prestamos-y-creditos.png\" class=\"attachment-large size-large\" alt=\"\" loading=\"lazy\" srcset=\"https:\/\/shareguatemala.org\/wp-content\/uploads\/2022\/02\/objetivos-share-Guatemala-Prestamos-y-creditos.png 1024w, https:\/\/shareguatemala.org\/wp-content\/uploads\/2022\/02\/objetivos-share-Guatemala-Prestamos-y-creditos-300x39.png 300w, https:\/\/shareguatemala.org\/wp-content\/uploads\/2022\/02\/objetivos-share-Guatemala-Prestamos-y-creditos-768x101.png 768w, https:\/\/shareguatemala.org\/wp-content\/uploads\/2022\/02\/objetivos-share-Guatemala-Prestamos-y-creditos-18x2.png 18w, https:\/\/shareguatemala.org\/wp-content\/uploads\/2022\/02\/objetivos-share-Guatemala-Prestamos-y-creditos-24x3.png 24w, https:\/\/shareguatemala.org\/wp-content\/uploads\/2022\/02\/objetivos-share-Guatemala-Prestamos-y-creditos-36x5.png 36w, https:\/\/shareguatemala.org\/wp-content\/uploads\/2022\/02\/objetivos-share-Guatemala-Prestamos-y-creditos-48x6.png 48w\" sizes=\"(max-width: 800px) 100vw, 800px\" \/>\t\t\t\t\t\t\t\t\t\t\t<\/div>\n\t\t\t\t<\/div>\n\t\t\t\t<\/div>\n\t\t\t\t<div class=\"elementor-element elementor-element-c193b16 elementor-align-center elementor-widget elementor-widget-button\" data-id=\"c193b16\" data-element_type=\"widget\" data-widget_type=\"button.default\">\n\t\t\t\t<div class=\"elementor-widget-container\">\n\t\t\t\t\t<div class=\"elementor-button-wrapper\">\n\t\t\t<a href=\"\/en\/share-agenda-al-2030\/\" class=\"elementor-button-link elementor-button elementor-size-md\" role=\"button\">\n\t\t\t\t\t\t<span class=\"elementor-button-content-wrapper\">\n\t\t\t\t\t\t<span class=\"elementor-button-text\">Learn More<\/span>\n\t\t<\/span>\n\t\t\t\t\t<\/a>\n\t\t<\/div>\n\t\t\t\t<\/div>\n\t\t\t\t<\/div>\n\t\t\t\t\t\t<\/div>\n\t\t\t<\/div>\n\t\t<\/div>\n\t\t\t\t\t\t<\/div>\n\t\t\t<\/div>\n\t\t<\/section>\n\t\t\t\t\t\t<\/div>\n\t\t\t<\/div>\n\t\t<\/div>","protected":false},"excerpt":{"rendered":"<p>Sala de prensa Y GALER\u00cdA Comunicados Certificaci\u00f3n Redcamif Certificaci\u00f3n Mix Certificaci\u00f3n Riesgo Microfinanza Rating Rating Social Microfinanza Rating SHARE VIDEOS https:\/\/www.youtube.com\/watch?v=XHOmBV4js_E Conozca sobre los esfuerzos de SHARE en la Agenda al 2030 para alcanzar los Objetivos de Desarrollo Sostenible Conozca m\u00e1s<\/p>","protected":false},"author":5,"featured_media":0,"parent":0,"menu_order":0,"comment_status":"closed","ping_status":"closed","template":"elementor_header_footer","meta":[],"_links":{"self":[{"href":"https:\/\/shareguatemala.org\/en\/wp-json\/wp\/v2\/pages\/1435"}],"collection":[{"href":"https:\/\/shareguatemala.org\/en\/wp-json\/wp\/v2\/pages"}],"about":[{"href":"https:\/\/shareguatemala.org\/en\/wp-json\/wp\/v2\/types\/page"}],"author":[{"embeddable":true,"href":"https:\/\/shareguatemala.org\/en\/wp-json\/wp\/v2\/users\/5"}],"replies":[{"embeddable":true,"href":"https:\/\/shareguatemala.org\/en\/wp-json\/wp\/v2\/comments?post=1435"}],"version-history":[{"count":2,"href":"https:\/\/shareguatemala.org\/en\/wp-json\/wp\/v2\/pages\/1435\/revisions"}],"predecessor-version":[{"id":1437,"href":"https:\/\/shareguatemala.org\/en\/wp-json\/wp\/v2\/pages\/1435\/revisions\/1437"}],"wp:attachment":[{"href":"https:\/\/shareguatemala.org\/en\/wp-json\/wp\/v2\/media?parent=1435"}],"curies":[{"name":"wp","href":"https:\/\/api.w.org\/{rel}","templated":true}]}}