{"id":175,"date":"2020-10-31T06:01:43","date_gmt":"2020-10-31T05:01:43","guid":{"rendered":"https:\/\/shareguatemala.org\/?page_id=175"},"modified":"2022-05-04T12:22:00","modified_gmt":"2022-05-04T18:22:00","slug":"otros-proyectos","status":"publish","type":"page","link":"https:\/\/shareguatemala.org\/en\/sobre-share-2\/otros-proyectos\/","title":{"rendered":"Otros proyectos y Programas"},"content":{"rendered":"<div data-elementor-type=\"wp-page\" data-elementor-id=\"175\" class=\"elementor elementor-175\" data-elementor-settings=\"[]\">\n\t\t\t<div class=\"elementor-inner\">\n\t\t\t\t<div class=\"elementor-section-wrap\">\n\t\t\t\t\t\t\t<section class=\"has_ae_slider elementor-element elementor-element-372ab68 elementor-section-boxed elementor-section-height-default elementor-section-height-default ae-bg-gallery-type-default elementor-section elementor-top-section\" data-id=\"372ab68\" data-element_type=\"section\" data-settings=\"{&quot;background_background&quot;:&quot;classic&quot;}\">\n\t\t\t\t\t\t<div class=\"elementor-container elementor-column-gap-default\">\n\t\t\t\t<div class=\"elementor-row\">\n\t\t\t\t<div class=\"has_ae_slider elementor-element elementor-element-1cfc4f6 ae-bg-gallery-type-default elementor-column elementor-col-100 elementor-top-column\" data-id=\"1cfc4f6\" data-element_type=\"column\">\n\t\t\t<div class=\"elementor-column-wrap  elementor-element-populated\">\n\t\t\t\t\t<div class=\"elementor-widget-wrap\">\n\t\t\t\t<div class=\"elementor-element elementor-element-d8de3b1 elementor-widget elementor-widget-text-editor\" data-id=\"d8de3b1\" data-element_type=\"widget\" data-widget_type=\"text-editor.default\">\n\t\t\t\t<div class=\"elementor-widget-container\">\n\t\t\t\t\t<div class=\"elementor-text-editor elementor-clearfix\"><h1><span style=\"color: #ce132c;\"><strong>Other<\/strong><\/span><\/h1><h1><strong><span style=\"color: #696969;\">PROJECTS<\/span><\/strong><\/h1><\/div>\n\t\t\t\t<\/div>\n\t\t\t\t<\/div>\n\t\t\t\t<div class=\"elementor-element elementor-element-b0b443c elementor-widget elementor-widget-text-editor\" data-id=\"b0b443c\" data-element_type=\"widget\" data-widget_type=\"text-editor.default\">\n\t\t\t\t<div class=\"elementor-widget-container\">\n\t\t\t\t\t<div class=\"elementor-text-editor elementor-clearfix\"><p><span style=\"font-weight: 400;\">SHARE carries out different activities within projects and programs. Their aim is to support its strategic vision by promoting sustainability and development using its own methodologies, systems for monitoring and evaluation, and high-performance personnel in each intervention.<\/span><\/p><\/div>\n\t\t\t\t<\/div>\n\t\t\t\t<\/div>\n\t\t\t\t<div class=\"elementor-element elementor-element-700bdbc elementor-widget elementor-widget-text-editor\" data-id=\"700bdbc\" data-element_type=\"widget\" data-widget_type=\"text-editor.default\">\n\t\t\t\t<div class=\"elementor-widget-container\">\n\t\t\t\t\t<div class=\"elementor-text-editor elementor-clearfix\"><h1><span style=\"color: #ce132c;\"><strong>Research and<\/strong><\/span><\/h1><h1><strong><span style=\"color: #696969;\">INNOVATION<\/span><\/strong><\/h1><\/div>\n\t\t\t\t<\/div>\n\t\t\t\t<\/div>\n\t\t\t\t<div class=\"elementor-element elementor-element-c2e11b8 elementor-widget elementor-widget-text-editor\" data-id=\"c2e11b8\" data-element_type=\"widget\" data-widget_type=\"text-editor.default\">\n\t\t\t\t<div class=\"elementor-widget-container\">\n\t\t\t\t\t<div class=\"elementor-text-editor elementor-clearfix\"><p><span style=\"font-weight: 400;\">In Guatemala, SHARE\u00a0leads the development of an innovation <\/span><b>laboratory that aimed to reduce maize post-harvest losses, which was sponsored<\/b><span style=\"font-weight: 400;\"> by USAID's Feed the Future and led by the Kansas State University. The same was leveraged in innovative thinking and allowed\nthe development of different strategies for capacity growth for more than 300 small farmers and their families, as well as the development of manuals for trainers with a gender approach, the adaptation of relevant\ntechnologies and the implementation of different strategies for the dissemination of information with a gender approach to local and national actors, accompanied by technical training for students from\ndifferent local universities (USAC, CUNOROC), government agricultural\nagents (MAGA, VIDER) resulting in more than 1,000 participants. More information on the<\/span><a href=\"\/en\/website.\/\"> <span style=\"font-weight: 400; color: #ffa4ab;\">DISASTER risk<\/span><\/a><\/p><\/div>\n\t\t\t\t<\/div>\n\t\t\t\t<\/div>\n\t\t\t\t<div class=\"elementor-element elementor-element-e37b93f elementor-widget elementor-widget-image\" data-id=\"e37b93f\" data-element_type=\"widget\" data-widget_type=\"image.default\">\n\t\t\t\t<div class=\"elementor-widget-container\">\n\t\t\t\t\t<div class=\"elementor-image\">\n\t\t\t\t\t\t\t\t\t\t<img width=\"800\" height=\"496\" src=\"https:\/\/shareguatemala.org\/wp-content\/uploads\/2022\/03\/credito-a-agricultores-guatemala-1024x635.png\" class=\"attachment-large size-large\" alt=\"\" loading=\"lazy\" srcset=\"https:\/\/shareguatemala.org\/wp-content\/uploads\/2022\/03\/credito-a-agricultores-guatemala-1024x635.png 1024w, https:\/\/shareguatemala.org\/wp-content\/uploads\/2022\/03\/credito-a-agricultores-guatemala-300x186.png 300w, https:\/\/shareguatemala.org\/wp-content\/uploads\/2022\/03\/credito-a-agricultores-guatemala-768x476.png 768w, https:\/\/shareguatemala.org\/wp-content\/uploads\/2022\/03\/credito-a-agricultores-guatemala-18x12.png 18w, https:\/\/shareguatemala.org\/wp-content\/uploads\/2022\/03\/credito-a-agricultores-guatemala-24x15.png 24w, https:\/\/shareguatemala.org\/wp-content\/uploads\/2022\/03\/credito-a-agricultores-guatemala-36x22.png 36w, https:\/\/shareguatemala.org\/wp-content\/uploads\/2022\/03\/credito-a-agricultores-guatemala-48x30.png 48w, https:\/\/shareguatemala.org\/wp-content\/uploads\/2022\/03\/credito-a-agricultores-guatemala.png 1505w\" sizes=\"(max-width: 800px) 100vw, 800px\" \/>\t\t\t\t\t\t\t\t\t\t\t<\/div>\n\t\t\t\t<\/div>\n\t\t\t\t<\/div>\n\t\t\t\t<div class=\"elementor-element elementor-element-869018b elementor-widget__width-initial elementor-widget elementor-widget-text-editor\" data-id=\"869018b\" data-element_type=\"widget\" data-widget_type=\"text-editor.default\">\n\t\t\t\t<div class=\"elementor-widget-container\">\n\t\t\t\t\t<div class=\"elementor-text-editor elementor-clearfix\"><p>Contact us to be able to Support the Education of Girls and Boys together<\/p><\/div>\n\t\t\t\t<\/div>\n\t\t\t\t<\/div>\n\t\t\t\t<div class=\"elementor-element elementor-element-9ed60f5 elementor-widget elementor-widget-divider\" data-id=\"9ed60f5\" data-element_type=\"widget\" data-widget_type=\"divider.default\">\n\t\t\t\t<div class=\"elementor-widget-container\">\n\t\t\t\t\t<div class=\"elementor-divider\">\n\t\t\t<span class=\"elementor-divider-separator\">\n\t\t\t\t\t\t<\/span>\n\t\t<\/div>\n\t\t\t\t<\/div>\n\t\t\t\t<\/div>\n\t\t\t\t<div class=\"elementor-element elementor-element-588bd85 elementor-widget elementor-widget-text-editor\" data-id=\"588bd85\" data-element_type=\"widget\" data-widget_type=\"text-editor.default\">\n\t\t\t\t<div class=\"elementor-widget-container\">\n\t\t\t\t\t<div class=\"elementor-text-editor elementor-clearfix\"><h1><span style=\"color: #ce132c;\"><b>Becas Escolares<\/b><\/span><\/h1><h1><strong><span style=\"color: #696969;\">PARA NI\u00d1AS Y NI\u00d1OS<\/span><\/strong><\/h1><\/div>\n\t\t\t\t<\/div>\n\t\t\t\t<\/div>\n\t\t\t\t<div class=\"elementor-element elementor-element-28febc4 elementor-widget elementor-widget-text-editor\" data-id=\"28febc4\" data-element_type=\"widget\" data-widget_type=\"text-editor.default\">\n\t\t\t\t<div class=\"elementor-widget-container\">\n\t\t\t\t\t<div class=\"elementor-text-editor elementor-clearfix\"><p><span style=\"font-weight: 400;\">SHARE continues to work on <\/span><b>Supporting Children's Education, <\/b><span style=\"font-weight: 400;\">improving access to elementary, middle and high school education, and strengthening the national system. During 2019 the work continued, with the great support of one of its most appreciated allies, the North American supermarket chain TARGET, achieving 360 full scholarships.<\/span><\/p><p><span style=\"font-weight: 400;\">During 2020, it continues its efforts and has given scholarships to more than 400 children in rural areas.<\/span><\/p><\/div>\n\t\t\t\t<\/div>\n\t\t\t\t<\/div>\n\t\t\t\t<div class=\"elementor-element elementor-element-9e7dd45 elementor-widget elementor-widget-image\" data-id=\"9e7dd45\" data-element_type=\"widget\" data-widget_type=\"image.default\">\n\t\t\t\t<div class=\"elementor-widget-container\">\n\t\t\t\t\t<div class=\"elementor-image\">\n\t\t\t\t\t\t\t\t\t\t<img width=\"800\" height=\"496\" src=\"https:\/\/shareguatemala.org\/wp-content\/uploads\/2022\/04\/becas-share-1024x635.png\" class=\"attachment-large size-large\" alt=\"\" loading=\"lazy\" srcset=\"https:\/\/shareguatemala.org\/wp-content\/uploads\/2022\/04\/becas-share-1024x635.png 1024w, https:\/\/shareguatemala.org\/wp-content\/uploads\/2022\/04\/becas-share-300x186.png 300w, https:\/\/shareguatemala.org\/wp-content\/uploads\/2022\/04\/becas-share-768x476.png 768w, https:\/\/shareguatemala.org\/wp-content\/uploads\/2022\/04\/becas-share-18x12.png 18w, https:\/\/shareguatemala.org\/wp-content\/uploads\/2022\/04\/becas-share-24x15.png 24w, https:\/\/shareguatemala.org\/wp-content\/uploads\/2022\/04\/becas-share-36x22.png 36w, https:\/\/shareguatemala.org\/wp-content\/uploads\/2022\/04\/becas-share-48x30.png 48w, https:\/\/shareguatemala.org\/wp-content\/uploads\/2022\/04\/becas-share.png 1505w\" sizes=\"(max-width: 800px) 100vw, 800px\" \/>\t\t\t\t\t\t\t\t\t\t\t<\/div>\n\t\t\t\t<\/div>\n\t\t\t\t<\/div>\n\t\t\t\t<div class=\"elementor-element elementor-element-7db5ec9 elementor-align-center elementor-widget elementor-widget-button\" data-id=\"7db5ec9\" data-element_type=\"widget\" data-widget_type=\"button.default\">\n\t\t\t\t<div class=\"elementor-widget-container\">\n\t\t\t\t\t<div class=\"elementor-button-wrapper\">\n\t\t\t<a href=\"https:\/\/shareguatemala.org\/en\/contactenos\/\" target=\"_blank\" class=\"elementor-button-link elementor-button elementor-size-md\" role=\"button\">\n\t\t\t\t\t\t<span class=\"elementor-button-content-wrapper\">\n\t\t\t\t\t\t<span class=\"elementor-button-text\">Contact us to support education.<\/span>\n\t\t<\/span>\n\t\t\t\t\t<\/a>\n\t\t<\/div>\n\t\t\t\t<\/div>\n\t\t\t\t<\/div>\n\t\t\t\t<div class=\"elementor-element elementor-element-4d43ff3 elementor-widget elementor-widget-divider\" data-id=\"4d43ff3\" data-element_type=\"widget\" data-widget_type=\"divider.default\">\n\t\t\t\t<div class=\"elementor-widget-container\">\n\t\t\t\t\t<div class=\"elementor-divider\">\n\t\t\t<span class=\"elementor-divider-separator\">\n\t\t\t\t\t\t<\/span>\n\t\t<\/div>\n\t\t\t\t<\/div>\n\t\t\t\t<\/div>\n\t\t\t\t<div class=\"elementor-element elementor-element-c0ba392 elementor-widget elementor-widget-text-editor\" data-id=\"c0ba392\" data-element_type=\"widget\" data-widget_type=\"text-editor.default\">\n\t\t\t\t<div class=\"elementor-widget-container\">\n\t\t\t\t\t<div class=\"elementor-text-editor elementor-clearfix\"><h1><span style=\"color: #ce132c;\"><b>DISASTER<\/b><\/span><\/h1><h1><strong><span style=\"color: #696969;\">prevention<\/span><\/strong><\/h1><\/div>\n\t\t\t\t<\/div>\n\t\t\t\t<\/div>\n\t\t\t\t<div class=\"elementor-element elementor-element-147b922 elementor-widget elementor-widget-text-editor\" data-id=\"147b922\" data-element_type=\"widget\" data-widget_type=\"text-editor.default\">\n\t\t\t\t<div class=\"elementor-widget-container\">\n\t\t\t\t\t<div class=\"elementor-text-editor elementor-clearfix\"><p><span style=\"font-weight: 400;\">It was achieved through the strengthening of local municipal capacities for risk management and the <\/span><b>project for the strengthening of municipal and community capacities for risk management and\ngender inclusion<\/b><span style=\"font-weight: 400;\"> carried out from 2014 to 2018 with the support of USAID OFDA and SE-CONRED, and it directly benefitted vulnerable populations in disadvantaged social contexts in the departments of Quetzaltenango, Retalhuleu, San Marcos, Escuintla, Sacatep\u00e9quez,\nChimaltenango, Guatemala, and Zacapa.<\/span><\/p><\/div>\n\t\t\t\t<\/div>\n\t\t\t\t<\/div>\n\t\t\t\t<div class=\"elementor-element elementor-element-ff0cb77 elementor-widget elementor-widget-image\" data-id=\"ff0cb77\" data-element_type=\"widget\" data-widget_type=\"image.default\">\n\t\t\t\t<div class=\"elementor-widget-container\">\n\t\t\t\t\t<div class=\"elementor-image\">\n\t\t\t\t\t\t\t\t\t\t<img width=\"800\" height=\"496\" src=\"https:\/\/shareguatemala.org\/wp-content\/uploads\/2022\/03\/creditos-en-Guatemala-1-1024x635-1.png\" class=\"attachment-large size-large\" alt=\"\" loading=\"lazy\" srcset=\"https:\/\/shareguatemala.org\/wp-content\/uploads\/2022\/03\/creditos-en-Guatemala-1-1024x635-1.png 1024w, https:\/\/shareguatemala.org\/wp-content\/uploads\/2022\/03\/creditos-en-Guatemala-1-1024x635-1-300x186.png 300w, https:\/\/shareguatemala.org\/wp-content\/uploads\/2022\/03\/creditos-en-Guatemala-1-1024x635-1-768x476.png 768w, https:\/\/shareguatemala.org\/wp-content\/uploads\/2022\/03\/creditos-en-Guatemala-1-1024x635-1-18x12.png 18w, https:\/\/shareguatemala.org\/wp-content\/uploads\/2022\/03\/creditos-en-Guatemala-1-1024x635-1-24x15.png 24w, https:\/\/shareguatemala.org\/wp-content\/uploads\/2022\/03\/creditos-en-Guatemala-1-1024x635-1-36x22.png 36w, https:\/\/shareguatemala.org\/wp-content\/uploads\/2022\/03\/creditos-en-Guatemala-1-1024x635-1-48x30.png 48w\" sizes=\"(max-width: 800px) 100vw, 800px\" \/>\t\t\t\t\t\t\t\t\t\t\t<\/div>\n\t\t\t\t<\/div>\n\t\t\t\t<\/div>\n\t\t\t\t<div class=\"elementor-element elementor-element-4a459ad elementor-widget elementor-widget-divider\" data-id=\"4a459ad\" data-element_type=\"widget\" data-widget_type=\"divider.default\">\n\t\t\t\t<div class=\"elementor-widget-container\">\n\t\t\t\t\t<div class=\"elementor-divider\">\n\t\t\t<span class=\"elementor-divider-separator\">\n\t\t\t\t\t\t<\/span>\n\t\t<\/div>\n\t\t\t\t<\/div>\n\t\t\t\t<\/div>\n\t\t\t\t<div class=\"elementor-element elementor-element-e2e226a elementor-widget elementor-widget-text-editor\" data-id=\"e2e226a\" data-element_type=\"widget\" data-widget_type=\"text-editor.default\">\n\t\t\t\t<div class=\"elementor-widget-container\">\n\t\t\t\t\t<div class=\"elementor-text-editor elementor-clearfix\"><h1><span style=\"color: #ce132c;\"><b>Rural<\/b><\/span><\/h1><h1><strong><span style=\"color: #696969;\">TOURISM<\/span><\/strong><\/h1><\/div>\n\t\t\t\t<\/div>\n\t\t\t\t<\/div>\n\t\t\t\t<div class=\"elementor-element elementor-element-fce65a8 elementor-widget elementor-widget-text-editor\" data-id=\"fce65a8\" data-element_type=\"widget\" data-widget_type=\"text-editor.default\">\n\t\t\t\t<div class=\"elementor-widget-container\">\n\t\t\t\t\t<div class=\"elementor-text-editor elementor-clearfix\"><span style=\"font-weight: 400;\">SHARE also promotes cultural exchange through impactful experiences between host communities and visitors in order to inspire them to change both their lives and their society by means of various activities\nand projects in Guatemala through\u00a0<\/span><a href=\"http:\/\/www.sharetoursguatemala.org\/\"> <span style=\"font-weight: 400; color:#ffa4ab;\">SHARE Tours<\/span><\/a><span style=\"font-weight: 400;\">.During 2019, 19 projects led by university students from different parts of the world were developed, thanks to alliances with universities from: Kansas State University, Emlyon University, University of Wisconsin Madison and Rafael Land\u00edvar University of Guatemala.<\/span><\/div>\n\t\t\t\t<\/div>\n\t\t\t\t<\/div>\n\t\t\t\t<div class=\"elementor-element elementor-element-ae6f28f elementor-widget elementor-widget-image\" data-id=\"ae6f28f\" data-element_type=\"widget\" data-widget_type=\"image.default\">\n\t\t\t\t<div class=\"elementor-widget-container\">\n\t\t\t\t\t<div class=\"elementor-image\">\n\t\t\t\t\t\t\t\t\t\t<img width=\"800\" height=\"496\" src=\"https:\/\/shareguatemala.org\/wp-content\/uploads\/2022\/03\/prestamos-en-Guatemala-1-1024x635-1.png\" class=\"attachment-large size-large\" alt=\"\" loading=\"lazy\" srcset=\"https:\/\/shareguatemala.org\/wp-content\/uploads\/2022\/03\/prestamos-en-Guatemala-1-1024x635-1.png 1024w, https:\/\/shareguatemala.org\/wp-content\/uploads\/2022\/03\/prestamos-en-Guatemala-1-1024x635-1-300x186.png 300w, https:\/\/shareguatemala.org\/wp-content\/uploads\/2022\/03\/prestamos-en-Guatemala-1-1024x635-1-768x476.png 768w, https:\/\/shareguatemala.org\/wp-content\/uploads\/2022\/03\/prestamos-en-Guatemala-1-1024x635-1-18x12.png 18w, https:\/\/shareguatemala.org\/wp-content\/uploads\/2022\/03\/prestamos-en-Guatemala-1-1024x635-1-24x15.png 24w, https:\/\/shareguatemala.org\/wp-content\/uploads\/2022\/03\/prestamos-en-Guatemala-1-1024x635-1-36x22.png 36w, https:\/\/shareguatemala.org\/wp-content\/uploads\/2022\/03\/prestamos-en-Guatemala-1-1024x635-1-48x30.png 48w\" sizes=\"(max-width: 800px) 100vw, 800px\" \/>\t\t\t\t\t\t\t\t\t\t\t<\/div>\n\t\t\t\t<\/div>\n\t\t\t\t<\/div>\n\t\t\t\t\t\t<\/div>\n\t\t\t<\/div>\n\t\t<\/div>\n\t\t\t\t\t\t<\/div>\n\t\t\t<\/div>\n\t\t<\/section>\n\t\t\t\t\t\t<\/div>\n\t\t\t<\/div>\n\t\t<\/div>","protected":false},"excerpt":{"rendered":"<p>Otros PROYECTOS SHARE lleva a cabo distintas actividades dentro de Proyectos y Programas que apoyan su visi\u00f3n estrat\u00e9gica, promoviendo la sostenibilidad y el desarrollo con metodolog\u00edas propias en cada intervenci\u00f3n, adem\u00e1s de fuertes sistemas de monitoreo y evaluaci\u00f3n, con personal de alto desempe\u00f1o. Investigaci\u00f3n e INNOVACI\u00d3N SHARE lidera el desarrollo en el pa\u00eds del Laboratorio [&hellip;]<\/p>","protected":false},"author":4,"featured_media":0,"parent":69,"menu_order":0,"comment_status":"closed","ping_status":"closed","template":"elementor_header_footer","meta":[],"_links":{"self":[{"href":"https:\/\/shareguatemala.org\/en\/wp-json\/wp\/v2\/pages\/175"}],"collection":[{"href":"https:\/\/shareguatemala.org\/en\/wp-json\/wp\/v2\/pages"}],"about":[{"href":"https:\/\/shareguatemala.org\/en\/wp-json\/wp\/v2\/types\/page"}],"author":[{"embeddable":true,"href":"https:\/\/shareguatemala.org\/en\/wp-json\/wp\/v2\/users\/4"}],"replies":[{"embeddable":true,"href":"https:\/\/shareguatemala.org\/en\/wp-json\/wp\/v2\/comments?post=175"}],"version-history":[{"count":33,"href":"https:\/\/shareguatemala.org\/en\/wp-json\/wp\/v2\/pages\/175\/revisions"}],"predecessor-version":[{"id":1361,"href":"https:\/\/shareguatemala.org\/en\/wp-json\/wp\/v2\/pages\/175\/revisions\/1361"}],"up":[{"embeddable":true,"href":"https:\/\/shareguatemala.org\/en\/wp-json\/wp\/v2\/pages\/69"}],"wp:attachment":[{"href":"https:\/\/shareguatemala.org\/en\/wp-json\/wp\/v2\/media?parent=175"}],"curies":[{"name":"wp","href":"https:\/\/api.w.org\/{rel}","templated":true}]}}