{"id":2493,"date":"2025-07-16T19:41:54","date_gmt":"2025-07-17T01:41:54","guid":{"rendered":"https:\/\/shareguatemala.org\/?page_id=2493"},"modified":"2025-07-25T05:54:23","modified_gmt":"2025-07-25T11:54:23","slug":"nuestra-historia-3","status":"publish","type":"page","link":"https:\/\/shareguatemala.org\/en\/nuestra-historia-3\/","title":{"rendered":"Innovaci\u00f3n"},"content":{"rendered":"<div data-elementor-type=\"wp-page\" data-elementor-id=\"2493\" class=\"elementor elementor-2493\" data-elementor-settings=\"[]\">\n\t\t\t<div class=\"elementor-inner\">\n\t\t\t\t<div class=\"elementor-section-wrap\">\n\t\t\t\t\t\t\t<section class=\"has_ae_slider elementor-element elementor-element-21abc31d elementor-section-boxed elementor-section-height-default elementor-section-height-default ae-bg-gallery-type-default elementor-section elementor-top-section\" data-id=\"21abc31d\" data-element_type=\"section\">\n\t\t\t\t\t\t<div class=\"elementor-container elementor-column-gap-default\">\n\t\t\t\t<div class=\"elementor-row\">\n\t\t\t\t<div class=\"has_ae_slider elementor-element elementor-element-6d9aad73 ae-bg-gallery-type-default elementor-column elementor-col-100 elementor-top-column\" data-id=\"6d9aad73\" data-element_type=\"column\">\n\t\t\t<div class=\"elementor-column-wrap\">\n\t\t\t\t\t<div class=\"elementor-widget-wrap\">\n\t\t\t\t\t\t<\/div>\n\t\t\t<\/div>\n\t\t<\/div>\n\t\t\t\t\t\t<\/div>\n\t\t\t<\/div>\n\t\t<\/section>\n\t\t\t\t<section class=\"has_ae_slider elementor-element elementor-element-a58111b elementor-section-full_width elementor-section-height-min-height elementor-section-height-default elementor-section-items-middle ae-bg-gallery-type-default elementor-section elementor-top-section\" data-id=\"a58111b\" data-element_type=\"section\">\n\t\t\t\t\t\t<div class=\"elementor-container elementor-column-gap-no\">\n\t\t\t\t<div class=\"elementor-row\">\n\t\t\t\t<div class=\"has_ae_slider elementor-element elementor-element-fea11f2 ae-bg-gallery-type-default elementor-column elementor-col-100 elementor-top-column\" data-id=\"fea11f2\" data-element_type=\"column\">\n\t\t\t<div class=\"elementor-column-wrap  elementor-element-populated\">\n\t\t\t\t\t<div class=\"elementor-widget-wrap\">\n\t\t\t\t<div class=\"elementor-element elementor-element-11cd1c7 elementor-widget elementor-widget-text-editor\" data-id=\"11cd1c7\" data-element_type=\"widget\" data-widget_type=\"text-editor.default\">\n\t\t\t\t<div class=\"elementor-widget-container\">\n\t\t\t\t\t<div class=\"elementor-text-editor elementor-clearfix\"><h1>\u00a0<\/h1><h1><strong><span style=\"color: #696969;\">Innovative projects<\/span><\/strong><\/h1><\/div>\n\t\t\t\t<\/div>\n\t\t\t\t<\/div>\n\t\t\t\t<div class=\"elementor-element elementor-element-06e60c9 elementor-widget elementor-widget-text-editor\" data-id=\"06e60c9\" data-element_type=\"widget\" data-widget_type=\"text-editor.default\">\n\t\t\t\t<div class=\"elementor-widget-container\">\n\t\t\t\t\t<div class=\"elementor-text-editor elementor-clearfix\"><\/div>\n\t\t\t\t<\/div>\n\t\t\t\t<\/div>\n\t\t\t\t<div class=\"elementor-element elementor-element-7df4620 elementor-widget elementor-widget-text-editor\" data-id=\"7df4620\" data-element_type=\"widget\" data-widget_type=\"text-editor.default\">\n\t\t\t\t<div class=\"elementor-widget-container\">\n\t\t\t\t\t<div class=\"elementor-text-editor elementor-clearfix\"><p style=\"text-align: justify;\"><span style=\"font-weight: 400;\">In Guatemala, SHARE\u00a0leads the development of an innovation <\/span><b>laboratory that aimed to reduce maize post-harvest losses, which was sponsored<\/b><span style=\"font-weight: 400;\"> by USAID's Feed the Future and led by the Kansas State University. The same was leveraged in innovative thinking and allowed\nthe development of different strategies for capacity growth for more than 300 small farmers and their families, as well as the development of manuals for trainers with a gender approach, the adaptation of relevant\ntechnologies and the implementation of different strategies for the dissemination of information with a gender approach to local and national actors, accompanied by technical training for students from\ndifferent local universities (USAC, CUNOROC), government agricultural\nagents (MAGA, VIDER) resulting in more than 1,000 participants. More information on the<\/span><a href=\"\/en\/website.\/\"> <span style=\"font-weight: 400; color: #ffa4ab;\">DISASTER risk<\/span><\/a><\/p><\/div>\n\t\t\t\t<\/div>\n\t\t\t\t<\/div>\n\t\t\t\t<div class=\"elementor-element elementor-element-7660ef9 elementor-widget elementor-widget-image\" data-id=\"7660ef9\" data-element_type=\"widget\" data-widget_type=\"image.default\">\n\t\t\t\t<div class=\"elementor-widget-container\">\n\t\t\t\t\t<div class=\"elementor-image\">\n\t\t\t\t\t\t\t\t\t\t<img width=\"800\" height=\"496\" src=\"https:\/\/shareguatemala.org\/wp-content\/uploads\/2022\/03\/credito-a-agricultores-guatemala-1024x635.png\" class=\"attachment-large size-large\" alt=\"\" loading=\"lazy\" srcset=\"https:\/\/shareguatemala.org\/wp-content\/uploads\/2022\/03\/credito-a-agricultores-guatemala-1024x635.png 1024w, https:\/\/shareguatemala.org\/wp-content\/uploads\/2022\/03\/credito-a-agricultores-guatemala-300x186.png 300w, https:\/\/shareguatemala.org\/wp-content\/uploads\/2022\/03\/credito-a-agricultores-guatemala-768x476.png 768w, https:\/\/shareguatemala.org\/wp-content\/uploads\/2022\/03\/credito-a-agricultores-guatemala-18x12.png 18w, https:\/\/shareguatemala.org\/wp-content\/uploads\/2022\/03\/credito-a-agricultores-guatemala-24x15.png 24w, https:\/\/shareguatemala.org\/wp-content\/uploads\/2022\/03\/credito-a-agricultores-guatemala-36x22.png 36w, https:\/\/shareguatemala.org\/wp-content\/uploads\/2022\/03\/credito-a-agricultores-guatemala-48x30.png 48w, https:\/\/shareguatemala.org\/wp-content\/uploads\/2022\/03\/credito-a-agricultores-guatemala.png 1505w\" sizes=\"(max-width: 800px) 100vw, 800px\" \/>\t\t\t\t\t\t\t\t\t\t\t<\/div>\n\t\t\t\t<\/div>\n\t\t\t\t<\/div>\n\t\t\t\t<div class=\"elementor-element elementor-element-63d5b39 elementor-widget elementor-widget-text-editor\" data-id=\"63d5b39\" data-element_type=\"widget\" data-widget_type=\"text-editor.default\">\n\t\t\t\t<div class=\"elementor-widget-container\">\n\t\t\t\t\t<div class=\"elementor-text-editor elementor-clearfix\"><h1><span style=\"color: #ce132c;\"><b>Rural<\/b><\/span><\/h1><h1><strong><span style=\"color: #696969;\">TOURISM<\/span><\/strong><\/h1><\/div>\n\t\t\t\t<\/div>\n\t\t\t\t<\/div>\n\t\t\t\t<div class=\"elementor-element elementor-element-81a6e88 elementor-widget elementor-widget-text-editor\" data-id=\"81a6e88\" data-element_type=\"widget\" data-widget_type=\"text-editor.default\">\n\t\t\t\t<div class=\"elementor-widget-container\">\n\t\t\t\t\t<div class=\"elementor-text-editor elementor-clearfix\"><p style=\"text-align: justify;\"><span style=\"font-weight: 400;\">SHARE also promotes cultural exchange through impactful experiences between host communities and visitors in order to inspire them to change both their lives and their society by means of various activities\nand projects in Guatemala through\u00a0<\/span><a href=\"http:\/\/www.sharetoursguatemala.org\/\"> <span style=\"font-weight: 400; color: #ffa4ab;\">SHARE Tours<\/span><\/a>\u00a0.19 projects led by university students from different parts of the world were developed, thanks to alliances with universities from: Kansas State University, Emlyon University, University of Wisconsin Madison and Rafael Land\u00edvar University of Guatemala.<\/p><\/div>\n\t\t\t\t<\/div>\n\t\t\t\t<\/div>\n\t\t\t\t<div class=\"elementor-element elementor-element-b61c1eb elementor-widget elementor-widget-image\" data-id=\"b61c1eb\" data-element_type=\"widget\" data-widget_type=\"image.default\">\n\t\t\t\t<div class=\"elementor-widget-container\">\n\t\t\t\t\t<div class=\"elementor-image\">\n\t\t\t\t\t\t\t\t\t\t<img width=\"800\" height=\"496\" src=\"https:\/\/shareguatemala.org\/wp-content\/uploads\/2022\/03\/prestamos-en-Guatemala-1-1024x635-1.png\" class=\"attachment-large size-large\" alt=\"\" loading=\"lazy\" srcset=\"https:\/\/shareguatemala.org\/wp-content\/uploads\/2022\/03\/prestamos-en-Guatemala-1-1024x635-1.png 1024w, https:\/\/shareguatemala.org\/wp-content\/uploads\/2022\/03\/prestamos-en-Guatemala-1-1024x635-1-300x186.png 300w, https:\/\/shareguatemala.org\/wp-content\/uploads\/2022\/03\/prestamos-en-Guatemala-1-1024x635-1-768x476.png 768w, https:\/\/shareguatemala.org\/wp-content\/uploads\/2022\/03\/prestamos-en-Guatemala-1-1024x635-1-18x12.png 18w, https:\/\/shareguatemala.org\/wp-content\/uploads\/2022\/03\/prestamos-en-Guatemala-1-1024x635-1-24x15.png 24w, https:\/\/shareguatemala.org\/wp-content\/uploads\/2022\/03\/prestamos-en-Guatemala-1-1024x635-1-36x22.png 36w, https:\/\/shareguatemala.org\/wp-content\/uploads\/2022\/03\/prestamos-en-Guatemala-1-1024x635-1-48x30.png 48w\" sizes=\"(max-width: 800px) 100vw, 800px\" \/>\t\t\t\t\t\t\t\t\t\t\t<\/div>\n\t\t\t\t<\/div>\n\t\t\t\t<\/div>\n\t\t\t\t<div class=\"elementor-element elementor-element-1f173a9 elementor-widget elementor-widget-text-editor\" data-id=\"1f173a9\" data-element_type=\"widget\" data-widget_type=\"text-editor.default\">\n\t\t\t\t<div class=\"elementor-widget-container\">\n\t\t\t\t\t<div class=\"elementor-text-editor elementor-clearfix\"><h1><span style=\"color: #ce132c;\"><b>DISASTER<\/b><\/span><\/h1><h1><strong><span style=\"color: #696969;\">prevention<\/span><\/strong><\/h1><\/div>\n\t\t\t\t<\/div>\n\t\t\t\t<\/div>\n\t\t\t\t<div class=\"elementor-element elementor-element-ad1e8d1 elementor-widget elementor-widget-image\" data-id=\"ad1e8d1\" data-element_type=\"widget\" data-widget_type=\"image.default\">\n\t\t\t\t<div class=\"elementor-widget-container\">\n\t\t\t\t\t<div class=\"elementor-image\">\n\t\t\t\t\t\t\t\t\t\t<img width=\"800\" height=\"496\" src=\"https:\/\/shareguatemala.org\/wp-content\/uploads\/2022\/03\/creditos-en-Guatemala-1-1024x635-1.png\" class=\"attachment-large size-large\" alt=\"\" loading=\"lazy\" srcset=\"https:\/\/shareguatemala.org\/wp-content\/uploads\/2022\/03\/creditos-en-Guatemala-1-1024x635-1.png 1024w, https:\/\/shareguatemala.org\/wp-content\/uploads\/2022\/03\/creditos-en-Guatemala-1-1024x635-1-300x186.png 300w, https:\/\/shareguatemala.org\/wp-content\/uploads\/2022\/03\/creditos-en-Guatemala-1-1024x635-1-768x476.png 768w, https:\/\/shareguatemala.org\/wp-content\/uploads\/2022\/03\/creditos-en-Guatemala-1-1024x635-1-18x12.png 18w, https:\/\/shareguatemala.org\/wp-content\/uploads\/2022\/03\/creditos-en-Guatemala-1-1024x635-1-24x15.png 24w, https:\/\/shareguatemala.org\/wp-content\/uploads\/2022\/03\/creditos-en-Guatemala-1-1024x635-1-36x22.png 36w, https:\/\/shareguatemala.org\/wp-content\/uploads\/2022\/03\/creditos-en-Guatemala-1-1024x635-1-48x30.png 48w\" sizes=\"(max-width: 800px) 100vw, 800px\" \/>\t\t\t\t\t\t\t\t\t\t\t<\/div>\n\t\t\t\t<\/div>\n\t\t\t\t<\/div>\n\t\t\t\t<div class=\"elementor-element elementor-element-449361a elementor-widget elementor-widget-text-editor\" data-id=\"449361a\" data-element_type=\"widget\" data-widget_type=\"text-editor.default\">\n\t\t\t\t<div class=\"elementor-widget-container\">\n\t\t\t\t\t<div class=\"elementor-text-editor elementor-clearfix\"><p style=\"text-align: justify;\"><span style=\"font-weight: 400;\">It was achieved through the strengthening of local municipal capacities for risk management and the <\/span><b>project for the strengthening of municipal and community capacities for risk management and\ngender inclusion<\/b><span style=\"font-weight: 400;\"> carried out from 2014 to 2018 with the support of USAID OFDA and SE-CONRED, and it directly benefitted vulnerable populations in disadvantaged social contexts in the departments of Quetzaltenango, Retalhuleu, San Marcos, Escuintla, Sacatep\u00e9quez,\nChimaltenango, Guatemala, and Zacapa.<\/span><\/p><\/div>\n\t\t\t\t<\/div>\n\t\t\t\t<\/div>\n\t\t\t\t\t\t<\/div>\n\t\t\t<\/div>\n\t\t<\/div>\n\t\t\t\t\t\t<\/div>\n\t\t\t<\/div>\n\t\t<\/section>\n\t\t\t\t\t\t<\/div>\n\t\t\t<\/div>\n\t\t<\/div>","protected":false},"excerpt":{"rendered":"<p>\u00a0 PROYECTOS DE INNOVACI\u00d3N SHARE lidera el desarrollo en el pa\u00eds del Laboratorio de innovaci\u00f3n para la reducci\u00f3n de p\u00e9rdidas post cosecha de ma\u00edz de Feed the Future de USAID, liderada por la Universidad Estatal de Kansas, apalancando del pensamiento innovador y que permitieron el desarrollo de diferentes estrategias de desarrollo de capacidades en m\u00e1s [&hellip;]<\/p>","protected":false},"author":5,"featured_media":0,"parent":0,"menu_order":0,"comment_status":"closed","ping_status":"closed","template":"elementor_header_footer","meta":[],"_links":{"self":[{"href":"https:\/\/shareguatemala.org\/en\/wp-json\/wp\/v2\/pages\/2493"}],"collection":[{"href":"https:\/\/shareguatemala.org\/en\/wp-json\/wp\/v2\/pages"}],"about":[{"href":"https:\/\/shareguatemala.org\/en\/wp-json\/wp\/v2\/types\/page"}],"author":[{"embeddable":true,"href":"https:\/\/shareguatemala.org\/en\/wp-json\/wp\/v2\/users\/5"}],"replies":[{"embeddable":true,"href":"https:\/\/shareguatemala.org\/en\/wp-json\/wp\/v2\/comments?post=2493"}],"version-history":[{"count":17,"href":"https:\/\/shareguatemala.org\/en\/wp-json\/wp\/v2\/pages\/2493\/revisions"}],"predecessor-version":[{"id":2568,"href":"https:\/\/shareguatemala.org\/en\/wp-json\/wp\/v2\/pages\/2493\/revisions\/2568"}],"wp:attachment":[{"href":"https:\/\/shareguatemala.org\/en\/wp-json\/wp\/v2\/media?parent=2493"}],"curies":[{"name":"wp","href":"https:\/\/api.w.org\/{rel}","templated":true}]}}