{"id":280,"date":"2020-11-18T16:18:13","date_gmt":"2020-11-18T15:18:13","guid":{"rendered":"https:\/\/shareguatemala.org\/?page_id=280"},"modified":"2025-07-11T21:29:33","modified_gmt":"2025-07-12T03:29:33","slug":"actualidad","status":"publish","type":"page","link":"https:\/\/shareguatemala.org\/en\/sobre-share-2\/actualidad\/","title":{"rendered":"Latest News"},"content":{"rendered":"<div data-elementor-type=\"wp-page\" data-elementor-id=\"280\" class=\"elementor elementor-280\" data-elementor-settings=\"[]\">\n\t\t\t<div class=\"elementor-inner\">\n\t\t\t\t<div class=\"elementor-section-wrap\">\n\t\t\t\t\t\t\t<section class=\"has_ae_slider elementor-element elementor-element-444627a elementor-section-stretched elementor-section-full_width elementor-section-height-default elementor-section-height-default ae-bg-gallery-type-default elementor-section elementor-top-section\" data-id=\"444627a\" data-element_type=\"section\" data-settings=\"{&quot;stretch_section&quot;:&quot;section-stretched&quot;}\">\n\t\t\t\t\t\t<div class=\"elementor-container elementor-column-gap-default\">\n\t\t\t\t<div class=\"elementor-row\">\n\t\t\t\t<div class=\"has_ae_slider elementor-element elementor-element-7e6b0b7 ae-bg-gallery-type-default elementor-column elementor-col-100 elementor-top-column\" data-id=\"7e6b0b7\" data-element_type=\"column\">\n\t\t\t<div class=\"elementor-column-wrap  elementor-element-populated\">\n\t\t\t\t\t<div class=\"elementor-widget-wrap\">\n\t\t\t\t<div class=\"elementor-element elementor-element-fe02ed8 elementor-widget elementor-widget-image\" data-id=\"fe02ed8\" data-element_type=\"widget\" data-widget_type=\"image.default\">\n\t\t\t\t<div class=\"elementor-widget-container\">\n\t\t\t\t\t<div class=\"elementor-image\">\n\t\t\t\t\t\t\t\t\t\t<img src=\"https:\/\/shareguatemala.org\/wp-content\/uploads\/2025\/07\/prestamos-en-guate-hoy-.png\" title=\"prestamos-en-guate-hoy-\" alt=\"prestamos-en-guate-hoy-\" \/>\t\t\t\t\t\t\t\t\t\t\t<\/div>\n\t\t\t\t<\/div>\n\t\t\t\t<\/div>\n\t\t\t\t\t\t<\/div>\n\t\t\t<\/div>\n\t\t<\/div>\n\t\t\t\t\t\t<\/div>\n\t\t\t<\/div>\n\t\t<\/section>\n\t\t\t\t<section class=\"has_ae_slider elementor-element elementor-element-89ae3e8 elementor-section-boxed elementor-section-height-default elementor-section-height-default ae-bg-gallery-type-default elementor-section elementor-top-section\" data-id=\"89ae3e8\" data-element_type=\"section\" data-settings=\"{&quot;background_background&quot;:&quot;classic&quot;}\">\n\t\t\t\t\t\t<div class=\"elementor-container elementor-column-gap-default\">\n\t\t\t\t<div class=\"elementor-row\">\n\t\t\t\t<div class=\"has_ae_slider elementor-element elementor-element-0acbe26 ae-bg-gallery-type-default elementor-column elementor-col-100 elementor-top-column\" data-id=\"0acbe26\" data-element_type=\"column\">\n\t\t\t<div class=\"elementor-column-wrap  elementor-element-populated\">\n\t\t\t\t\t<div class=\"elementor-widget-wrap\">\n\t\t\t\t<div class=\"elementor-element elementor-element-40aa5e5 elementor-widget elementor-widget-text-editor\" data-id=\"40aa5e5\" data-element_type=\"widget\" data-widget_type=\"text-editor.default\">\n\t\t\t\t<div class=\"elementor-widget-container\">\n\t\t\t\t\t<div class=\"elementor-text-editor elementor-clearfix\"><h1 style=\"text-align: center;\"><strong><span style=\"color: #ce132c;\">Latest News<\/span><\/strong><\/h1><p>\u00a0<\/p><\/div>\n\t\t\t\t<\/div>\n\t\t\t\t<\/div>\n\t\t\t\t<div class=\"elementor-element elementor-element-cd34f2c elementor-widget elementor-widget-text-editor\" data-id=\"cd34f2c\" data-element_type=\"widget\" data-widget_type=\"text-editor.default\">\n\t\t\t\t<div class=\"elementor-widget-container\">\n\t\t\t\t\t<div class=\"elementor-text-editor elementor-clearfix\"><h1 style=\"text-align: center;\"><strong><span style=\"color: #ce132c;\">Present\u00a0<\/span><\/strong><\/h1><h1><span style=\"color: #696969;\"><b>\u00a0 \u00a0 \u00a0 \u00a0Formation of Integral Savings and Credit Cooperative, SHARE, RL.<\/b><\/span><\/h1><\/div>\n\t\t\t\t<\/div>\n\t\t\t\t<\/div>\n\t\t\t\t<div class=\"elementor-element elementor-element-7cc606a elementor-widget__width-initial elementor-widget-mobile__width-inherit elementor-widget elementor-widget-text-editor\" data-id=\"7cc606a\" data-element_type=\"widget\" data-widget_type=\"text-editor.default\">\n\t\t\t\t<div class=\"elementor-widget-container\">\n\t\t\t\t\t<div class=\"elementor-text-editor elementor-clearfix\"><p><span style=\"font-weight: 400;\">From the outset, the SHARE association has been a dynamic organization that constantly changes and adapts to the prevailing\nsituations in the country in order to fulfill the most crucial needs of social and economic development in Guatemala. This work has been carried out with a perspective that offers appropriate investment returns\npursuant to the risk acquired, and a greater social impact in comparison to standard investments in the financial industry. The 2017 \u2013 2021 Strategic Plan proposed the creation of an organization in charge of the\nfinancial actions developed by the SHARE association, so, SHARE R.L., a comprehensive cooperative savings association, was created with the purpose of expanding its services and reaching more people in order to\ndelve into the market and work towards greater financial inclusion.<\/span><\/p><\/div>\n\t\t\t\t<\/div>\n\t\t\t\t<\/div>\n\t\t\t\t<div class=\"elementor-element elementor-element-3c1adcf elementor-align-center elementor-widget elementor-widget-button\" data-id=\"3c1adcf\" data-element_type=\"widget\" data-widget_type=\"button.default\">\n\t\t\t\t<div class=\"elementor-widget-container\">\n\t\t\t\t\t<div class=\"elementor-button-wrapper\">\n\t\t\t<a href=\"https:\/\/shareguatemala.org\/en\/share-en-linea\/\" class=\"elementor-button-link elementor-button elementor-size-md\" role=\"button\">\n\t\t\t\t\t\t<span class=\"elementor-button-content-wrapper\">\n\t\t\t\t\t\t<span class=\"elementor-button-text\">Learn More<\/span>\n\t\t<\/span>\n\t\t\t\t\t<\/a>\n\t\t<\/div>\n\t\t\t\t<\/div>\n\t\t\t\t<\/div>\n\t\t\t\t<div class=\"elementor-element elementor-element-41ae154 elementor-widget elementor-widget-text-editor\" data-id=\"41ae154\" data-element_type=\"widget\" data-widget_type=\"text-editor.default\">\n\t\t\t\t<div class=\"elementor-widget-container\">\n\t\t\t\t\t<div class=\"elementor-text-editor elementor-clearfix\"><h1><strong><span style=\"color: #ce132c;\">Credits and Savings<\/span><\/strong><\/h1><h1><span style=\"color: #696969;\"><b>that Change Lives<\/b><\/span><\/h1><\/div>\n\t\t\t\t<\/div>\n\t\t\t\t<\/div>\n\t\t\t\t<section class=\"has_ae_slider elementor-element elementor-element-737588d elementor-section-boxed elementor-section-height-default elementor-section-height-default ae-bg-gallery-type-default elementor-section elementor-inner-section\" data-id=\"737588d\" data-element_type=\"section\">\n\t\t\t\t\t\t<div class=\"elementor-container elementor-column-gap-default\">\n\t\t\t\t<div class=\"elementor-row\">\n\t\t\t\t<div class=\"has_ae_slider elementor-element elementor-element-24509c8 ae-bg-gallery-type-default elementor-column elementor-col-50 elementor-inner-column\" data-id=\"24509c8\" data-element_type=\"column\">\n\t\t\t<div class=\"elementor-column-wrap  elementor-element-populated\">\n\t\t\t\t\t<div class=\"elementor-widget-wrap\">\n\t\t\t\t<div class=\"elementor-element elementor-element-be621fd elementor-widget elementor-widget-text-editor\" data-id=\"be621fd\" data-element_type=\"widget\" data-widget_type=\"text-editor.default\">\n\t\t\t\t<div class=\"elementor-widget-container\">\n\t\t\t\t\t<div class=\"elementor-text-editor elementor-clearfix\"><p>SHARE believes in people potential and the contribution that we can make to the country as citizens through the success of individual\nventures and the improvement of the living conditions of its clients and their families. For this, it offers comprehensive, responsible, and timely loans to more than 22,000 women and 13,000 men in Guatemala.<\/p><\/div>\n\t\t\t\t<\/div>\n\t\t\t\t<\/div>\n\t\t\t\t\t\t<\/div>\n\t\t\t<\/div>\n\t\t<\/div>\n\t\t\t\t<div class=\"has_ae_slider elementor-element elementor-element-71972bd ae-bg-gallery-type-default elementor-column elementor-col-50 elementor-inner-column\" data-id=\"71972bd\" data-element_type=\"column\">\n\t\t\t<div class=\"elementor-column-wrap  elementor-element-populated\">\n\t\t\t\t\t<div class=\"elementor-widget-wrap\">\n\t\t\t\t<div class=\"elementor-element elementor-element-348fcbf elementor-widget elementor-widget-text-editor\" data-id=\"348fcbf\" data-element_type=\"widget\" data-widget_type=\"text-editor.default\">\n\t\t\t\t<div class=\"elementor-widget-container\">\n\t\t\t\t\t<div class=\"elementor-text-editor elementor-clearfix\"><p>Its clients are mainly farmers and small-business owners that have access to microfinance products created specifically for their investment needs. The organization has a 1.73% PAR 30 for this line of investment,\nexceeding the average in industry. It also contributes with significant efforts to support rural economic growth by reaching 77% of its portfolio (26,000 clients) that reside in rural areas of 9 departments of the country\nand that are cared for through our 28 branches.<\/p><\/div>\n\t\t\t\t<\/div>\n\t\t\t\t<\/div>\n\t\t\t\t\t\t<\/div>\n\t\t\t<\/div>\n\t\t<\/div>\n\t\t\t\t\t\t<\/div>\n\t\t\t<\/div>\n\t\t<\/section>\n\t\t\t\t<div class=\"elementor-element elementor-element-8960a4f elementor-widget elementor-widget-text-editor\" data-id=\"8960a4f\" data-element_type=\"widget\" data-widget_type=\"text-editor.default\">\n\t\t\t\t<div class=\"elementor-widget-container\">\n\t\t\t\t\t<div class=\"elementor-text-editor elementor-clearfix\"><h1><strong><span style=\"color: #ce132c;\">Support<\/span><\/strong><\/h1><h1><span style=\"color: #696969;\"><b>to Education<\/b><\/span><\/h1><\/div>\n\t\t\t\t<\/div>\n\t\t\t\t<\/div>\n\t\t\t\t<div class=\"elementor-element elementor-element-e13019f elementor-widget elementor-widget-text-editor\" data-id=\"e13019f\" data-element_type=\"widget\" data-widget_type=\"text-editor.default\">\n\t\t\t\t<div class=\"elementor-widget-container\">\n\t\t\t\t\t<div class=\"elementor-text-editor elementor-clearfix\"><p>SHARE continues working to\u00a0 <strong>\u00a0Support the Education of Children and Youth<\/strong>, improving access to primary, secondary and diversified education and\nstrengthening the national system thanks to its experience with Education\nSupport Programs. \u200b<br \/>\u200b<br \/>Over the years, SHARE has had significant allies that have contributed towards carrying out this important task. The North American supermarket chain TARGET stands out among these institutions.\u200b\u200b\u200b<\/p><\/div>\n\t\t\t\t<\/div>\n\t\t\t\t<\/div>\n\t\t\t\t<div class=\"elementor-element elementor-element-2091dfd elementor-invisible elementor-widget elementor-widget-image\" data-id=\"2091dfd\" data-element_type=\"widget\" data-settings=\"{&quot;_animation&quot;:&quot;none&quot;}\" data-widget_type=\"image.default\">\n\t\t\t\t<div class=\"elementor-widget-container\">\n\t\t\t\t\t<div class=\"elementor-image\">\n\t\t\t\t\t\t\t\t\t\t<img width=\"1070\" height=\"921\" src=\"https:\/\/shareguatemala.org\/wp-content\/uploads\/2025\/07\/entrega-de-becas-guatemala.jpg\" class=\"attachment-full size-full\" alt=\"\" loading=\"lazy\" srcset=\"https:\/\/shareguatemala.org\/wp-content\/uploads\/2025\/07\/entrega-de-becas-guatemala.jpg 1070w, https:\/\/shareguatemala.org\/wp-content\/uploads\/2025\/07\/entrega-de-becas-guatemala-300x258.jpg 300w, https:\/\/shareguatemala.org\/wp-content\/uploads\/2025\/07\/entrega-de-becas-guatemala-1024x881.jpg 1024w, https:\/\/shareguatemala.org\/wp-content\/uploads\/2025\/07\/entrega-de-becas-guatemala-768x661.jpg 768w, https:\/\/shareguatemala.org\/wp-content\/uploads\/2025\/07\/entrega-de-becas-guatemala-14x12.jpg 14w, https:\/\/shareguatemala.org\/wp-content\/uploads\/2025\/07\/entrega-de-becas-guatemala-24x21.jpg 24w, https:\/\/shareguatemala.org\/wp-content\/uploads\/2025\/07\/entrega-de-becas-guatemala-36x31.jpg 36w, https:\/\/shareguatemala.org\/wp-content\/uploads\/2025\/07\/entrega-de-becas-guatemala-48x41.jpg 48w\" sizes=\"(max-width: 1070px) 100vw, 1070px\" \/>\t\t\t\t\t\t\t\t\t\t\t<\/div>\n\t\t\t\t<\/div>\n\t\t\t\t<\/div>\n\t\t\t\t\t\t<\/div>\n\t\t\t<\/div>\n\t\t<\/div>\n\t\t\t\t\t\t<\/div>\n\t\t\t<\/div>\n\t\t<\/section>\n\t\t\t\t\t\t<\/div>\n\t\t\t<\/div>\n\t\t<\/div>","protected":false},"excerpt":{"rendered":"<p>Actualidad \u00a0 Conformaci\u00f3n de\u00a0 \u00a0 \u00a0 \u00a0 \u00a0Cooperativa Integral de Ahorro y Cr\u00e9dito, SHARE, R.L. Desde su fundaci\u00f3n Asociaci\u00f3n SHARE ha sido una organizaci\u00f3n din\u00e1mica en constante cambio y adaptaci\u00f3n a las situaciones prevalecientes en el pa\u00eds y para atender las necesidades m\u00e1s cr\u00edticas de desarrollo social y econ\u00f3mico en Guatemala. Este trabajo lo hace [&hellip;]<\/p>","protected":false},"author":4,"featured_media":0,"parent":69,"menu_order":0,"comment_status":"closed","ping_status":"closed","template":"elementor_header_footer","meta":[],"_links":{"self":[{"href":"https:\/\/shareguatemala.org\/en\/wp-json\/wp\/v2\/pages\/280"}],"collection":[{"href":"https:\/\/shareguatemala.org\/en\/wp-json\/wp\/v2\/pages"}],"about":[{"href":"https:\/\/shareguatemala.org\/en\/wp-json\/wp\/v2\/types\/page"}],"author":[{"embeddable":true,"href":"https:\/\/shareguatemala.org\/en\/wp-json\/wp\/v2\/users\/4"}],"replies":[{"embeddable":true,"href":"https:\/\/shareguatemala.org\/en\/wp-json\/wp\/v2\/comments?post=280"}],"version-history":[{"count":54,"href":"https:\/\/shareguatemala.org\/en\/wp-json\/wp\/v2\/pages\/280\/revisions"}],"predecessor-version":[{"id":2324,"href":"https:\/\/shareguatemala.org\/en\/wp-json\/wp\/v2\/pages\/280\/revisions\/2324"}],"up":[{"embeddable":true,"href":"https:\/\/shareguatemala.org\/en\/wp-json\/wp\/v2\/pages\/69"}],"wp:attachment":[{"href":"https:\/\/shareguatemala.org\/en\/wp-json\/wp\/v2\/media?parent=280"}],"curies":[{"name":"wp","href":"https:\/\/api.w.org\/{rel}","templated":true}]}}