{"id":377,"date":"2020-11-19T17:22:18","date_gmt":"2020-11-19T16:22:18","guid":{"rendered":"https:\/\/shareguatemala.org\/?page_id=377"},"modified":"2024-01-18T19:52:23","modified_gmt":"2024-01-19T01:52:23","slug":"share-agenda-al-2030","status":"publish","type":"page","link":"https:\/\/shareguatemala.org\/en\/sala-de-prensa\/share-agenda-al-2030\/","title":{"rendered":"SHARE Agenda 2030"},"content":{"rendered":"<div data-elementor-type=\"wp-page\" data-elementor-id=\"377\" class=\"elementor elementor-377\" data-elementor-settings=\"[]\">\n\t\t\t<div class=\"elementor-inner\">\n\t\t\t\t<div class=\"elementor-section-wrap\">\n\t\t\t\t\t\t\t<section class=\"has_ae_slider elementor-element elementor-element-b30016f elementor-section-boxed elementor-section-height-default elementor-section-height-default ae-bg-gallery-type-default elementor-section elementor-top-section\" data-id=\"b30016f\" data-element_type=\"section\" data-settings=\"{&quot;background_background&quot;:&quot;classic&quot;}\">\n\t\t\t\t\t\t\t<div class=\"elementor-background-overlay\"><\/div>\n\t\t\t\t\t\t\t<div class=\"elementor-container elementor-column-gap-default\">\n\t\t\t\t<div class=\"elementor-row\">\n\t\t\t\t<div class=\"has_ae_slider elementor-element elementor-element-8d3d466 ae-bg-gallery-type-default elementor-column elementor-col-100 elementor-top-column\" data-id=\"8d3d466\" data-element_type=\"column\">\n\t\t\t<div class=\"elementor-column-wrap  elementor-element-populated\">\n\t\t\t\t\t<div class=\"elementor-widget-wrap\">\n\t\t\t\t<div class=\"elementor-element elementor-element-23cbd3e elementor-widget elementor-widget-heading\" data-id=\"23cbd3e\" data-element_type=\"widget\" data-widget_type=\"heading.default\">\n\t\t\t\t<div class=\"elementor-widget-container\">\n\t\t\t<h2 class=\"elementor-heading-title elementor-size-default\">SHARE and the 2030 Agenda to achieve the SDGs<\/h2>\t\t<\/div>\n\t\t\t\t<\/div>\n\t\t\t\t<section class=\"has_ae_slider elementor-element elementor-element-d171ef5 text-borde elementor-section-boxed elementor-section-height-default elementor-section-height-default ae-bg-gallery-type-default elementor-section elementor-inner-section\" data-id=\"d171ef5\" data-element_type=\"section\">\n\t\t\t\t\t\t<div class=\"elementor-container elementor-column-gap-default\">\n\t\t\t\t<div class=\"elementor-row\">\n\t\t\t\t<div class=\"has_ae_slider elementor-element elementor-element-ecf010a ae-bg-gallery-type-default elementor-column elementor-col-50 elementor-inner-column\" data-id=\"ecf010a\" data-element_type=\"column\">\n\t\t\t<div class=\"elementor-column-wrap  elementor-element-populated\">\n\t\t\t\t\t<div class=\"elementor-widget-wrap\">\n\t\t\t\t<div class=\"elementor-element elementor-element-8106ba5 elementor-widget elementor-widget-text-editor\" data-id=\"8106ba5\" data-element_type=\"widget\" data-widget_type=\"text-editor.default\">\n\t\t\t\t<div class=\"elementor-widget-container\">\n\t\t\t\t\t<div class=\"elementor-text-editor elementor-clearfix\"><p><span style=\"font-weight: 400;\">SHARE's dream country embodies the commitment to incorporate and align the efforts made by the organization with the Sustainable Development Goals established by the United Nations in 2015, ensuring impact aimed towards achieving a better and more sustainable future for all.<\/span><\/p><p><span style=\"font-weight: 400;\">In this line, SHARE promotes different actions in Guatemala; a brief look at these actions can be seen below:<\/span><\/p><\/div>\n\t\t\t\t<\/div>\n\t\t\t\t<\/div>\n\t\t\t\t\t\t<\/div>\n\t\t\t<\/div>\n\t\t<\/div>\n\t\t\t\t<div class=\"has_ae_slider elementor-element elementor-element-fac4b21 ae-bg-gallery-type-default elementor-column elementor-col-50 elementor-inner-column\" data-id=\"fac4b21\" data-element_type=\"column\">\n\t\t\t<div class=\"elementor-column-wrap  elementor-element-populated\">\n\t\t\t\t\t<div class=\"elementor-widget-wrap\">\n\t\t\t\t<div class=\"elementor-element elementor-element-50f9965 elementor-widget elementor-widget-image\" data-id=\"50f9965\" data-element_type=\"widget\" data-widget_type=\"image.default\">\n\t\t\t\t<div class=\"elementor-widget-container\">\n\t\t\t\t\t<div class=\"elementor-image\">\n\t\t\t\t\t\t\t\t\t\t<img width=\"800\" height=\"105\" src=\"https:\/\/shareguatemala.org\/wp-content\/uploads\/2022\/02\/objetivos-share-Guatemala-Prestamos-y-creditos.png\" class=\"attachment-large size-large\" alt=\"\" loading=\"lazy\" srcset=\"https:\/\/shareguatemala.org\/wp-content\/uploads\/2022\/02\/objetivos-share-Guatemala-Prestamos-y-creditos.png 1024w, https:\/\/shareguatemala.org\/wp-content\/uploads\/2022\/02\/objetivos-share-Guatemala-Prestamos-y-creditos-300x39.png 300w, https:\/\/shareguatemala.org\/wp-content\/uploads\/2022\/02\/objetivos-share-Guatemala-Prestamos-y-creditos-768x101.png 768w, https:\/\/shareguatemala.org\/wp-content\/uploads\/2022\/02\/objetivos-share-Guatemala-Prestamos-y-creditos-18x2.png 18w, https:\/\/shareguatemala.org\/wp-content\/uploads\/2022\/02\/objetivos-share-Guatemala-Prestamos-y-creditos-24x3.png 24w, https:\/\/shareguatemala.org\/wp-content\/uploads\/2022\/02\/objetivos-share-Guatemala-Prestamos-y-creditos-36x5.png 36w, https:\/\/shareguatemala.org\/wp-content\/uploads\/2022\/02\/objetivos-share-Guatemala-Prestamos-y-creditos-48x6.png 48w\" sizes=\"(max-width: 800px) 100vw, 800px\" \/>\t\t\t\t\t\t\t\t\t\t\t<\/div>\n\t\t\t\t<\/div>\n\t\t\t\t<\/div>\n\t\t\t\t<div class=\"elementor-element elementor-element-586374c elementor-widget elementor-widget-image\" data-id=\"586374c\" data-element_type=\"widget\" data-widget_type=\"image.default\">\n\t\t\t\t<div class=\"elementor-widget-container\">\n\t\t\t\t\t<div class=\"elementor-image\">\n\t\t\t\t\t\t\t\t\t\t<img width=\"445\" height=\"133\" src=\"https:\/\/shareguatemala.org\/wp-content\/uploads\/2020\/10\/share.png\" class=\"attachment-large size-large\" alt=\"\" loading=\"lazy\" srcset=\"https:\/\/shareguatemala.org\/wp-content\/uploads\/2020\/10\/share.png 445w, https:\/\/shareguatemala.org\/wp-content\/uploads\/2020\/10\/share-300x90.png 300w\" sizes=\"(max-width: 445px) 100vw, 445px\" \/>\t\t\t\t\t\t\t\t\t\t\t<\/div>\n\t\t\t\t<\/div>\n\t\t\t\t<\/div>\n\t\t\t\t\t\t<\/div>\n\t\t\t<\/div>\n\t\t<\/div>\n\t\t\t\t\t\t<\/div>\n\t\t\t<\/div>\n\t\t<\/section>\n\t\t\t\t<div class=\"elementor-element elementor-element-4566d58 elementor-cta--skin-cover elementor-cta--valign-top elementor-animated-content elementor-widget elementor-widget-call-to-action\" data-id=\"4566d58\" data-element_type=\"widget\" data-widget_type=\"call-to-action.default\">\n\t\t\t\t<div class=\"elementor-widget-container\">\n\t\t\t\t\t<a href=\"https:\/\/shareguatemala.org\/wp-content\/uploads\/2020\/11\/SHARE-y-la-Agenda-al-2030-de-los-ODS-1-1.pdf\" target=\"_blank\" class=\"elementor-cta\">\n\t\t\t\t\t<div class=\"elementor-cta__bg-wrapper\">\n\t\t\t\t<div class=\"elementor-cta__bg elementor-bg\" style=\"background-image: url(https:\/\/shareguatemala.org\/wp-content\/uploads\/2022\/02\/SHARE-y-la-Agenda-al-2030-prestamos.png);\"><\/div>\n\t\t\t\t<div class=\"elementor-cta__bg-overlay\"><\/div>\n\t\t\t<\/div>\n\t\t\t\t\t\t\t<div class=\"elementor-cta__content\">\n\t\t\t\t\n\t\t\t\t\n\t\t\t\t\n\t\t\t\t\t\t\t\t\t<div class=\"elementor-cta__button-wrapper elementor-cta__content-item elementor-content-item elementor-animated-item--grow\">\n\t\t\t\t\t<span class=\"elementor-cta__button elementor-button elementor-size-lg\">\n\t\t\t\t\t\tLearn more\t\t\t\t\t<\/span>\n\t\t\t\t\t<\/div>\n\t\t\t\t\t\t\t<\/div>\n\t\t\t\t\t\t<\/a>\n\t\t\t\t<\/div>\n\t\t\t\t<\/div>\n\t\t\t\t\t\t<\/div>\n\t\t\t<\/div>\n\t\t<\/div>\n\t\t\t\t\t\t<\/div>\n\t\t\t<\/div>\n\t\t<\/section>\n\t\t\t\t\t\t<\/div>\n\t\t\t<\/div>\n\t\t<\/div>","protected":false},"excerpt":{"rendered":"<p>SHARE y la Agenda al 2030 para alcanzar los ODS El sue\u00f1o de pa\u00eds de SHARE, plasma el compromiso de incorporar y alinear los esfuerzos que realiza la organizaci\u00f3n con los Objetivos de Desarrollo Sostenible establecidos por Naciones Unidas en 2015, asegurando el impacto dirigido a para alcanzar un mejor y m\u00e1s sostenible futuro para [&hellip;]<\/p>","protected":false},"author":4,"featured_media":0,"parent":125,"menu_order":0,"comment_status":"closed","ping_status":"closed","template":"elementor_header_footer","meta":[],"_links":{"self":[{"href":"https:\/\/shareguatemala.org\/en\/wp-json\/wp\/v2\/pages\/377"}],"collection":[{"href":"https:\/\/shareguatemala.org\/en\/wp-json\/wp\/v2\/pages"}],"about":[{"href":"https:\/\/shareguatemala.org\/en\/wp-json\/wp\/v2\/types\/page"}],"author":[{"embeddable":true,"href":"https:\/\/shareguatemala.org\/en\/wp-json\/wp\/v2\/users\/4"}],"replies":[{"embeddable":true,"href":"https:\/\/shareguatemala.org\/en\/wp-json\/wp\/v2\/comments?post=377"}],"version-history":[{"count":18,"href":"https:\/\/shareguatemala.org\/en\/wp-json\/wp\/v2\/pages\/377\/revisions"}],"predecessor-version":[{"id":2107,"href":"https:\/\/shareguatemala.org\/en\/wp-json\/wp\/v2\/pages\/377\/revisions\/2107"}],"up":[{"embeddable":true,"href":"https:\/\/shareguatemala.org\/en\/wp-json\/wp\/v2\/pages\/125"}],"wp:attachment":[{"href":"https:\/\/shareguatemala.org\/en\/wp-json\/wp\/v2\/media?parent=377"}],"curies":[{"name":"wp","href":"https:\/\/api.w.org\/{rel}","templated":true}]}}