{"id":730,"date":"2020-11-25T14:26:45","date_gmt":"2020-11-25T13:26:45","guid":{"rendered":"https:\/\/shareguatemala.org\/?page_id=730"},"modified":"2020-11-25T14:33:54","modified_gmt":"2020-11-25T13:33:54","slug":"terminos-y-condiciones-de-uso-de-sitio-web","status":"publish","type":"page","link":"https:\/\/shareguatemala.org\/en\/terminos-y-condiciones-de-uso-de-sitio-web\/","title":{"rendered":"Terms and Conditions of Website Use"},"content":{"rendered":"<div data-elementor-type=\"wp-page\" data-elementor-id=\"730\" class=\"elementor elementor-730\" data-elementor-settings=\"[]\">\n\t\t\t<div class=\"elementor-inner\">\n\t\t\t\t<div class=\"elementor-section-wrap\">\n\t\t\t\t\t\t\t<section class=\"has_ae_slider elementor-element elementor-element-89c77d0 elementor-section-boxed elementor-section-height-default elementor-section-height-default ae-bg-gallery-type-default elementor-section elementor-top-section\" data-id=\"89c77d0\" data-element_type=\"section\">\n\t\t\t\t\t\t<div class=\"elementor-container elementor-column-gap-default\">\n\t\t\t\t<div class=\"elementor-row\">\n\t\t\t\t<div class=\"has_ae_slider elementor-element elementor-element-1dedbce ae-bg-gallery-type-default elementor-column elementor-col-100 elementor-top-column\" data-id=\"1dedbce\" data-element_type=\"column\">\n\t\t\t<div class=\"elementor-column-wrap  elementor-element-populated\">\n\t\t\t\t\t<div class=\"elementor-widget-wrap\">\n\t\t\t\t<div class=\"elementor-element elementor-element-73d58f6 elementor-widget elementor-widget-heading\" data-id=\"73d58f6\" data-element_type=\"widget\" data-widget_type=\"heading.default\">\n\t\t\t\t<div class=\"elementor-widget-container\">\n\t\t\t<h2 class=\"elementor-heading-title elementor-size-default\">Terms and Conditions of Website Use<\/h2>\t\t<\/div>\n\t\t\t\t<\/div>\n\t\t\t\t\t\t<\/div>\n\t\t\t<\/div>\n\t\t<\/div>\n\t\t\t\t\t\t<\/div>\n\t\t\t<\/div>\n\t\t<\/section>\n\t\t\t\t<section class=\"has_ae_slider elementor-element elementor-element-5e55fda elementor-section-boxed elementor-section-height-default elementor-section-height-default ae-bg-gallery-type-default elementor-section elementor-top-section\" data-id=\"5e55fda\" data-element_type=\"section\">\n\t\t\t\t\t\t<div class=\"elementor-container elementor-column-gap-default\">\n\t\t\t\t<div class=\"elementor-row\">\n\t\t\t\t<div class=\"has_ae_slider elementor-element elementor-element-ac1d2b9 ae-bg-gallery-type-default elementor-column elementor-col-100 elementor-top-column\" data-id=\"ac1d2b9\" data-element_type=\"column\">\n\t\t\t<div class=\"elementor-column-wrap  elementor-element-populated\">\n\t\t\t\t\t<div class=\"elementor-widget-wrap\">\n\t\t\t\t<div class=\"elementor-element elementor-element-1d87bc9 elementor-widget elementor-widget-heading\" data-id=\"1d87bc9\" data-element_type=\"widget\" data-widget_type=\"heading.default\">\n\t\t\t\t<div class=\"elementor-widget-container\">\n\t\t\t<h2 class=\"elementor-heading-title elementor-size-default\">Terms and Conditions of Website Use<\/h2>\t\t<\/div>\n\t\t\t\t<\/div>\n\t\t\t\t\t\t<\/div>\n\t\t\t<\/div>\n\t\t<\/div>\n\t\t\t\t\t\t<\/div>\n\t\t\t<\/div>\n\t\t<\/section>\n\t\t\t\t<section class=\"has_ae_slider elementor-element elementor-element-0d8d990 elementor-section-boxed elementor-section-height-default elementor-section-height-default ae-bg-gallery-type-default elementor-section elementor-top-section\" data-id=\"0d8d990\" data-element_type=\"section\">\n\t\t\t\t\t\t<div class=\"elementor-container elementor-column-gap-default\">\n\t\t\t\t<div class=\"elementor-row\">\n\t\t\t\t<div class=\"has_ae_slider elementor-element elementor-element-6bdf1d0 ae-bg-gallery-type-default elementor-column elementor-col-100 elementor-top-column\" data-id=\"6bdf1d0\" data-element_type=\"column\">\n\t\t\t<div class=\"elementor-column-wrap  elementor-element-populated\">\n\t\t\t\t\t<div class=\"elementor-widget-wrap\">\n\t\t\t\t<div class=\"elementor-element elementor-element-926feb0 elementor-widget elementor-widget-text-editor\" data-id=\"926feb0\" data-element_type=\"widget\" data-widget_type=\"text-editor.default\">\n\t\t\t\t<div class=\"elementor-widget-container\">\n\t\t\t\t\t<div class=\"elementor-text-editor elementor-clearfix\"><p>T\u00e9rminos y condiciones de uso de sitio web<\/p>\n<p><strong>1. ACEPTACI\u00d3N&nbsp;<\/strong><br>En el presente documento (en adelante, el \u201cContrato\u201d) se establecen los t\u00e9rminos y condiciones que ser\u00e1n de aplicaci\u00f3n al acceso y uso por parte del Usuario de esta p\u00e1gina web (el &nbsp;\u201cSitio Web\u201d). Les rogamos lean atentamente el presente Contrato.&nbsp;<br>Al acceder, consultar o utilizar el Sitio Web, los Usuarios (\u201cVd.\u201d, \u201custed\u201d, \u201cUsuario\u201d, o \u201cusuario\u201d) aceptan cumplir los t\u00e9rminos y condiciones establecidos en este Contrato. En caso de que usted no acepte quedar vinculado por los presentes t\u00e9rminos y condiciones, no podr\u00e1 acceder a, ni utilizar, el Sitio Web.&nbsp;<br>SHARE&nbsp;se reservan el derecho de actualizar el presente Contrato siempre que lo consideren oportuno. En consecuencia, recomendamos al Usuario revisar peri\u00f3dicamente las modificaciones efectuadas al Contrato.<br>El presente Sitio Web est\u00e1 dirigido exclusivamente a personas residentes en Guatemala. Los Usuarios residentes o domiciliados en otro pa\u00eds que deseen acceder y utilizar el Sitio Web, lo har\u00e1n bajo su propio riesgo y responsabilidad, por lo que deber\u00e1n asegurarse de que dichos accesos y\/o usos cumplen con la legislaci\u00f3n aplicable en su pa\u00eds.<\/p>\n<p><strong>2. REQUISITOS RELATIVOS AL USUARIO<\/strong><br>El Sitio Web y los servicios relacionados con el mismo se ofrecen a los Usuarios que tengan capacidad legal para otorgar contratos legalmente vinculantes seg\u00fan la legislaci\u00f3n aplicable.&nbsp;<br>Los menores no est\u00e1n autorizados para utilizar el Sitio Web. Si usted es menor de edad, por favor, no utilice esta web.&nbsp;<\/p>\n<p><strong>3. LICENCIA&nbsp;<\/strong><br>En este acto, SHARE&nbsp;otorga al Usuario una licencia limitada, no exclusiva, intransferible, no susceptible de cesi\u00f3n y revocable; para consultar y descargar, de forma temporal, una copia del contenido ofrecido en el Sitio Web, \u00fanicamente para uso personal del Usuario o dentro de su empresa, y nunca con fines comerciales.&nbsp;<br>Todo el material mostrado u ofrecido en el Sitio Web, entre otros ejemplos, el material gr\u00e1fico, los documentos, textos, im\u00e1genes, sonido, video, audio, las ilustraciones, el software y el c\u00f3digo HTML (en conjunto, el \u201cContenido\u201d), es de &nbsp;exclusiva propiedad de SHARE&nbsp;o de las empresas que facilitan dicho material.&nbsp;<br>El Contenido est\u00e1 protegido por las leyes de copyright chilenas, estadounidenses e internacionales, as\u00ed como por las dem\u00e1s leyes, reglamentos y normas aplicables a los derechos de propiedad intelectual. Salvo disposici\u00f3n expresa en contrario en el presente contrato, y\/o salvo que por imperativo legal ello est\u00e9 expresamente permitido por leyes derogatorias de las actualmente vigentes, el Usuario no podr\u00e1 (i) utilizar, copiar, modificar, mostrar, eliminar, distribuir, descargar, almacenar, reproducir, transmitir, publicar, vender, revender, adaptar, invertir el proceso de creaci\u00f3n o crear productos derivados a partir de, el Contenido. Tampoco podr\u00e1 (ii) utilizar el Contenido en otras p\u00e1ginas Web o en cualquier medio de comunicaci\u00f3n como, por ejemplo, en un entorno de red, sin la previa autorizaci\u00f3n por escrito en este sentido de SHARE.<br>Todas las marcas comerciales, las marcas de servicio y los logos (en adelante, las \u201cMarcas\u201d) mostrados en el Sitio Web son propiedad exclusiva de SHARE&nbsp;y de sus respectivos propietarios.&nbsp;<br>El Usuario no podr\u00e1 utilizar las Marcas en modo alguno sin la previa autorizaci\u00f3n por escrito para ello de SHARE&nbsp;y los respectivos propietarios.<\/p>\n<p><strong>4. INFORMACI\u00d3N FACILITADA POR EL USUARIO&nbsp;<\/strong><br>El Sitio Web ofrece al Usuario un foro de obtenci\u00f3n de empleo e informaci\u00f3n profesional. Al facilitar o introducir la informaci\u00f3n en el Sitio Web (\u201cInformaci\u00f3n del Usuario\u201d), el Usuario otorga a SHARE&nbsp;licencia y derecho permanente, no exclusivo, irrevocable, libre de royalties, durante el tiempo m\u00e1ximo permitido por la legislaci\u00f3n aplicable, pero no le impone obligaci\u00f3n de, utilizar, copiar, modificar, mostrar, distribuir, descargar, almacenar, reproducir, transmitir, publicar, vender, revender, adaptar ni crear productos derivados &nbsp;en todo o en parte a partir de, la Informaci\u00f3n del Usuario, en ning\u00fan modo o manera. El Usuario reconoce y acepta que SHARE&nbsp;es solamente un foro pasivo a trav\u00e9s del cual los usuarios pueden conseguir empleo o informarse a nivel profesional. SHARE&nbsp;no comprueba ni controla la Informaci\u00f3n del Usuario. En consecuencia, SHARE&nbsp;no asume garant\u00eda alguna en cuanto a la fiabilidad, precisi\u00f3n, integridad, validez o veracidad de la Informaci\u00f3n remitida por los usuarios.&nbsp;<br>SHARE&nbsp;se reserva el derecho de, a su libre JUICIO, eliminar, retirar, negarse a reflejar o bloquear toda Informaci\u00f3n del Usuario que SHARE&nbsp;considere como inaceptable. En caso de que SHARE&nbsp;reciba alguna notificaci\u00f3n sobre la inaceptabilidad de determinada informaci\u00f3n facilitada por los usuarios, SHARE&nbsp;podr\u00e1, con total discrecionalidad, investigar dicha informaci\u00f3n.<br>El Usuario asume y acepta que SHARE&nbsp;podr\u00e1 conservar copia de la Informaci\u00f3n del Usuario, y revelar dicha informaci\u00f3n a terceros si lo considera necesario para:<br>(i) proteger la integridad del Sitio Web;<br>(ii) proteger los derechos de SHARE;<br>(iii) cumplir una orden judicial;<br>(iv) cumplir cualquier tr\u00e1mite legal;<br>(v) hacer valer los derechos y acciones que asisten a SHARE&nbsp;a tenor de este Contrato; y<br>(vi) satisfacer cualquier petici\u00f3n relativa a la infracci\u00f3n de derechos de terceros.<\/p>\n<p><strong>5. PROHIBICI\u00d3N GENERAL&nbsp;<\/strong><br>Al acceder a y utilizar el Sitio Web, el Usuario se compromete a NO:<br>(a) incumplir todas las leyes, reglamentos y normas aplicables a nivel local, estatal, provincial, nacional (Guatemala), as\u00ed como cualquier otra legislaci\u00f3n aplicable como las leyes contra la discriminaci\u00f3n laboral o las leyes por la igualdad de oportunidades en el empleo, cuando proceda;<br>(b) infringir los derechos de propiedad intelectual y de privacidad, entre otros, los derechos de patente (copyright), los derechos sobre la base de datos, las marcas registradas o el know how de terceros;<br>(c) descargar, enviar, transmitir o almacenar material que:<br>\u2022&nbsp;&nbsp; &nbsp;sea ilegal, ofensivo, difamatorio, fraudulento, enga\u00f1oso, que induzca a error, da\u00f1ino, amenazador, hostil, obsceno o censurable;<br>\u2022&nbsp;&nbsp; &nbsp;infrinja las obligaciones contractuales o de confidencialidad del Usuario;<br>\u2022&nbsp;&nbsp; &nbsp;perjudique o interfiera en las aplicaciones normales del Sitio Web, como el env\u00edo o la transmisi\u00f3n de virus, gusanos o troyanos, el env\u00edo continuado de material repetido o el env\u00edo de archivos desacostumbradamente grandes; o<br>\u2022&nbsp;&nbsp; &nbsp;que no est\u00e9 permitido por SHARE, como, por ejemplo, material publicitario no autorizado, material promocional no solicitado, \u201ccorreo basura\u201d, \u201cspams\u201d, \u201ccartas en cadena\u201d, mensajes de venta directa piramidal, franquicias, material de distribuci\u00f3n, de asociaci\u00f3n a un club, contratos de venta o cualquier otro material inaceptable;<br>(d) vulnerar los derechos personales y de privacidad de terceros abusando del Contenido, como, por ejemplo, acosando o molestando continuadamente a dichas personas envi\u00e1ndoles correos electr\u00f3nicos no solicitados, o recabando informaci\u00f3n de car\u00e1cter personal;<br>(e) contravenir, o intentar contravenir, las medidas de seguridad del Sitio Web;<br>(f) utilizar cualquier aparato, procedimiento o mecanismo como, por ejemplo, spiders y robots de rastreo, para localizar, rescatar, buscar, o acceder al Sitio Web o al Contenido, sin el previo consentimiento por escrito de parte de SHARE;<br>(g) acceder o intentar acceder a la cuenta o al login de las terceras personas o empresas indicadas en el Sitio Web;<br>(h) copiar, modificar, reproducir, eliminar, distribuir, descargar, almacenar, transmitir, vender, revender, publicar, invertir el proceso de creaci\u00f3n o crear productos derivados a partir del Contenido, excepto en lo que concierne al material remitido por el propio Usuario y que es de su propiedad, o si as\u00ed lo autorizan las leyes de propiedad intelectual aplicables;<br>(i) enviar o facilitar informaci\u00f3n incorrecta, falsa o incompleta, en relaci\u00f3n con el curr\u00edculum vitae, los datos biogr\u00e1ficos, la fecha en que empez\u00f3 a trabajar o el perfil de la empresa del Usuario;<br>(j) hacerse pasar por otra persona o empresa;<br>(k) utilizar el Sitio Web de forma no autorizada o para alguna actividad delictiva;<br>(l) falsificar la informaci\u00f3n de cabecera en el correo electr\u00f3nico; o<br>(m) falsear los datos sobre s\u00ed mismo, sobre su asociaci\u00f3n con terceros o sobre su empresa.<\/p>\n<p><strong>6. UTILIZACI\u00d3N DEL SITIO Y OBLIGACIONES CONCRETAS&nbsp;<\/strong><br>Adem\u00e1s de las obligaciones generales se\u00f1aladas en el Art\u00edculo 5, el Usuario deber\u00e1:<br>(a) utilizar el Sitio Web \u00fanicamente para los fines legalmente permitidos de buscar empleo y recabar informaci\u00f3n profesional;<br>(b) facilitar y mantener los datos personales que conforman la Informaci\u00f3n del Usuario de forma completa, correcta, actualizada y veraz;<br>(c) enviar solamente material sobre el que el Usuario tenga los correspondientes derechos o licencia para hacerlo;<br>(d) utilizar su propio criterio, precauci\u00f3n y sentido com\u00fan al gestionar las oportunidades de empleo y la informaci\u00f3n &nbsp;conseguida a trav\u00e9s del Sitio Web; y<br>(e) asumir el riesgo de confiar en el contenido, o utilizar la informaci\u00f3n, facilitados por terceros.<\/p>\n<p><strong>7. CUENTA Y CONTRASE\u00d1A&nbsp;<\/strong><br>Cuando el Usuario utiliza el Sitio Web, puede optar por abrir una cuenta en el Sitio. En ese caso, el Usuario recibir\u00e1 el n\u00famero de cuenta virtual y la contrase\u00f1a inicial que le correspondan. Es responsabilidad exclusiva del Usuario:<br>(a) mantener la confidencialidad de dichos n\u00fameros de cuenta virtual y contrase\u00f1a;<br>(b) actualizar y comprobar frecuentemente su contrase\u00f1a; y<br>(c) notificar inmediatamente a SHARE, si tiene conocimiento del uso no autorizado de su cuenta o de cualquier vulneraci\u00f3n de las medidas de seguridad.<\/p>\n<p><strong>8. EMPLEO&nbsp;<\/strong><br>El Usuario asume y acepta que SHARE:<br>(a) no garantiza que el Usuario reciba efectivamente una oferta de empleo a trav\u00e9s del Sitio Web;<br>(b) no se responsabiliza de las ofertas de empleo, la comprobaci\u00f3n de dichas ofertas, las decisiones sobre contrataci\u00f3n que adopten y los trabajos que oferten terceras personas o empresas;<br>(c) no garantiza la exactitud, integridad, validez o vigencia de la informaci\u00f3n incluida en la Web por terceras personas o empresas;<br>(d) aunque SHARE&nbsp;revisa el material de terceros y solamente permite la inclusi\u00f3n del material que, a su leal saber y entender, no infringe la legislaci\u00f3n aplicable, no asumir\u00e1 responsabilidad alguna por el material enviado por terceros, como, por ejemplo, la informaci\u00f3n relativa a la creaci\u00f3n de puestos de trabajo en una empresa o la incluida en las listas de empleo; y<br>(e) no es ni una empresa que contrata al Usuario ni existe contrato de agencia alguno. El Usuario deber\u00e1 usar su buen juicio, precauci\u00f3n y sentido com\u00fan a la hora de evaluar las empresas que puedan contratarle y la informaci\u00f3n facilitada por terceros.<\/p>\n<p><strong>9. V\u00cdNCULOS A P\u00c1GINAS WEB DE TERCEROS<\/strong><br>El Sitio Web puede tener v\u00ednculos, como hiperv\u00ednculos o enlaces, que indican el acceso a p\u00e1ginas Web de terceros (los \u201cSitios Relacionados\u201d). Aunque SHARE&nbsp;revisa el material de terceros y solamente permite la inclusi\u00f3n de los Sitios Relacionados que, a su leal saber y entender, no infringen la legislaci\u00f3n aplicable, SHARE&nbsp;no puede controlar ni realizar un seguimiento de los Sitios Relacionados y, en consecuencia, no asumir\u00e1 responsabilidad alguna en cuanto a la exactitud, seguridad o fiabilidad del material, informaci\u00f3n o contenido incluido en dichos Sitios Relacionados.&nbsp;<br>La inclusi\u00f3n de los Sitios Relacionados en el Sitio Web no implica que haya relaci\u00f3n o asociaci\u00f3n alguna entre SHARE&nbsp;y el propietario de los Sitios Relacionados, ni la aprobaci\u00f3n o promoci\u00f3n por parte de SHARE&nbsp;de dichos Sitios Relacionados. SHARE&nbsp;incluye los Sitios Relacionados solamente para comodidad del Usuario. Este es el \u00fanico responsable del acceso a los Sitios Relacionados.&nbsp;<br>El Usuario deber\u00e1 utilizar su propio buen criterio, precauci\u00f3n y sentido com\u00fan a la hora desusar los Sitios Relacionados y, para ello, le recomendamos revisar el condicionado de uso y los t\u00e9rminos que sobre privacidad rigen en dichos Sitios Relacionados. SHARE&nbsp;se reserva el derecho de eliminar de su Sitio Web todos los Sitios Relacionados de los que tenga conocimiento real que est\u00e1n infringiendo derechos de terceros y\/o cuyo contenido vulnere la legislaci\u00f3n aplicable, o si as\u00ed se lo exige una orden judicial o una ordenanza administrativa.<br>Los v\u00ednculos a nuestra p\u00e1gina Web no est\u00e1n permitidos sin la expresa autorizaci\u00f3n, previa y por escrito, de SHARE. El Usuario no podr\u00e1, ni solo ni en colaboraci\u00f3n con otras personas, ampliar, modificar, sustituir, enmendar o limitar, en todo o en parte, la informaci\u00f3n ofrecida en nuestra p\u00e1gina Web ni las aplicaciones funcionales de la misma. Adem\u00e1s, el Usuario no podr\u00e1, ni solo ni en colaboraci\u00f3n con otras personas, crear o instalar v\u00ednculos desde su propia p\u00e1gina Web o desde webs de terceros, a la presente p\u00e1gina Web (ya sea mediante v\u00ednculos de hipertexto, deep-linking, enmarcado, mediante c\u00f3digos o de otra forma), ni en todo ni en parte, sin el previo consentimiento por escrito en este sentido de parte de SHARE.<\/p>\n<p><strong>10. PRIVACIDAD&nbsp;<\/strong><br>SHARE&nbsp;procesar\u00e1 toda la informaci\u00f3n personal que el Usuario introduzca o facilite a trav\u00e9s de nuestro Sitio Web de conformidad con la Pol\u00edtica de<br>&gt; Privacidad del Sitio Web y los t\u00e9rminos y condiciones relativos a la misma en este contrato.<\/p>\n<p><strong>11. COOKIES<\/strong><\/p>\n<p><strong>\u00bfQu\u00e9 son las cookies?<\/strong><\/p>\n<p>En este sitio web utilizamos cookies. Las cookies son archivos de texto que contienen peque\u00f1as cantidades de informaci\u00f3n, que se descargan en su computadora o dispositivo m\u00f3vil cuando usted visita una p\u00e1gina&nbsp; web. A cada nueva visita a la misma p\u00e1gina, los datos almacenados son recuperados por el servidor de origen. Son \u00fatiles porque permiten que un sitio web reconozca el equipo del usuario.<\/p>\n<p>Las cookies no pueden transmitir virus y tampoco da\u00f1an su computadora.<\/p>\n<p><strong>\u00bfQu\u00e9 cookies utilizamos?<\/strong><\/p>\n<p><strong>a. Cookies estrictamente necesarias:<\/strong><\/p>\n<p>Son las cookies necesarias para&nbsp; el correcto funcionamiento del sitio web y no se pueden borrarlas de nuestros servidores. Son generalmente activadas en respuesta a la solicitud de acciones&nbsp; tales como definici\u00f3n de sus preferencias de privacidad, acceso (login)&nbsp; o relleno de formularios. Usted puede configurar su navegador para bloquearlas o notificarle sobre ellas, pero algunos de los servicios disponibles en el sitio pueden dejar de estar operativos. Estas cookies no almacenan ninguna clase de informaci\u00f3n personal.<\/p>\n<p><strong>b. Cookies de&nbsp;<em>Remarketing<\/em>&nbsp;y seguimiento<\/strong><\/p>\n<p>En nuestro sitio web utilizamos cookies de seguimiento proporcionadas por DoubleClick. Las usamos para mejorar nuestra publicidad y ofrecerle contenido relevante, perfeccionar los informes sobre el rendimiento de campa\u00f1a, as\u00ed como evitar que se muestren anuncios que usted&nbsp; ya ha visto.<\/p>\n<p>Las cookies de DoubleClick contienen la direcci\u00f3n IP pero no otra informaci\u00f3n personal. A veces la cookie contiene un identificador adicional que se asemeja al ID de cookie. Este identificador se utiliza para detectar una campa\u00f1a a cual un usuario fue expuesto anteriormente; pero ninguna otra informaci\u00f3n personal se almacena por DoubleClick en la cookie.<\/p>\n<p>Se recoge las siguientes informaciones: el navegador y el sistema operativo que usted utiliza, el ancho de banda que se est\u00e1 usando, la hora del d\u00eda en que se acepta la cookie, el sitio web que est\u00e1 de visita cuando se acepta&nbsp; la cookie, as\u00ed como su direcci\u00f3n IP.<\/p>\n<p>Adem\u00e1s, Google afirma que nunca vincula informaci\u00f3n recogida de las cookies con datos que la empresa obtiene a trav\u00e9s de sus otros productos y servicios.<\/p>\n<p>Las direcciones IP recopiladas son anonimizadas despu\u00e9s de 09 meses y los datos de las cookies despu\u00e9s de 18 meses. Tras ese periodo ya no se las utilizan m\u00e1s.<\/p>\n<p><strong>c. Cookies anal\u00edticas:<\/strong><\/p>\n<p>Utilizamos tecnolog\u00eda proporcionada por el servicio Google Analytics. Empleamos las cookies para recopilar informaci\u00f3n acerca del comportamiento de los visitantes en nuestro sitio. Esa informaci\u00f3n sirve para compilar mediciones que contribuyen con mejor\u00edas en su funcionamiento. Estas cookies expiran autom\u00e1ticamente seis meses despu\u00e9s de su \u00faltima visita.<\/p>\n<p>Estas cookies recogen informaci\u00f3n de forma an\u00f3nima. No las utilizamos para registrar informaci\u00f3n personal sobre nuestros visitantes.<\/p>\n<p>Se colecta la siguiente informaci\u00f3n: el n\u00famero de visitantes a nuestro sitio web, c\u00f3mo han llegado los visitantes a nuestro sitio web y qu\u00e9 p\u00e1ginas de nuestro sitio web visitaran.<\/p>\n<p>Mediante el uso de este sitio web usted acepta que instalemos estas cookies anal\u00edticas en su computadora o dispositivo m\u00f3vil.<\/p>\n<p><strong>d.&nbsp;<em>Plugins<\/em>&nbsp;de redes sociales:<\/strong><\/p>\n<p>En nuestro sitio web utilizamos botones para que usted pueda compartir nuestro contenido en redes sociales como &#8216;Facebook&#8217;, &#8216;Twitter&#8217; &#8216;LinkedIn&#8217; y &#8216;YouTube&#8217;. Para esta funci\u00f3n, dependemos de scripts externos. Le advertimos sobre la posibilidad&nbsp; de que estas plataformas recopilen informaci\u00f3n acerca de sus h\u00e1bitos de navegaci\u00f3n de internet, incluso si no hace clic en cualquiera de los botones en nuestra p\u00e1gina web. Tenga en cuenta que los datos transmitidos se encuentran fuera del radio de nuestro control. Para conocer el prop\u00f3sito y el alcance de la compilaci\u00f3n, las condiciones de utilizaci\u00f3n de sus datos, as\u00ed como la manera de impedir su uso, por favor visite la pol\u00edtica de privacidad del proveedor de red social correspondiente.<\/p>\n<p><strong>\u00bfC\u00f3mo se pueden desactivar las cookies?<\/strong><\/p>\n<p>Se encuentran m\u00e1s informaciones sobre activar\/desactivar&nbsp; y eliminar las cookies en la pol\u00edtica de privacidad del navegador instalado en su equipo&nbsp; (vea las opciones&nbsp; en el men\u00fa de ayuda disponible del navegador o consulte el sitio web de su proveedor).<\/p>\n<p>Para obtener m\u00e1s informaci\u00f3n sobre el uso de cookies en dispositivos m\u00f3viles y c\u00f3mo usted los puede desactivar y eliminar, consulte las instrucciones del fabricante.<\/p>\n<p>Si desea bloquear todas las cookies de Google Analytics de forma autom\u00e1tica, visite el siguiente sitio web:<\/p>\n<p><a href=\"https:\/\/tools.google.com\/dlpage\/gaoptout\">https:\/\/Tools.Google.com\/dlpage\/gaoptout<\/a><br>Se encuentra m\u00e1s aclaraciones generales sobre las cookies en la siguiente p\u00e1gina web:&nbsp;<a href=\"http:\/\/www.allaboutcookies.org\/\">www.allaboutcookies.org<\/a><\/p><\/div>\n\t\t\t\t<\/div>\n\t\t\t\t<\/div>\n\t\t\t\t\t\t<\/div>\n\t\t\t<\/div>\n\t\t<\/div>\n\t\t\t\t\t\t<\/div>\n\t\t\t<\/div>\n\t\t<\/section>\n\t\t\t\t\t\t<\/div>\n\t\t\t<\/div>\n\t\t<\/div>","protected":false},"excerpt":{"rendered":"<p>T\u00e9rminos y Condiciones de Uso de Sitio Web T\u00e9rminos y Condiciones de Uso de Sitio Web T\u00e9rminos y condiciones de uso de sitio web 1. ACEPTACI\u00d3N&nbsp;En el presente documento (en adelante, el \u201cContrato\u201d) se establecen los t\u00e9rminos y condiciones que ser\u00e1n de aplicaci\u00f3n al acceso y uso por parte del Usuario de esta p\u00e1gina web [&hellip;]<\/p>","protected":false},"author":4,"featured_media":0,"parent":0,"menu_order":0,"comment_status":"closed","ping_status":"closed","template":"elementor_header_footer","meta":[],"_links":{"self":[{"href":"https:\/\/shareguatemala.org\/en\/wp-json\/wp\/v2\/pages\/730"}],"collection":[{"href":"https:\/\/shareguatemala.org\/en\/wp-json\/wp\/v2\/pages"}],"about":[{"href":"https:\/\/shareguatemala.org\/en\/wp-json\/wp\/v2\/types\/page"}],"author":[{"embeddable":true,"href":"https:\/\/shareguatemala.org\/en\/wp-json\/wp\/v2\/users\/4"}],"replies":[{"embeddable":true,"href":"https:\/\/shareguatemala.org\/en\/wp-json\/wp\/v2\/comments?post=730"}],"version-history":[{"count":3,"href":"https:\/\/shareguatemala.org\/en\/wp-json\/wp\/v2\/pages\/730\/revisions"}],"predecessor-version":[{"id":733,"href":"https:\/\/shareguatemala.org\/en\/wp-json\/wp\/v2\/pages\/730\/revisions\/733"}],"wp:attachment":[{"href":"https:\/\/shareguatemala.org\/en\/wp-json\/wp\/v2\/media?parent=730"}],"curies":[{"name":"wp","href":"https:\/\/api.w.org\/{rel}","templated":true}]}}