{"id":839,"date":"2020-12-02T22:15:19","date_gmt":"2020-12-02T21:15:19","guid":{"rendered":"https:\/\/shareguatemala.org\/?page_id=839"},"modified":"2020-12-02T22:34:34","modified_gmt":"2020-12-02T21:34:34","slug":"prueba-1","status":"publish","type":"page","link":"https:\/\/shareguatemala.org\/en\/creditos-y-ahorros\/prueba-1\/","title":{"rendered":"Prueba 1"},"content":{"rendered":"<div data-elementor-type=\"wp-page\" data-elementor-id=\"839\" class=\"elementor elementor-839\" data-elementor-settings=\"[]\">\n\t\t\t<div class=\"elementor-inner\">\n\t\t\t\t<div class=\"elementor-section-wrap\">\n\t\t\t\t\t\t\t<section class=\"has_ae_slider elementor-element elementor-element-09ead87 elementor-section-stretched elementor-section-full_width elementor-section-height-default elementor-section-height-default ae-bg-gallery-type-default elementor-section elementor-top-section\" data-id=\"09ead87\" data-element_type=\"section\" data-settings=\"{&quot;stretch_section&quot;:&quot;section-stretched&quot;}\">\n\t\t\t\t\t\t<div class=\"elementor-container elementor-column-gap-default\">\n\t\t\t\t<div class=\"elementor-row\">\n\t\t\t\t<div class=\"has_ae_slider elementor-element elementor-element-04cf5e2 ae-bg-gallery-type-default elementor-column elementor-col-100 elementor-top-column\" data-id=\"04cf5e2\" data-element_type=\"column\">\n\t\t\t<div class=\"elementor-column-wrap  elementor-element-populated\">\n\t\t\t\t\t<div class=\"elementor-widget-wrap\">\n\t\t\t\t<div class=\"elementor-element elementor-element-1de14d6 elementor-widget elementor-widget-image\" data-id=\"1de14d6\" data-element_type=\"widget\" data-widget_type=\"image.default\">\n\t\t\t\t<div class=\"elementor-widget-container\">\n\t\t\t\t\t<div class=\"elementor-image\">\n\t\t\t\t\t\t\t\t\t\t<img width=\"1505\" height=\"642\" src=\"https:\/\/shareguatemala.org\/wp-content\/uploads\/2020\/11\/creditos.png\" class=\"attachment-full size-full\" alt=\"\" loading=\"lazy\" srcset=\"https:\/\/shareguatemala.org\/wp-content\/uploads\/2020\/11\/creditos.png 1505w, https:\/\/shareguatemala.org\/wp-content\/uploads\/2020\/11\/creditos-300x128.png 300w, https:\/\/shareguatemala.org\/wp-content\/uploads\/2020\/11\/creditos-1024x437.png 1024w, https:\/\/shareguatemala.org\/wp-content\/uploads\/2020\/11\/creditos-768x328.png 768w, https:\/\/shareguatemala.org\/wp-content\/uploads\/2020\/11\/creditos-16x7.png 16w, https:\/\/shareguatemala.org\/wp-content\/uploads\/2020\/11\/creditos-24x10.png 24w, https:\/\/shareguatemala.org\/wp-content\/uploads\/2020\/11\/creditos-36x15.png 36w, https:\/\/shareguatemala.org\/wp-content\/uploads\/2020\/11\/creditos-48x20.png 48w\" sizes=\"(max-width: 1505px) 100vw, 1505px\" \/>\t\t\t\t\t\t\t\t\t\t\t<\/div>\n\t\t\t\t<\/div>\n\t\t\t\t<\/div>\n\t\t\t\t\t\t<\/div>\n\t\t\t<\/div>\n\t\t<\/div>\n\t\t\t\t\t\t<\/div>\n\t\t\t<\/div>\n\t\t<\/section>\n\t\t\t\t<section class=\"has_ae_slider elementor-element elementor-element-3419ab7 elementor-section-boxed elementor-section-height-default elementor-section-height-default ae-bg-gallery-type-default elementor-section elementor-top-section\" data-id=\"3419ab7\" data-element_type=\"section\">\n\t\t\t\t\t\t<div class=\"elementor-container elementor-column-gap-default\">\n\t\t\t\t<div class=\"elementor-row\">\n\t\t\t\t<div class=\"has_ae_slider elementor-element elementor-element-9d54efe ae-bg-gallery-type-default elementor-column elementor-col-100 elementor-top-column\" data-id=\"9d54efe\" data-element_type=\"column\">\n\t\t\t<div class=\"elementor-column-wrap  elementor-element-populated\">\n\t\t\t\t\t<div class=\"elementor-widget-wrap\">\n\t\t\t\t<section class=\"has_ae_slider elementor-element elementor-element-d499226 elementor-section-content-middle elementor-reverse-mobile elementor-section-full_width elementor-section-height-default elementor-section-height-default ae-bg-gallery-type-default elementor-section elementor-inner-section\" data-id=\"d499226\" data-element_type=\"section\">\n\t\t\t\t\t\t\t<div class=\"elementor-background-overlay\"><\/div>\n\t\t\t\t\t\t\t<div class=\"elementor-container elementor-column-gap-default\">\n\t\t\t\t<div class=\"elementor-row\">\n\t\t\t\t<div class=\"has_ae_slider elementor-element elementor-element-6ec1d03 ae-bg-gallery-type-default elementor-column elementor-col-50 elementor-inner-column\" data-id=\"6ec1d03\" data-element_type=\"column\">\n\t\t\t<div class=\"elementor-column-wrap  elementor-element-populated\">\n\t\t\t\t\t<div class=\"elementor-widget-wrap\">\n\t\t\t\t<div class=\"elementor-element elementor-element-88becc6 elementor-widget elementor-widget-image\" data-id=\"88becc6\" data-element_type=\"widget\" data-widget_type=\"image.default\">\n\t\t\t\t<div class=\"elementor-widget-container\">\n\t\t\t\t\t<div class=\"elementor-image\">\n\t\t\t\t\t\t\t\t\t\t<img width=\"327\" height=\"229\" src=\"https:\/\/shareguatemala.org\/wp-content\/uploads\/2020\/11\/Home-1.png\" class=\"attachment-large size-large\" alt=\"\" loading=\"lazy\" srcset=\"https:\/\/shareguatemala.org\/wp-content\/uploads\/2020\/11\/Home-1.png 327w, https:\/\/shareguatemala.org\/wp-content\/uploads\/2020\/11\/Home-1-300x210.png 300w, https:\/\/shareguatemala.org\/wp-content\/uploads\/2020\/11\/Home-1-16x12.png 16w, https:\/\/shareguatemala.org\/wp-content\/uploads\/2020\/11\/Home-1-24x17.png 24w, https:\/\/shareguatemala.org\/wp-content\/uploads\/2020\/11\/Home-1-36x25.png 36w, https:\/\/shareguatemala.org\/wp-content\/uploads\/2020\/11\/Home-1-48x34.png 48w\" sizes=\"(max-width: 327px) 100vw, 327px\" \/>\t\t\t\t\t\t\t\t\t\t\t<\/div>\n\t\t\t\t<\/div>\n\t\t\t\t<\/div>\n\t\t\t\t\t\t<\/div>\n\t\t\t<\/div>\n\t\t<\/div>\n\t\t\t\t<div class=\"has_ae_slider elementor-element elementor-element-899ef4d ae-bg-gallery-type-default elementor-column elementor-col-50 elementor-inner-column\" data-id=\"899ef4d\" data-element_type=\"column\">\n\t\t\t<div class=\"elementor-column-wrap  elementor-element-populated\">\n\t\t\t\t\t<div class=\"elementor-widget-wrap\">\n\t\t\t\t<div class=\"elementor-element elementor-element-082bdc1 elementor-widget elementor-widget-image\" data-id=\"082bdc1\" data-element_type=\"widget\" data-widget_type=\"image.default\">\n\t\t\t\t<div class=\"elementor-widget-container\">\n\t\t\t\t\t<div class=\"elementor-image\">\n\t\t\t\t\t\t\t\t\t\t<img width=\"438\" height=\"121\" src=\"https:\/\/shareguatemala.org\/wp-content\/uploads\/2020\/12\/creditos-que-transforman-vidas.png\" class=\"attachment-large size-large\" alt=\"\" loading=\"lazy\" srcset=\"https:\/\/shareguatemala.org\/wp-content\/uploads\/2020\/12\/creditos-que-transforman-vidas.png 438w, https:\/\/shareguatemala.org\/wp-content\/uploads\/2020\/12\/creditos-que-transforman-vidas-300x83.png 300w, https:\/\/shareguatemala.org\/wp-content\/uploads\/2020\/12\/creditos-que-transforman-vidas-16x4.png 16w, https:\/\/shareguatemala.org\/wp-content\/uploads\/2020\/12\/creditos-que-transforman-vidas-24x7.png 24w, https:\/\/shareguatemala.org\/wp-content\/uploads\/2020\/12\/creditos-que-transforman-vidas-36x10.png 36w, https:\/\/shareguatemala.org\/wp-content\/uploads\/2020\/12\/creditos-que-transforman-vidas-48x13.png 48w\" sizes=\"(max-width: 438px) 100vw, 438px\" \/>\t\t\t\t\t\t\t\t\t\t\t<\/div>\n\t\t\t\t<\/div>\n\t\t\t\t<\/div>\n\t\t\t\t<div class=\"elementor-element elementor-element-0a5e744 elementor-align-center elementor-widget elementor-widget-button\" data-id=\"0a5e744\" data-element_type=\"widget\" data-widget_type=\"button.default\">\n\t\t\t\t<div class=\"elementor-widget-container\">\n\t\t\t\t\t<div class=\"elementor-button-wrapper\">\n\t\t\t<a href=\"https:\/\/shareguatemala.org\/en\/creditos-y-ahorros\/\" class=\"elementor-button-link elementor-button elementor-size-sm\" role=\"button\">\n\t\t\t\t\t\t<span class=\"elementor-button-content-wrapper\">\n\t\t\t\t\t\t<span class=\"elementor-button-text\">Learn More<\/span>\n\t\t<\/span>\n\t\t\t\t\t<\/a>\n\t\t<\/div>\n\t\t\t\t<\/div>\n\t\t\t\t<\/div>\n\t\t\t\t<div class=\"elementor-element elementor-element-2631294 elementor-widget elementor-widget-text-editor\" data-id=\"2631294\" data-element_type=\"widget\" data-widget_type=\"text-editor.default\">\n\t\t\t\t<div class=\"elementor-widget-container\">\n\t\t\t\t\t<div class=\"elementor-text-editor elementor-clearfix\"><p><span style=\"font-weight: 400;\">Developing economic opportunities that positively impact the development of entrepreneurs, micro, small, medium and large enterprises in rural and peri-urban areas, in the Departments of: Guatemala, Jutiapa, Chimaltenango, Alta Verapaz, Baja Verapaz, Huehuetenango, El Quich\u00e9, Sacatep\u00e9quez and Santa Rosa.<\/span><\/p><\/div>\n\t\t\t\t<\/div>\n\t\t\t\t<\/div>\n\t\t\t\t\t\t<\/div>\n\t\t\t<\/div>\n\t\t<\/div>\n\t\t\t\t\t\t<\/div>\n\t\t\t<\/div>\n\t\t<\/section>\n\t\t\t\t\t\t<\/div>\n\t\t\t<\/div>\n\t\t<\/div>\n\t\t\t\t\t\t<\/div>\n\t\t\t<\/div>\n\t\t<\/section>\n\t\t\t\t\t\t<\/div>\n\t\t\t<\/div>\n\t\t<\/div>","protected":false},"excerpt":{"rendered":"<p>Conozca m\u00e1s Desarrollando las oportunidades econ\u00f3micas que impactan positivamente en el desarrollo de los emprendedores, micro, peque\u00f1os, medianos y grandes empresarios del \u00e1rea rural y peri urbana, de los departamentos de: Guatemala, Jutiapa, Chimaltenango, Alta Verapaz, Baja Verapaz, Huehuetenango, El Quich\u00e9, Sacatep\u00e9quez y Santa Rosa.<\/p>","protected":false},"author":4,"featured_media":0,"parent":162,"menu_order":0,"comment_status":"closed","ping_status":"closed","template":"elementor_header_footer","meta":[],"_links":{"self":[{"href":"https:\/\/shareguatemala.org\/en\/wp-json\/wp\/v2\/pages\/839"}],"collection":[{"href":"https:\/\/shareguatemala.org\/en\/wp-json\/wp\/v2\/pages"}],"about":[{"href":"https:\/\/shareguatemala.org\/en\/wp-json\/wp\/v2\/types\/page"}],"author":[{"embeddable":true,"href":"https:\/\/shareguatemala.org\/en\/wp-json\/wp\/v2\/users\/4"}],"replies":[{"embeddable":true,"href":"https:\/\/shareguatemala.org\/en\/wp-json\/wp\/v2\/comments?post=839"}],"version-history":[{"count":10,"href":"https:\/\/shareguatemala.org\/en\/wp-json\/wp\/v2\/pages\/839\/revisions"}],"predecessor-version":[{"id":850,"href":"https:\/\/shareguatemala.org\/en\/wp-json\/wp\/v2\/pages\/839\/revisions\/850"}],"up":[{"embeddable":true,"href":"https:\/\/shareguatemala.org\/en\/wp-json\/wp\/v2\/pages\/162"}],"wp:attachment":[{"href":"https:\/\/shareguatemala.org\/en\/wp-json\/wp\/v2\/media?parent=839"}],"curies":[{"name":"wp","href":"https:\/\/api.w.org\/{rel}","templated":true}]}}