{"id":1359,"date":"2022-05-04T12:20:10","date_gmt":"2022-05-04T18:20:10","guid":{"rendered":"https:\/\/shareguatemala.org\/?page_id=1359"},"modified":"2023-03-09T16:05:41","modified_gmt":"2023-03-09T22:05:41","slug":"nuestra-historia-2","status":"publish","type":"page","link":"https:\/\/shareguatemala.org\/es\/nuestra-historia-2\/","title":{"rendered":"Programas Educativos"},"content":{"rendered":"\t\t<div data-elementor-type=\"wp-page\" data-elementor-id=\"1359\" class=\"elementor elementor-1359\" data-elementor-settings=\"[]\">\n\t\t\t<div class=\"elementor-inner\">\n\t\t\t\t<div class=\"elementor-section-wrap\">\n\t\t\t\t\t\t\t<section class=\"has_ae_slider elementor-element elementor-element-db8b75b elementor-section-stretched elementor-section-full_width elementor-section-height-default elementor-section-height-default ae-bg-gallery-type-default elementor-section elementor-top-section\" data-id=\"db8b75b\" data-element_type=\"section\" data-settings=\"{&quot;stretch_section&quot;:&quot;section-stretched&quot;,&quot;background_background&quot;:&quot;classic&quot;}\">\n\t\t\t\t\t\t\t<div class=\"elementor-background-overlay\"><\/div>\n\t\t\t\t\t\t\t<div class=\"elementor-container elementor-column-gap-default\">\n\t\t\t\t<div class=\"elementor-row\">\n\t\t\t\t<div class=\"has_ae_slider elementor-element elementor-element-36062d4 ae-bg-gallery-type-default elementor-column elementor-col-100 elementor-top-column\" data-id=\"36062d4\" data-element_type=\"column\">\n\t\t\t<div class=\"elementor-column-wrap  elementor-element-populated\">\n\t\t\t\t\t<div class=\"elementor-widget-wrap\">\n\t\t\t\t<div class=\"elementor-element elementor-element-6c6b54c elementor-widget elementor-widget-image\" data-id=\"6c6b54c\" data-element_type=\"widget\" data-widget_type=\"image.default\">\n\t\t\t\t<div class=\"elementor-widget-container\">\n\t\t\t\t\t<div class=\"elementor-image\">\n\t\t\t\t\t\t\t\t\t\t<img width=\"1505\" height=\"933\" src=\"https:\/\/shareguatemala.org\/wp-content\/uploads\/2023\/03\/programas-educativos-share-Guatemala-becas.png\" class=\"attachment-full size-full\" alt=\"\" loading=\"lazy\" srcset=\"https:\/\/shareguatemala.org\/wp-content\/uploads\/2023\/03\/programas-educativos-share-Guatemala-becas.png 1505w, https:\/\/shareguatemala.org\/wp-content\/uploads\/2023\/03\/programas-educativos-share-Guatemala-becas-300x186.png 300w, https:\/\/shareguatemala.org\/wp-content\/uploads\/2023\/03\/programas-educativos-share-Guatemala-becas-1024x635.png 1024w, https:\/\/shareguatemala.org\/wp-content\/uploads\/2023\/03\/programas-educativos-share-Guatemala-becas-768x476.png 768w, https:\/\/shareguatemala.org\/wp-content\/uploads\/2023\/03\/programas-educativos-share-Guatemala-becas-18x12.png 18w, https:\/\/shareguatemala.org\/wp-content\/uploads\/2023\/03\/programas-educativos-share-Guatemala-becas-24x15.png 24w, https:\/\/shareguatemala.org\/wp-content\/uploads\/2023\/03\/programas-educativos-share-Guatemala-becas-36x22.png 36w, https:\/\/shareguatemala.org\/wp-content\/uploads\/2023\/03\/programas-educativos-share-Guatemala-becas-48x30.png 48w\" sizes=\"(max-width: 1505px) 100vw, 1505px\" \/>\t\t\t\t\t\t\t\t\t\t\t<\/div>\n\t\t\t\t<\/div>\n\t\t\t\t<\/div>\n\t\t\t\t<div class=\"elementor-element elementor-element-a389ef7 elementor-widget elementor-widget-text-editor\" data-id=\"a389ef7\" data-element_type=\"widget\" data-widget_type=\"text-editor.default\">\n\t\t\t\t<div class=\"elementor-widget-container\">\n\t\t\t\t\t<div class=\"elementor-text-editor elementor-clearfix\"><h1><span style=\"color: #ce132c;\"><b>Programas Educativos<\/b><\/span><\/h1><\/div>\n\t\t\t\t<\/div>\n\t\t\t\t<\/div>\n\t\t\t\t<div class=\"elementor-element elementor-element-ae7c623 elementor-widget elementor-widget-text-editor\" data-id=\"ae7c623\" data-element_type=\"widget\" data-widget_type=\"text-editor.default\">\n\t\t\t\t<div class=\"elementor-widget-container\">\n\t\t\t\t\t<div class=\"elementor-text-editor elementor-clearfix\"><h1><span style=\"color: #ce132c;\"><b>Becas Escolares<\/b><\/span><\/h1><h1><strong><span style=\"color: #696969;\">PARA NI\u00d1OS Y J\u00d3VENES<\/span><\/strong><\/h1><\/div>\n\t\t\t\t<\/div>\n\t\t\t\t<\/div>\n\t\t\t\t<div class=\"elementor-element elementor-element-c2382e6 elementor-widget elementor-widget-text-editor\" data-id=\"c2382e6\" data-element_type=\"widget\" data-widget_type=\"text-editor.default\">\n\t\t\t\t<div class=\"elementor-widget-container\">\n\t\t\t\t\t<div class=\"elementor-text-editor elementor-clearfix\"><p style=\"text-align: left;\">SHARE contin\u00faa sus esfuerzos para apoyar la educaci\u00f3n de ni\u00f1os y j\u00f3venes en el pa\u00eds mejorando el acceso a la educaci\u00f3n primaria, secundaria y diversificado.\u200b<\/p><p style=\"text-align: left;\">\u200b<br \/>Durante 2022 SHARE ha entregado un total de 670 becas escolares las cuales consisten en:\u200b<\/p><ul><li style=\"text-align: left;\">Aporte econ\u00f3mico para cubrir gastos de inscripci\u00f3n, \u00fatiles escolares y otros recursos did\u00e1cticos.\u200b<\/li><li style=\"text-align: left;\">Capacitaci\u00f3n en temas de habilidades blandas\u200b<\/li><li style=\"text-align: left;\">Clausura y Regalo especial para cada estudiante \u200b<\/li><\/ul><\/div>\n\t\t\t\t<\/div>\n\t\t\t\t<\/div>\n\t\t\t\t<div class=\"elementor-element elementor-element-2f5ab3f elementor-widget elementor-widget-divider\" data-id=\"2f5ab3f\" data-element_type=\"widget\" data-widget_type=\"divider.default\">\n\t\t\t\t<div class=\"elementor-widget-container\">\n\t\t\t\t\t<div class=\"elementor-divider\">\n\t\t\t<span class=\"elementor-divider-separator\">\n\t\t\t\t\t\t<\/span>\n\t\t<\/div>\n\t\t\t\t<\/div>\n\t\t\t\t<\/div>\n\t\t\t\t<div class=\"elementor-element elementor-element-c73cebb elementor-widget elementor-widget-image\" data-id=\"c73cebb\" data-element_type=\"widget\" data-widget_type=\"image.default\">\n\t\t\t\t<div class=\"elementor-widget-container\">\n\t\t\t\t\t<div class=\"elementor-image\">\n\t\t\t\t\t\t\t\t\t\t<img width=\"800\" height=\"496\" src=\"https:\/\/shareguatemala.org\/wp-content\/uploads\/2022\/04\/becas-share-1024x635.png\" class=\"attachment-large size-large\" alt=\"\" loading=\"lazy\" srcset=\"https:\/\/shareguatemala.org\/wp-content\/uploads\/2022\/04\/becas-share-1024x635.png 1024w, https:\/\/shareguatemala.org\/wp-content\/uploads\/2022\/04\/becas-share-300x186.png 300w, https:\/\/shareguatemala.org\/wp-content\/uploads\/2022\/04\/becas-share-768x476.png 768w, https:\/\/shareguatemala.org\/wp-content\/uploads\/2022\/04\/becas-share-18x12.png 18w, https:\/\/shareguatemala.org\/wp-content\/uploads\/2022\/04\/becas-share-24x15.png 24w, https:\/\/shareguatemala.org\/wp-content\/uploads\/2022\/04\/becas-share-36x22.png 36w, https:\/\/shareguatemala.org\/wp-content\/uploads\/2022\/04\/becas-share-48x30.png 48w, https:\/\/shareguatemala.org\/wp-content\/uploads\/2022\/04\/becas-share.png 1505w\" sizes=\"(max-width: 800px) 100vw, 800px\" \/>\t\t\t\t\t\t\t\t\t\t\t<\/div>\n\t\t\t\t<\/div>\n\t\t\t\t<\/div>\n\t\t\t\t<div class=\"elementor-element elementor-element-55a114f elementor-align-center elementor-widget elementor-widget-button\" data-id=\"55a114f\" data-element_type=\"widget\" data-widget_type=\"button.default\">\n\t\t\t\t<div class=\"elementor-widget-container\">\n\t\t\t\t\t<div class=\"elementor-button-wrapper\">\n\t\t\t<a href=\"contactenos\" target=\"_blank\" class=\"elementor-button-link elementor-button elementor-size-md\" role=\"button\">\n\t\t\t\t\t\t<span class=\"elementor-button-content-wrapper\">\n\t\t\t\t\t\t<span class=\"elementor-button-text\">Cont\u00e1ctenos para poder apoyar la educaci\u00f3n<\/span>\n\t\t<\/span>\n\t\t\t\t\t<\/a>\n\t\t<\/div>\n\t\t\t\t<\/div>\n\t\t\t\t<\/div>\n\t\t\t\t<div class=\"elementor-element elementor-element-fb4e1f2 elementor-widget elementor-widget-divider\" data-id=\"fb4e1f2\" data-element_type=\"widget\" data-widget_type=\"divider.default\">\n\t\t\t\t<div class=\"elementor-widget-container\">\n\t\t\t\t\t<div class=\"elementor-divider\">\n\t\t\t<span class=\"elementor-divider-separator\">\n\t\t\t\t\t\t<\/span>\n\t\t<\/div>\n\t\t\t\t<\/div>\n\t\t\t\t<\/div>\n\t\t\t\t\t\t<\/div>\n\t\t\t<\/div>\n\t\t<\/div>\n\t\t\t\t\t\t<\/div>\n\t\t\t<\/div>\n\t\t<\/section>\n\t\t\t\t\t\t<\/div>\n\t\t\t<\/div>\n\t\t<\/div>\n\t\t","protected":false},"excerpt":{"rendered":"<p>Programas Educativos Becas Escolares PARA NI\u00d1OS Y J\u00d3VENES SHARE contin\u00faa sus esfuerzos para apoyar la educaci\u00f3n de ni\u00f1os y j\u00f3venes en el pa\u00eds mejorando el acceso a la educaci\u00f3n primaria, secundaria y diversificado.\u200b \u200bDurante 2022 SHARE ha entregado un total de 670 becas escolares las cuales consisten en:\u200b Aporte econ\u00f3mico para cubrir gastos de inscripci\u00f3n, [&hellip;]<\/p>\n","protected":false},"author":5,"featured_media":0,"parent":0,"menu_order":0,"comment_status":"closed","ping_status":"closed","template":"elementor_header_footer","meta":[],"_links":{"self":[{"href":"https:\/\/shareguatemala.org\/es\/wp-json\/wp\/v2\/pages\/1359"}],"collection":[{"href":"https:\/\/shareguatemala.org\/es\/wp-json\/wp\/v2\/pages"}],"about":[{"href":"https:\/\/shareguatemala.org\/es\/wp-json\/wp\/v2\/types\/page"}],"author":[{"embeddable":true,"href":"https:\/\/shareguatemala.org\/es\/wp-json\/wp\/v2\/users\/5"}],"replies":[{"embeddable":true,"href":"https:\/\/shareguatemala.org\/es\/wp-json\/wp\/v2\/comments?post=1359"}],"version-history":[{"count":9,"href":"https:\/\/shareguatemala.org\/es\/wp-json\/wp\/v2\/pages\/1359\/revisions"}],"predecessor-version":[{"id":1879,"href":"https:\/\/shareguatemala.org\/es\/wp-json\/wp\/v2\/pages\/1359\/revisions\/1879"}],"wp:attachment":[{"href":"https:\/\/shareguatemala.org\/es\/wp-json\/wp\/v2\/media?parent=1359"}],"curies":[{"name":"wp","href":"https:\/\/api.w.org\/{rel}","templated":true}]}}