{"id":175,"date":"2020-10-31T06:01:43","date_gmt":"2020-10-31T05:01:43","guid":{"rendered":"https:\/\/shareguatemala.org\/?page_id=175"},"modified":"2022-05-04T12:22:00","modified_gmt":"2022-05-04T18:22:00","slug":"otros-proyectos","status":"publish","type":"page","link":"https:\/\/shareguatemala.org\/es\/sobre-share-2\/otros-proyectos\/","title":{"rendered":"Otros proyectos y Programas"},"content":{"rendered":"\t\t<div data-elementor-type=\"wp-page\" data-elementor-id=\"175\" class=\"elementor elementor-175\" data-elementor-settings=\"[]\">\n\t\t\t<div class=\"elementor-inner\">\n\t\t\t\t<div class=\"elementor-section-wrap\">\n\t\t\t\t\t\t\t<section class=\"has_ae_slider elementor-element elementor-element-372ab68 elementor-section-boxed elementor-section-height-default elementor-section-height-default ae-bg-gallery-type-default elementor-section elementor-top-section\" data-id=\"372ab68\" data-element_type=\"section\" data-settings=\"{&quot;background_background&quot;:&quot;classic&quot;}\">\n\t\t\t\t\t\t<div class=\"elementor-container elementor-column-gap-default\">\n\t\t\t\t<div class=\"elementor-row\">\n\t\t\t\t<div class=\"has_ae_slider elementor-element elementor-element-1cfc4f6 ae-bg-gallery-type-default elementor-column elementor-col-100 elementor-top-column\" data-id=\"1cfc4f6\" data-element_type=\"column\">\n\t\t\t<div class=\"elementor-column-wrap  elementor-element-populated\">\n\t\t\t\t\t<div class=\"elementor-widget-wrap\">\n\t\t\t\t<div class=\"elementor-element elementor-element-d8de3b1 elementor-widget elementor-widget-text-editor\" data-id=\"d8de3b1\" data-element_type=\"widget\" data-widget_type=\"text-editor.default\">\n\t\t\t\t<div class=\"elementor-widget-container\">\n\t\t\t\t\t<div class=\"elementor-text-editor elementor-clearfix\"><h1><span style=\"color: #ce132c;\"><strong>Otros<\/strong><\/span><\/h1><h1><strong><span style=\"color: #696969;\">PROYECTOS<\/span><\/strong><\/h1><\/div>\n\t\t\t\t<\/div>\n\t\t\t\t<\/div>\n\t\t\t\t<div class=\"elementor-element elementor-element-b0b443c elementor-widget elementor-widget-text-editor\" data-id=\"b0b443c\" data-element_type=\"widget\" data-widget_type=\"text-editor.default\">\n\t\t\t\t<div class=\"elementor-widget-container\">\n\t\t\t\t\t<div class=\"elementor-text-editor elementor-clearfix\"><p><span style=\"font-weight: 400;\">SHARE lleva a cabo distintas actividades dentro de Proyectos y Programas que apoyan su visi\u00f3n estrat\u00e9gica, promoviendo la sostenibilidad y el desarrollo con metodolog\u00edas propias en cada intervenci\u00f3n, adem\u00e1s de fuertes sistemas de monitoreo y evaluaci\u00f3n, con personal de alto desempe\u00f1o.<\/span><\/p><\/div>\n\t\t\t\t<\/div>\n\t\t\t\t<\/div>\n\t\t\t\t<div class=\"elementor-element elementor-element-700bdbc elementor-widget elementor-widget-text-editor\" data-id=\"700bdbc\" data-element_type=\"widget\" data-widget_type=\"text-editor.default\">\n\t\t\t\t<div class=\"elementor-widget-container\">\n\t\t\t\t\t<div class=\"elementor-text-editor elementor-clearfix\"><h1><span style=\"color: #ce132c;\"><strong>Investigaci\u00f3n e<\/strong><\/span><\/h1><h1><strong><span style=\"color: #696969;\">INNOVACI\u00d3N<\/span><\/strong><\/h1><\/div>\n\t\t\t\t<\/div>\n\t\t\t\t<\/div>\n\t\t\t\t<div class=\"elementor-element elementor-element-c2e11b8 elementor-widget elementor-widget-text-editor\" data-id=\"c2e11b8\" data-element_type=\"widget\" data-widget_type=\"text-editor.default\">\n\t\t\t\t<div class=\"elementor-widget-container\">\n\t\t\t\t\t<div class=\"elementor-text-editor elementor-clearfix\"><p><span style=\"font-weight: 400;\">SHARE lidera el desarrollo en el pa\u00eds del <\/span><b>Laboratorio de innovaci\u00f3n para la reducci\u00f3n de p\u00e9rdidas post cosecha de ma\u00edz<\/b><span style=\"font-weight: 400;\"> de Feed the Future de USAID, liderada por la Universidad Estatal de Kansas, apalancando del pensamiento innovador y que permitieron el desarrollo de diferentes estrategias de desarrollo de capacidades en m\u00e1s de 300 peque\u00f1os agricultores y sus familias, el desarrollo de manuales para entrenadores con enfoque de g\u00e9nero, adaptaci\u00f3n de tecnolog\u00edas pertinentes y la implementaci\u00f3n de diferentes estrategias de\u00a0 difusi\u00f3n de informaci\u00f3n con enfoque de g\u00e9nero a actores locales y nacionales, acompa\u00f1adas de capacitaci\u00f3n t\u00e9cnica para estudiantes de diferentes centros universitarios locales (USAC, CUNOROC), extensionistas agron\u00f3micos de gobierno (MAGA,VIDER) totalizando m\u00e1s de 1,000 participantes. M\u00e1s informaci\u00f3n en el<\/span><a href=\"https:\/\/www.k-state.edu\/phl\/project-countries\/guatemala.html\"> <span style=\"font-weight: 400; color: #ffa4ab;\">sitio web.<\/span><\/a><\/p><\/div>\n\t\t\t\t<\/div>\n\t\t\t\t<\/div>\n\t\t\t\t<div class=\"elementor-element elementor-element-e37b93f elementor-widget elementor-widget-image\" data-id=\"e37b93f\" data-element_type=\"widget\" data-widget_type=\"image.default\">\n\t\t\t\t<div class=\"elementor-widget-container\">\n\t\t\t\t\t<div class=\"elementor-image\">\n\t\t\t\t\t\t\t\t\t\t<img width=\"800\" height=\"496\" src=\"https:\/\/shareguatemala.org\/wp-content\/uploads\/2022\/03\/credito-a-agricultores-guatemala-1024x635.png\" class=\"attachment-large size-large\" alt=\"\" loading=\"lazy\" srcset=\"https:\/\/shareguatemala.org\/wp-content\/uploads\/2022\/03\/credito-a-agricultores-guatemala-1024x635.png 1024w, https:\/\/shareguatemala.org\/wp-content\/uploads\/2022\/03\/credito-a-agricultores-guatemala-300x186.png 300w, https:\/\/shareguatemala.org\/wp-content\/uploads\/2022\/03\/credito-a-agricultores-guatemala-768x476.png 768w, https:\/\/shareguatemala.org\/wp-content\/uploads\/2022\/03\/credito-a-agricultores-guatemala-18x12.png 18w, https:\/\/shareguatemala.org\/wp-content\/uploads\/2022\/03\/credito-a-agricultores-guatemala-24x15.png 24w, https:\/\/shareguatemala.org\/wp-content\/uploads\/2022\/03\/credito-a-agricultores-guatemala-36x22.png 36w, https:\/\/shareguatemala.org\/wp-content\/uploads\/2022\/03\/credito-a-agricultores-guatemala-48x30.png 48w, https:\/\/shareguatemala.org\/wp-content\/uploads\/2022\/03\/credito-a-agricultores-guatemala.png 1505w\" sizes=\"(max-width: 800px) 100vw, 800px\" \/>\t\t\t\t\t\t\t\t\t\t\t<\/div>\n\t\t\t\t<\/div>\n\t\t\t\t<\/div>\n\t\t\t\t<div class=\"elementor-element elementor-element-869018b elementor-widget__width-initial elementor-widget elementor-widget-text-editor\" data-id=\"869018b\" data-element_type=\"widget\" data-widget_type=\"text-editor.default\">\n\t\t\t\t<div class=\"elementor-widget-container\">\n\t\t\t\t\t<div class=\"elementor-text-editor elementor-clearfix\"><p>Cont\u00e1ctenos para poder Apoyar la Educaci\u00f3n de Ni\u00f1as y Ni\u00f1os juntos<\/p><\/div>\n\t\t\t\t<\/div>\n\t\t\t\t<\/div>\n\t\t\t\t<div class=\"elementor-element elementor-element-9ed60f5 elementor-widget elementor-widget-divider\" data-id=\"9ed60f5\" data-element_type=\"widget\" data-widget_type=\"divider.default\">\n\t\t\t\t<div class=\"elementor-widget-container\">\n\t\t\t\t\t<div class=\"elementor-divider\">\n\t\t\t<span class=\"elementor-divider-separator\">\n\t\t\t\t\t\t<\/span>\n\t\t<\/div>\n\t\t\t\t<\/div>\n\t\t\t\t<\/div>\n\t\t\t\t<div class=\"elementor-element elementor-element-588bd85 elementor-widget elementor-widget-text-editor\" data-id=\"588bd85\" data-element_type=\"widget\" data-widget_type=\"text-editor.default\">\n\t\t\t\t<div class=\"elementor-widget-container\">\n\t\t\t\t\t<div class=\"elementor-text-editor elementor-clearfix\"><h1><span style=\"color: #ce132c;\"><b>Becas Escolares<\/b><\/span><\/h1><h1><strong><span style=\"color: #696969;\">PARA NI\u00d1AS Y NI\u00d1OS<\/span><\/strong><\/h1><\/div>\n\t\t\t\t<\/div>\n\t\t\t\t<\/div>\n\t\t\t\t<div class=\"elementor-element elementor-element-28febc4 elementor-widget elementor-widget-text-editor\" data-id=\"28febc4\" data-element_type=\"widget\" data-widget_type=\"text-editor.default\">\n\t\t\t\t<div class=\"elementor-widget-container\">\n\t\t\t\t\t<div class=\"elementor-text-editor elementor-clearfix\"><p><span style=\"font-weight: 400;\">SHARE contin\u00faa trabajando en <\/span><b>Apoyo a la Educaci\u00f3n de Ni\u00f1as y Ni\u00f1os, <\/b><span style=\"font-weight: 400;\">mejorando el acceso a la educaci\u00f3n primaria, secundaria y diversificada, fortaleciendo al sistema nacional. Durante 2019 continu\u00f3 el trabajo, con el gran apoyo de uno de sus m\u00e1s apreciables aliados, la cadena de supermercados norteamericana TARGET, logrando 360 becas de estudios completas.<\/span><\/p><p><span style=\"font-weight: 400;\">Durante 2020, contin\u00faa sus esfuerzos y ha becado a m\u00e1s de 400 ni\u00f1as y ni\u00f1os del \u00e1rea rural.<\/span><\/p><\/div>\n\t\t\t\t<\/div>\n\t\t\t\t<\/div>\n\t\t\t\t<div class=\"elementor-element elementor-element-9e7dd45 elementor-widget elementor-widget-image\" data-id=\"9e7dd45\" data-element_type=\"widget\" data-widget_type=\"image.default\">\n\t\t\t\t<div class=\"elementor-widget-container\">\n\t\t\t\t\t<div class=\"elementor-image\">\n\t\t\t\t\t\t\t\t\t\t<img width=\"800\" height=\"496\" src=\"https:\/\/shareguatemala.org\/wp-content\/uploads\/2022\/04\/becas-share-1024x635.png\" class=\"attachment-large size-large\" alt=\"\" loading=\"lazy\" srcset=\"https:\/\/shareguatemala.org\/wp-content\/uploads\/2022\/04\/becas-share-1024x635.png 1024w, https:\/\/shareguatemala.org\/wp-content\/uploads\/2022\/04\/becas-share-300x186.png 300w, https:\/\/shareguatemala.org\/wp-content\/uploads\/2022\/04\/becas-share-768x476.png 768w, https:\/\/shareguatemala.org\/wp-content\/uploads\/2022\/04\/becas-share-18x12.png 18w, https:\/\/shareguatemala.org\/wp-content\/uploads\/2022\/04\/becas-share-24x15.png 24w, https:\/\/shareguatemala.org\/wp-content\/uploads\/2022\/04\/becas-share-36x22.png 36w, https:\/\/shareguatemala.org\/wp-content\/uploads\/2022\/04\/becas-share-48x30.png 48w, https:\/\/shareguatemala.org\/wp-content\/uploads\/2022\/04\/becas-share.png 1505w\" sizes=\"(max-width: 800px) 100vw, 800px\" \/>\t\t\t\t\t\t\t\t\t\t\t<\/div>\n\t\t\t\t<\/div>\n\t\t\t\t<\/div>\n\t\t\t\t<div class=\"elementor-element elementor-element-7db5ec9 elementor-align-center elementor-widget elementor-widget-button\" data-id=\"7db5ec9\" data-element_type=\"widget\" data-widget_type=\"button.default\">\n\t\t\t\t<div class=\"elementor-widget-container\">\n\t\t\t\t\t<div class=\"elementor-button-wrapper\">\n\t\t\t<a href=\"contactenos\" target=\"_blank\" class=\"elementor-button-link elementor-button elementor-size-md\" role=\"button\">\n\t\t\t\t\t\t<span class=\"elementor-button-content-wrapper\">\n\t\t\t\t\t\t<span class=\"elementor-button-text\">Cont\u00e1ctenos para poder apoyar la educaci\u00f3n<\/span>\n\t\t<\/span>\n\t\t\t\t\t<\/a>\n\t\t<\/div>\n\t\t\t\t<\/div>\n\t\t\t\t<\/div>\n\t\t\t\t<div class=\"elementor-element elementor-element-4d43ff3 elementor-widget elementor-widget-divider\" data-id=\"4d43ff3\" data-element_type=\"widget\" data-widget_type=\"divider.default\">\n\t\t\t\t<div class=\"elementor-widget-container\">\n\t\t\t\t\t<div class=\"elementor-divider\">\n\t\t\t<span class=\"elementor-divider-separator\">\n\t\t\t\t\t\t<\/span>\n\t\t<\/div>\n\t\t\t\t<\/div>\n\t\t\t\t<\/div>\n\t\t\t\t<div class=\"elementor-element elementor-element-c0ba392 elementor-widget elementor-widget-text-editor\" data-id=\"c0ba392\" data-element_type=\"widget\" data-widget_type=\"text-editor.default\">\n\t\t\t\t<div class=\"elementor-widget-container\">\n\t\t\t\t\t<div class=\"elementor-text-editor elementor-clearfix\"><h1><span style=\"color: #ce132c;\"><b>Reducci\u00f3n al riesgo de<\/b><\/span><\/h1><h1><strong><span style=\"color: #696969;\">DESASTRES<\/span><\/strong><\/h1><\/div>\n\t\t\t\t<\/div>\n\t\t\t\t<\/div>\n\t\t\t\t<div class=\"elementor-element elementor-element-147b922 elementor-widget elementor-widget-text-editor\" data-id=\"147b922\" data-element_type=\"widget\" data-widget_type=\"text-editor.default\">\n\t\t\t\t<div class=\"elementor-widget-container\">\n\t\t\t\t\t<div class=\"elementor-text-editor elementor-clearfix\"><p><span style=\"font-weight: 400;\">A trav\u00e9s del fortalecimiento de capacidades municipales locales para manejo de riesgo y la iniciativa <\/span><b>Proyecto para el Fortalecimiento de Capacidades Municipales y Comunitarias para el Manejo del Riesgo y la Inclusi\u00f3n de G\u00e9nero<\/b><span style=\"font-weight: 400;\"> de 2014 a 2018 con el apoyo de USAID OFDA y SE CONRED, beneficiando directamente a poblaciones vulnerables en contextos sociales de desventaja de los departamentos de Quetzaltenango, Retalhuleu, San Marcos, Escuintla, Sacatep\u00e9quez, Chimaltenango, Guatemala, Zacapa y Alta Verapaz.<\/span><\/p><\/div>\n\t\t\t\t<\/div>\n\t\t\t\t<\/div>\n\t\t\t\t<div class=\"elementor-element elementor-element-ff0cb77 elementor-widget elementor-widget-image\" data-id=\"ff0cb77\" data-element_type=\"widget\" data-widget_type=\"image.default\">\n\t\t\t\t<div class=\"elementor-widget-container\">\n\t\t\t\t\t<div class=\"elementor-image\">\n\t\t\t\t\t\t\t\t\t\t<img width=\"800\" height=\"496\" src=\"https:\/\/shareguatemala.org\/wp-content\/uploads\/2022\/03\/creditos-en-Guatemala-1-1024x635-1.png\" class=\"attachment-large size-large\" alt=\"\" loading=\"lazy\" srcset=\"https:\/\/shareguatemala.org\/wp-content\/uploads\/2022\/03\/creditos-en-Guatemala-1-1024x635-1.png 1024w, https:\/\/shareguatemala.org\/wp-content\/uploads\/2022\/03\/creditos-en-Guatemala-1-1024x635-1-300x186.png 300w, https:\/\/shareguatemala.org\/wp-content\/uploads\/2022\/03\/creditos-en-Guatemala-1-1024x635-1-768x476.png 768w, https:\/\/shareguatemala.org\/wp-content\/uploads\/2022\/03\/creditos-en-Guatemala-1-1024x635-1-18x12.png 18w, https:\/\/shareguatemala.org\/wp-content\/uploads\/2022\/03\/creditos-en-Guatemala-1-1024x635-1-24x15.png 24w, https:\/\/shareguatemala.org\/wp-content\/uploads\/2022\/03\/creditos-en-Guatemala-1-1024x635-1-36x22.png 36w, https:\/\/shareguatemala.org\/wp-content\/uploads\/2022\/03\/creditos-en-Guatemala-1-1024x635-1-48x30.png 48w\" sizes=\"(max-width: 800px) 100vw, 800px\" \/>\t\t\t\t\t\t\t\t\t\t\t<\/div>\n\t\t\t\t<\/div>\n\t\t\t\t<\/div>\n\t\t\t\t<div class=\"elementor-element elementor-element-4a459ad elementor-widget elementor-widget-divider\" data-id=\"4a459ad\" data-element_type=\"widget\" data-widget_type=\"divider.default\">\n\t\t\t\t<div class=\"elementor-widget-container\">\n\t\t\t\t\t<div class=\"elementor-divider\">\n\t\t\t<span class=\"elementor-divider-separator\">\n\t\t\t\t\t\t<\/span>\n\t\t<\/div>\n\t\t\t\t<\/div>\n\t\t\t\t<\/div>\n\t\t\t\t<div class=\"elementor-element elementor-element-e2e226a elementor-widget elementor-widget-text-editor\" data-id=\"e2e226a\" data-element_type=\"widget\" data-widget_type=\"text-editor.default\">\n\t\t\t\t<div class=\"elementor-widget-container\">\n\t\t\t\t\t<div class=\"elementor-text-editor elementor-clearfix\"><h1><span style=\"color: #ce132c;\"><b>Turismo<\/b><\/span><\/h1><h1><strong><span style=\"color: #696969;\">RURAL<\/span><\/strong><\/h1><\/div>\n\t\t\t\t<\/div>\n\t\t\t\t<\/div>\n\t\t\t\t<div class=\"elementor-element elementor-element-fce65a8 elementor-widget elementor-widget-text-editor\" data-id=\"fce65a8\" data-element_type=\"widget\" data-widget_type=\"text-editor.default\">\n\t\t\t\t<div class=\"elementor-widget-container\">\n\t\t\t\t\t<div class=\"elementor-text-editor elementor-clearfix\"><span style=\"font-weight: 400;\">Tambi\u00e9n SHARE trabaja propiciando el intercambio cultural a trav\u00e9s de vivencias impactantes entre comunidades anfitrionas y visitantes, para inspirarlos a actuar en el mejoramiento de su vida y de la sociedad, a trav\u00e9s de diversas actividades y proyectos en Guatemala por medio de<\/span><a href=\"http:\/\/www.sharetoursguatemala.org\/\"> <span style=\"font-weight: 400; color:#ffa4ab;\">SHARE Tours<\/span><\/a><span style=\"font-weight: 400;\">. Durante 2019 se desarrollaron 19 proyectos liderados por estudiantes universitarios de diferentes partes del mundo, gracias a las alianzas con universidades de: Universidad Estatal de Kansas, Universidad de Emlyon, Universidad de Wisconsin Madison y Universidad Rafael Land\u00edvar de Guatemala.<\/span><\/div>\n\t\t\t\t<\/div>\n\t\t\t\t<\/div>\n\t\t\t\t<div class=\"elementor-element elementor-element-ae6f28f elementor-widget elementor-widget-image\" data-id=\"ae6f28f\" data-element_type=\"widget\" data-widget_type=\"image.default\">\n\t\t\t\t<div class=\"elementor-widget-container\">\n\t\t\t\t\t<div class=\"elementor-image\">\n\t\t\t\t\t\t\t\t\t\t<img width=\"800\" height=\"496\" src=\"https:\/\/shareguatemala.org\/wp-content\/uploads\/2022\/03\/prestamos-en-Guatemala-1-1024x635-1.png\" class=\"attachment-large size-large\" alt=\"\" loading=\"lazy\" srcset=\"https:\/\/shareguatemala.org\/wp-content\/uploads\/2022\/03\/prestamos-en-Guatemala-1-1024x635-1.png 1024w, https:\/\/shareguatemala.org\/wp-content\/uploads\/2022\/03\/prestamos-en-Guatemala-1-1024x635-1-300x186.png 300w, https:\/\/shareguatemala.org\/wp-content\/uploads\/2022\/03\/prestamos-en-Guatemala-1-1024x635-1-768x476.png 768w, https:\/\/shareguatemala.org\/wp-content\/uploads\/2022\/03\/prestamos-en-Guatemala-1-1024x635-1-18x12.png 18w, https:\/\/shareguatemala.org\/wp-content\/uploads\/2022\/03\/prestamos-en-Guatemala-1-1024x635-1-24x15.png 24w, https:\/\/shareguatemala.org\/wp-content\/uploads\/2022\/03\/prestamos-en-Guatemala-1-1024x635-1-36x22.png 36w, https:\/\/shareguatemala.org\/wp-content\/uploads\/2022\/03\/prestamos-en-Guatemala-1-1024x635-1-48x30.png 48w\" sizes=\"(max-width: 800px) 100vw, 800px\" \/>\t\t\t\t\t\t\t\t\t\t\t<\/div>\n\t\t\t\t<\/div>\n\t\t\t\t<\/div>\n\t\t\t\t\t\t<\/div>\n\t\t\t<\/div>\n\t\t<\/div>\n\t\t\t\t\t\t<\/div>\n\t\t\t<\/div>\n\t\t<\/section>\n\t\t\t\t\t\t<\/div>\n\t\t\t<\/div>\n\t\t<\/div>\n\t\t","protected":false},"excerpt":{"rendered":"<p>Otros PROYECTOS SHARE lleva a cabo distintas actividades dentro de Proyectos y Programas que apoyan su visi\u00f3n estrat\u00e9gica, promoviendo la sostenibilidad y el desarrollo con metodolog\u00edas propias en cada intervenci\u00f3n, adem\u00e1s de fuertes sistemas de monitoreo y evaluaci\u00f3n, con personal de alto desempe\u00f1o. Investigaci\u00f3n e INNOVACI\u00d3N SHARE lidera el desarrollo en el pa\u00eds del Laboratorio [&hellip;]<\/p>\n","protected":false},"author":4,"featured_media":0,"parent":69,"menu_order":0,"comment_status":"closed","ping_status":"closed","template":"elementor_header_footer","meta":[],"_links":{"self":[{"href":"https:\/\/shareguatemala.org\/es\/wp-json\/wp\/v2\/pages\/175"}],"collection":[{"href":"https:\/\/shareguatemala.org\/es\/wp-json\/wp\/v2\/pages"}],"about":[{"href":"https:\/\/shareguatemala.org\/es\/wp-json\/wp\/v2\/types\/page"}],"author":[{"embeddable":true,"href":"https:\/\/shareguatemala.org\/es\/wp-json\/wp\/v2\/users\/4"}],"replies":[{"embeddable":true,"href":"https:\/\/shareguatemala.org\/es\/wp-json\/wp\/v2\/comments?post=175"}],"version-history":[{"count":33,"href":"https:\/\/shareguatemala.org\/es\/wp-json\/wp\/v2\/pages\/175\/revisions"}],"predecessor-version":[{"id":1361,"href":"https:\/\/shareguatemala.org\/es\/wp-json\/wp\/v2\/pages\/175\/revisions\/1361"}],"up":[{"embeddable":true,"href":"https:\/\/shareguatemala.org\/es\/wp-json\/wp\/v2\/pages\/69"}],"wp:attachment":[{"href":"https:\/\/shareguatemala.org\/es\/wp-json\/wp\/v2\/media?parent=175"}],"curies":[{"name":"wp","href":"https:\/\/api.w.org\/{rel}","templated":true}]}}