{"id":2083,"date":"2023-11-20T16:31:06","date_gmt":"2023-11-20T22:31:06","guid":{"rendered":"https:\/\/shareguatemala.org\/?page_id=2083"},"modified":"2023-11-20T17:02:39","modified_gmt":"2023-11-20T23:02:39","slug":"politica-de-privacidad-para-usuarios","status":"publish","type":"page","link":"https:\/\/shareguatemala.org\/es\/politica-de-privacidad-para-usuarios\/","title":{"rendered":"Pol\u00edtica de Privacidad para Usuarios"},"content":{"rendered":"\t\t<div data-elementor-type=\"wp-page\" data-elementor-id=\"2083\" class=\"elementor elementor-2083\" data-elementor-settings=\"[]\">\n\t\t\t<div class=\"elementor-inner\">\n\t\t\t\t<div class=\"elementor-section-wrap\">\n\t\t\t\t\t\t\t<section class=\"has_ae_slider elementor-element elementor-element-dae39e3 elementor-section-boxed elementor-section-height-default elementor-section-height-default ae-bg-gallery-type-default elementor-section elementor-top-section\" data-id=\"dae39e3\" data-element_type=\"section\">\n\t\t\t\t\t\t<div class=\"elementor-container elementor-column-gap-default\">\n\t\t\t\t<div class=\"elementor-row\">\n\t\t\t\t<div class=\"has_ae_slider elementor-element elementor-element-98b3a79 ae-bg-gallery-type-default elementor-column elementor-col-100 elementor-top-column\" data-id=\"98b3a79\" data-element_type=\"column\">\n\t\t\t<div class=\"elementor-column-wrap  elementor-element-populated\">\n\t\t\t\t\t<div class=\"elementor-widget-wrap\">\n\t\t\t\t<div class=\"elementor-element elementor-element-e8d53b5 elementor-widget elementor-widget-heading\" data-id=\"e8d53b5\" data-element_type=\"widget\" data-widget_type=\"heading.default\">\n\t\t\t\t<div class=\"elementor-widget-container\">\n\t\t\t<h2 class=\"elementor-heading-title elementor-size-default\">POLITICA DE PRIVACIDAD DE USUARIOS<\/h2>\t\t<\/div>\n\t\t\t\t<\/div>\n\t\t\t\t\t\t<\/div>\n\t\t\t<\/div>\n\t\t<\/div>\n\t\t\t\t\t\t<\/div>\n\t\t\t<\/div>\n\t\t<\/section>\n\t\t\t\t<section class=\"has_ae_slider elementor-element elementor-element-1e3ecbf0 elementor-section-boxed elementor-section-height-default elementor-section-height-default ae-bg-gallery-type-default elementor-section elementor-top-section\" data-id=\"1e3ecbf0\" data-element_type=\"section\">\n\t\t\t\t\t\t<div class=\"elementor-container elementor-column-gap-default\">\n\t\t\t\t<div class=\"elementor-row\">\n\t\t\t\t<div class=\"has_ae_slider elementor-element elementor-element-50e045a8 ae-bg-gallery-type-default elementor-column elementor-col-100 elementor-top-column\" data-id=\"50e045a8\" data-element_type=\"column\">\n\t\t\t<div class=\"elementor-column-wrap  elementor-element-populated\">\n\t\t\t\t\t<div class=\"elementor-widget-wrap\">\n\t\t\t\t<div class=\"elementor-element elementor-element-66cccade elementor-widget elementor-widget-text-editor\" data-id=\"66cccade\" data-element_type=\"widget\" data-widget_type=\"text-editor.default\">\n\t\t\t\t<div class=\"elementor-widget-container\">\n\t\t\t\t\t<div class=\"elementor-text-editor elementor-clearfix\"><p><!-- wp:paragraph --><\/p>\n<p><span style=\"font-size: 1rem;\">Esta aplicaci\u00f3n est\u00e1 dise\u00f1ada exclusivamente para uso de nuestros canal alterno AGENTES en SHARE, R.L. y queremos asegurarte que no recopilamos informaci\u00f3n personal ni sensible de nuestros usuarios. Esta Pol\u00edtica de Privacidad describe nuestra dedicaci\u00f3n a la privacidad de los usuarios y c\u00f3mo gestionamos la informaci\u00f3n dentro de nuestra aplicaci\u00f3n.<\/span><\/p>\n<p><!-- \/wp:paragraph --><\/p>\n<p><!-- wp:heading {\"level\":3} --><\/p>\n<h3>1. No Recopilaci\u00f3n de Informaci\u00f3n Personal<\/h3>\n<p><!-- \/wp:heading --><\/p>\n<p><!-- wp:paragraph --><\/p>\n<p>Nuestra aplicaci\u00f3n interna no recopila informaci\u00f3n personal de los usuarios. No solicitamos ni almacenamos datos como nombres, direcciones de correo electr\u00f3nico, n\u00fameros de tel\u00e9fono, o cualquier otra informaci\u00f3n identificable.<\/p>\n<p><!-- \/wp:paragraph --><\/p>\n<p><!-- wp:heading {\"level\":3} --><\/p>\n<h3>2. Uso de la Aplicaci\u00f3n<\/h3>\n<p><!-- \/wp:heading --><\/p>\n<p><!-- wp:paragraph --><\/p>\n<p>La aplicaci\u00f3n es de uso de empresas afiliadas a SHARE, R.L. exclusivamente con el prop\u00f3sito de mejorar la eficiencia y comunicaci\u00f3n con nuestros asociados. No se recopilan datos sobre la interacci\u00f3n de los usuarios con la aplicaci\u00f3n, ya que no hay necesidad de seguimiento individual.<\/p>\n<p><!-- \/wp:paragraph --><\/p>\n<p><!-- wp:heading {\"level\":3} --><\/p>\n<h3>3. Seguridad de la Informaci\u00f3n<\/h3>\n<p><!-- \/wp:heading --><\/p>\n<p><!-- wp:paragraph --><\/p>\n<p>Aunque no recopilamos informaci\u00f3n personal, tomamos medidas de seguridad para proteger cualquier dato interno que pueda estar contenido dentro de la aplicaci\u00f3n. Implementamos protocolos de seguridad para prevenir accesos no autorizados y asegurar la integridad de los datos internos.<\/p>\n<p><!-- \/wp:paragraph --><\/p>\n<p><!-- wp:heading {\"level\":3} --><\/p>\n<h3>4. Acceso y Control de la Informaci\u00f3n<\/h3>\n<p><!-- \/wp:heading --><\/p>\n<p><!-- wp:paragraph --><\/p>\n<p>Los usuarios de la aplicaci\u00f3n obtienen acceso al momento de afiliarse como AGENTE SHARE y \u00fanicamente tendr\u00e1 acceso a las funciones necesarias para realizar sus tareas dentro del \u00e1mbito laboral. No se proporciona acceso a informaci\u00f3n m\u00e1s all\u00e1 de lo necesario para el desempe\u00f1o de las responsabilidades laborales.<\/p>\n<p><!-- \/wp:paragraph --><\/p>\n<p><!-- wp:heading {\"level\":3} --><\/p>\n<h3>5. Actualizaciones de la Pol\u00edtica de Privacidad<\/h3>\n<p><!-- \/wp:heading --><\/p>\n<p><!-- wp:paragraph --><\/p>\n<p>En caso de realizar cambios en esta pol\u00edtica debido a actualizaciones de la aplicaci\u00f3n, te notificaremos internamente a trav\u00e9s de canales corporativos.<\/p>\n<p><!-- \/wp:paragraph --><\/p>\n<p><!-- wp:heading {\"level\":3} --><\/p>\n<h3>6. Contacto<\/h3>\n<p><!-- \/wp:heading --><\/p>\n<p><!-- wp:paragraph --><\/p>\n<p>Si tienes preguntas sobre la privacidad en nuestra aplicaci\u00f3n, por favor, contacta al equipo de soporte en SHARE al correo soporte@agenteshare.com para resolver las inquietudes.<\/p>\n<p><!-- \/wp:paragraph --><\/p><\/div>\n\t\t\t\t<\/div>\n\t\t\t\t<\/div>\n\t\t\t\t\t\t<\/div>\n\t\t\t<\/div>\n\t\t<\/div>\n\t\t\t\t\t\t<\/div>\n\t\t\t<\/div>\n\t\t<\/section>\n\t\t\t\t<section class=\"has_ae_slider elementor-element elementor-element-6e82420 elementor-section-boxed elementor-section-height-default elementor-section-height-default ae-bg-gallery-type-default elementor-section elementor-top-section\" data-id=\"6e82420\" data-element_type=\"section\">\n\t\t\t\t\t\t<div class=\"elementor-container elementor-column-gap-default\">\n\t\t\t\t<div class=\"elementor-row\">\n\t\t\t\t<div class=\"has_ae_slider elementor-element elementor-element-5d794eb ae-bg-gallery-type-default elementor-column elementor-col-100 elementor-top-column\" data-id=\"5d794eb\" data-element_type=\"column\">\n\t\t\t<div class=\"elementor-column-wrap  elementor-element-populated\">\n\t\t\t\t\t<div class=\"elementor-widget-wrap\">\n\t\t\t\t<div class=\"elementor-element elementor-element-ba01f19 elementor-widget elementor-widget-text-editor\" data-id=\"ba01f19\" data-element_type=\"widget\" data-widget_type=\"text-editor.default\">\n\t\t\t\t<div class=\"elementor-widget-container\">\n\t\t\t\t\t<div class=\"elementor-text-editor elementor-clearfix\"><p>Fecha de \u00faltima actualizaci\u00f3n: 20 de Noviembre de 2023<\/p><\/div>\n\t\t\t\t<\/div>\n\t\t\t\t<\/div>\n\t\t\t\t\t\t<\/div>\n\t\t\t<\/div>\n\t\t<\/div>\n\t\t\t\t\t\t<\/div>\n\t\t\t<\/div>\n\t\t<\/section>\n\t\t\t\t\t\t<\/div>\n\t\t\t<\/div>\n\t\t<\/div>\n\t\t","protected":false},"excerpt":{"rendered":"<p>POLITICA DE PRIVACIDAD DE USUARIOS Esta aplicaci\u00f3n est\u00e1 dise\u00f1ada exclusivamente para uso de nuestros canal alterno AGENTES en SHARE, R.L. y queremos asegurarte que no recopilamos informaci\u00f3n personal ni sensible de nuestros usuarios. Esta Pol\u00edtica de Privacidad describe nuestra dedicaci\u00f3n a la privacidad de los usuarios y c\u00f3mo gestionamos la informaci\u00f3n dentro de nuestra aplicaci\u00f3n. [&hellip;]<\/p>\n","protected":false},"author":5,"featured_media":0,"parent":0,"menu_order":0,"comment_status":"closed","ping_status":"closed","template":"elementor_canvas","meta":[],"_links":{"self":[{"href":"https:\/\/shareguatemala.org\/es\/wp-json\/wp\/v2\/pages\/2083"}],"collection":[{"href":"https:\/\/shareguatemala.org\/es\/wp-json\/wp\/v2\/pages"}],"about":[{"href":"https:\/\/shareguatemala.org\/es\/wp-json\/wp\/v2\/types\/page"}],"author":[{"embeddable":true,"href":"https:\/\/shareguatemala.org\/es\/wp-json\/wp\/v2\/users\/5"}],"replies":[{"embeddable":true,"href":"https:\/\/shareguatemala.org\/es\/wp-json\/wp\/v2\/comments?post=2083"}],"version-history":[{"count":11,"href":"https:\/\/shareguatemala.org\/es\/wp-json\/wp\/v2\/pages\/2083\/revisions"}],"predecessor-version":[{"id":2095,"href":"https:\/\/shareguatemala.org\/es\/wp-json\/wp\/v2\/pages\/2083\/revisions\/2095"}],"wp:attachment":[{"href":"https:\/\/shareguatemala.org\/es\/wp-json\/wp\/v2\/media?parent=2083"}],"curies":[{"name":"wp","href":"https:\/\/api.w.org\/{rel}","templated":true}]}}