{"id":2493,"date":"2025-07-16T19:41:54","date_gmt":"2025-07-17T01:41:54","guid":{"rendered":"https:\/\/shareguatemala.org\/?page_id=2493"},"modified":"2025-07-25T05:54:23","modified_gmt":"2025-07-25T11:54:23","slug":"nuestra-historia-3","status":"publish","type":"page","link":"https:\/\/shareguatemala.org\/es\/nuestra-historia-3\/","title":{"rendered":"Innovaci\u00f3n"},"content":{"rendered":"\t\t<div data-elementor-type=\"wp-page\" data-elementor-id=\"2493\" class=\"elementor elementor-2493\" data-elementor-settings=\"[]\">\n\t\t\t<div class=\"elementor-inner\">\n\t\t\t\t<div class=\"elementor-section-wrap\">\n\t\t\t\t\t\t\t<section class=\"has_ae_slider elementor-element elementor-element-21abc31d elementor-section-boxed elementor-section-height-default elementor-section-height-default ae-bg-gallery-type-default elementor-section elementor-top-section\" data-id=\"21abc31d\" data-element_type=\"section\">\n\t\t\t\t\t\t<div class=\"elementor-container elementor-column-gap-default\">\n\t\t\t\t<div class=\"elementor-row\">\n\t\t\t\t<div class=\"has_ae_slider elementor-element elementor-element-6d9aad73 ae-bg-gallery-type-default elementor-column elementor-col-100 elementor-top-column\" data-id=\"6d9aad73\" data-element_type=\"column\">\n\t\t\t<div class=\"elementor-column-wrap\">\n\t\t\t\t\t<div class=\"elementor-widget-wrap\">\n\t\t\t\t\t\t<\/div>\n\t\t\t<\/div>\n\t\t<\/div>\n\t\t\t\t\t\t<\/div>\n\t\t\t<\/div>\n\t\t<\/section>\n\t\t\t\t<section class=\"has_ae_slider elementor-element elementor-element-a58111b elementor-section-full_width elementor-section-height-min-height elementor-section-height-default elementor-section-items-middle ae-bg-gallery-type-default elementor-section elementor-top-section\" data-id=\"a58111b\" data-element_type=\"section\">\n\t\t\t\t\t\t<div class=\"elementor-container elementor-column-gap-no\">\n\t\t\t\t<div class=\"elementor-row\">\n\t\t\t\t<div class=\"has_ae_slider elementor-element elementor-element-fea11f2 ae-bg-gallery-type-default elementor-column elementor-col-100 elementor-top-column\" data-id=\"fea11f2\" data-element_type=\"column\">\n\t\t\t<div class=\"elementor-column-wrap  elementor-element-populated\">\n\t\t\t\t\t<div class=\"elementor-widget-wrap\">\n\t\t\t\t<div class=\"elementor-element elementor-element-11cd1c7 elementor-widget elementor-widget-text-editor\" data-id=\"11cd1c7\" data-element_type=\"widget\" data-widget_type=\"text-editor.default\">\n\t\t\t\t<div class=\"elementor-widget-container\">\n\t\t\t\t\t<div class=\"elementor-text-editor elementor-clearfix\"><h1>\u00a0<\/h1><h1><strong><span style=\"color: #696969;\">PROYECTOS DE INNOVACI\u00d3N<\/span><\/strong><\/h1><\/div>\n\t\t\t\t<\/div>\n\t\t\t\t<\/div>\n\t\t\t\t<div class=\"elementor-element elementor-element-06e60c9 elementor-widget elementor-widget-text-editor\" data-id=\"06e60c9\" data-element_type=\"widget\" data-widget_type=\"text-editor.default\">\n\t\t\t\t<div class=\"elementor-widget-container\">\n\t\t\t\t\t<div class=\"elementor-text-editor elementor-clearfix\"><\/div>\n\t\t\t\t<\/div>\n\t\t\t\t<\/div>\n\t\t\t\t<div class=\"elementor-element elementor-element-7df4620 elementor-widget elementor-widget-text-editor\" data-id=\"7df4620\" data-element_type=\"widget\" data-widget_type=\"text-editor.default\">\n\t\t\t\t<div class=\"elementor-widget-container\">\n\t\t\t\t\t<div class=\"elementor-text-editor elementor-clearfix\"><p style=\"text-align: justify;\"><span style=\"font-weight: 400;\">SHARE lidera el desarrollo en el pa\u00eds del <\/span><b>Laboratorio de innovaci\u00f3n para la reducci\u00f3n de p\u00e9rdidas post cosecha de ma\u00edz<\/b><span style=\"font-weight: 400;\"> de Feed the Future de USAID, liderada por la Universidad Estatal de Kansas, apalancando del pensamiento innovador y que permitieron el desarrollo de diferentes estrategias de desarrollo de capacidades en m\u00e1s de 300 peque\u00f1os agricultores y sus familias, el desarrollo de manuales para entrenadores con enfoque de g\u00e9nero, adaptaci\u00f3n de tecnolog\u00edas pertinentes y la implementaci\u00f3n de diferentes estrategias de\u00a0 difusi\u00f3n de informaci\u00f3n con enfoque de g\u00e9nero a actores locales y nacionales, acompa\u00f1adas de capacitaci\u00f3n t\u00e9cnica para estudiantes de diferentes centros universitarios locales (USAC, CUNOROC), extensionistas agron\u00f3micos de gobierno (MAGA,VIDER) totalizando m\u00e1s de 1,000 participantes. M\u00e1s informaci\u00f3n en el<\/span><a href=\"https:\/\/www.k-state.edu\/phl\/project-countries\/guatemala.html\"> <span style=\"font-weight: 400; color: #ffa4ab;\">sitio web.<\/span><\/a><\/p><\/div>\n\t\t\t\t<\/div>\n\t\t\t\t<\/div>\n\t\t\t\t<div class=\"elementor-element elementor-element-7660ef9 elementor-widget elementor-widget-image\" data-id=\"7660ef9\" data-element_type=\"widget\" data-widget_type=\"image.default\">\n\t\t\t\t<div class=\"elementor-widget-container\">\n\t\t\t\t\t<div class=\"elementor-image\">\n\t\t\t\t\t\t\t\t\t\t<img width=\"800\" height=\"496\" src=\"https:\/\/shareguatemala.org\/wp-content\/uploads\/2022\/03\/credito-a-agricultores-guatemala-1024x635.png\" class=\"attachment-large size-large\" alt=\"\" loading=\"lazy\" srcset=\"https:\/\/shareguatemala.org\/wp-content\/uploads\/2022\/03\/credito-a-agricultores-guatemala-1024x635.png 1024w, https:\/\/shareguatemala.org\/wp-content\/uploads\/2022\/03\/credito-a-agricultores-guatemala-300x186.png 300w, https:\/\/shareguatemala.org\/wp-content\/uploads\/2022\/03\/credito-a-agricultores-guatemala-768x476.png 768w, https:\/\/shareguatemala.org\/wp-content\/uploads\/2022\/03\/credito-a-agricultores-guatemala-18x12.png 18w, https:\/\/shareguatemala.org\/wp-content\/uploads\/2022\/03\/credito-a-agricultores-guatemala-24x15.png 24w, https:\/\/shareguatemala.org\/wp-content\/uploads\/2022\/03\/credito-a-agricultores-guatemala-36x22.png 36w, https:\/\/shareguatemala.org\/wp-content\/uploads\/2022\/03\/credito-a-agricultores-guatemala-48x30.png 48w, https:\/\/shareguatemala.org\/wp-content\/uploads\/2022\/03\/credito-a-agricultores-guatemala.png 1505w\" sizes=\"(max-width: 800px) 100vw, 800px\" \/>\t\t\t\t\t\t\t\t\t\t\t<\/div>\n\t\t\t\t<\/div>\n\t\t\t\t<\/div>\n\t\t\t\t<div class=\"elementor-element elementor-element-63d5b39 elementor-widget elementor-widget-text-editor\" data-id=\"63d5b39\" data-element_type=\"widget\" data-widget_type=\"text-editor.default\">\n\t\t\t\t<div class=\"elementor-widget-container\">\n\t\t\t\t\t<div class=\"elementor-text-editor elementor-clearfix\"><h1><span style=\"color: #ce132c;\"><b>Turismo<\/b><\/span><\/h1><h1><strong><span style=\"color: #696969;\">RURAL<\/span><\/strong><\/h1><\/div>\n\t\t\t\t<\/div>\n\t\t\t\t<\/div>\n\t\t\t\t<div class=\"elementor-element elementor-element-81a6e88 elementor-widget elementor-widget-text-editor\" data-id=\"81a6e88\" data-element_type=\"widget\" data-widget_type=\"text-editor.default\">\n\t\t\t\t<div class=\"elementor-widget-container\">\n\t\t\t\t\t<div class=\"elementor-text-editor elementor-clearfix\"><p style=\"text-align: justify;\"><span style=\"font-weight: 400;\">Tambi\u00e9n SHARE trabaja propiciando el intercambio cultural a trav\u00e9s de vivencias impactantes entre comunidades anfitrionas y visitantes, para inspirarlos a actuar en el mejoramiento de su vida y de la sociedad, a trav\u00e9s de diversas actividades y proyectos en Guatemala por medio de<\/span><a href=\"http:\/\/www.sharetoursguatemala.org\/\"> <span style=\"font-weight: 400; color: #ffa4ab;\">SHARE Tours<\/span><\/a>\u00a0.Durante 2019 se desarrollaron 19 proyectos liderados por estudiantes universitarios de diferentes partes del mundo, gracias a las alianzas con universidades de: Universidad Estatal de Kansas, Universidad de Emlyon, Universidad de Wisconsin Madison y Universidad Rafael Land\u00edvar de Guatemala.<\/p><\/div>\n\t\t\t\t<\/div>\n\t\t\t\t<\/div>\n\t\t\t\t<div class=\"elementor-element elementor-element-b61c1eb elementor-widget elementor-widget-image\" data-id=\"b61c1eb\" data-element_type=\"widget\" data-widget_type=\"image.default\">\n\t\t\t\t<div class=\"elementor-widget-container\">\n\t\t\t\t\t<div class=\"elementor-image\">\n\t\t\t\t\t\t\t\t\t\t<img width=\"800\" height=\"496\" src=\"https:\/\/shareguatemala.org\/wp-content\/uploads\/2022\/03\/prestamos-en-Guatemala-1-1024x635-1.png\" class=\"attachment-large size-large\" alt=\"\" loading=\"lazy\" srcset=\"https:\/\/shareguatemala.org\/wp-content\/uploads\/2022\/03\/prestamos-en-Guatemala-1-1024x635-1.png 1024w, https:\/\/shareguatemala.org\/wp-content\/uploads\/2022\/03\/prestamos-en-Guatemala-1-1024x635-1-300x186.png 300w, https:\/\/shareguatemala.org\/wp-content\/uploads\/2022\/03\/prestamos-en-Guatemala-1-1024x635-1-768x476.png 768w, https:\/\/shareguatemala.org\/wp-content\/uploads\/2022\/03\/prestamos-en-Guatemala-1-1024x635-1-18x12.png 18w, https:\/\/shareguatemala.org\/wp-content\/uploads\/2022\/03\/prestamos-en-Guatemala-1-1024x635-1-24x15.png 24w, https:\/\/shareguatemala.org\/wp-content\/uploads\/2022\/03\/prestamos-en-Guatemala-1-1024x635-1-36x22.png 36w, https:\/\/shareguatemala.org\/wp-content\/uploads\/2022\/03\/prestamos-en-Guatemala-1-1024x635-1-48x30.png 48w\" sizes=\"(max-width: 800px) 100vw, 800px\" \/>\t\t\t\t\t\t\t\t\t\t\t<\/div>\n\t\t\t\t<\/div>\n\t\t\t\t<\/div>\n\t\t\t\t<div class=\"elementor-element elementor-element-1f173a9 elementor-widget elementor-widget-text-editor\" data-id=\"1f173a9\" data-element_type=\"widget\" data-widget_type=\"text-editor.default\">\n\t\t\t\t<div class=\"elementor-widget-container\">\n\t\t\t\t\t<div class=\"elementor-text-editor elementor-clearfix\"><h1><span style=\"color: #ce132c;\"><b>Reducci\u00f3n al riesgo de<\/b><\/span><\/h1><h1><strong><span style=\"color: #696969;\">DESASTRES<\/span><\/strong><\/h1><\/div>\n\t\t\t\t<\/div>\n\t\t\t\t<\/div>\n\t\t\t\t<div class=\"elementor-element elementor-element-ad1e8d1 elementor-widget elementor-widget-image\" data-id=\"ad1e8d1\" data-element_type=\"widget\" data-widget_type=\"image.default\">\n\t\t\t\t<div class=\"elementor-widget-container\">\n\t\t\t\t\t<div class=\"elementor-image\">\n\t\t\t\t\t\t\t\t\t\t<img width=\"800\" height=\"496\" src=\"https:\/\/shareguatemala.org\/wp-content\/uploads\/2022\/03\/creditos-en-Guatemala-1-1024x635-1.png\" class=\"attachment-large size-large\" alt=\"\" loading=\"lazy\" srcset=\"https:\/\/shareguatemala.org\/wp-content\/uploads\/2022\/03\/creditos-en-Guatemala-1-1024x635-1.png 1024w, https:\/\/shareguatemala.org\/wp-content\/uploads\/2022\/03\/creditos-en-Guatemala-1-1024x635-1-300x186.png 300w, https:\/\/shareguatemala.org\/wp-content\/uploads\/2022\/03\/creditos-en-Guatemala-1-1024x635-1-768x476.png 768w, https:\/\/shareguatemala.org\/wp-content\/uploads\/2022\/03\/creditos-en-Guatemala-1-1024x635-1-18x12.png 18w, https:\/\/shareguatemala.org\/wp-content\/uploads\/2022\/03\/creditos-en-Guatemala-1-1024x635-1-24x15.png 24w, https:\/\/shareguatemala.org\/wp-content\/uploads\/2022\/03\/creditos-en-Guatemala-1-1024x635-1-36x22.png 36w, https:\/\/shareguatemala.org\/wp-content\/uploads\/2022\/03\/creditos-en-Guatemala-1-1024x635-1-48x30.png 48w\" sizes=\"(max-width: 800px) 100vw, 800px\" \/>\t\t\t\t\t\t\t\t\t\t\t<\/div>\n\t\t\t\t<\/div>\n\t\t\t\t<\/div>\n\t\t\t\t<div class=\"elementor-element elementor-element-449361a elementor-widget elementor-widget-text-editor\" data-id=\"449361a\" data-element_type=\"widget\" data-widget_type=\"text-editor.default\">\n\t\t\t\t<div class=\"elementor-widget-container\">\n\t\t\t\t\t<div class=\"elementor-text-editor elementor-clearfix\"><p style=\"text-align: justify;\"><span style=\"font-weight: 400;\">A trav\u00e9s del fortalecimiento de capacidades municipales locales para manejo de riesgo y la iniciativa <\/span><b>Proyecto para el Fortalecimiento de Capacidades Municipales y Comunitarias para el Manejo del Riesgo y la Inclusi\u00f3n de G\u00e9nero<\/b><span style=\"font-weight: 400;\"> de 2014 a 2018 con el apoyo de USAID OFDA y SE CONRED, beneficiando directamente a poblaciones vulnerables en contextos sociales de desventaja de los departamentos de Quetzaltenango, Retalhuleu, San Marcos, Escuintla, Sacatep\u00e9quez, Chimaltenango, Guatemala, Zacapa y Alta Verapaz.<\/span><\/p><\/div>\n\t\t\t\t<\/div>\n\t\t\t\t<\/div>\n\t\t\t\t\t\t<\/div>\n\t\t\t<\/div>\n\t\t<\/div>\n\t\t\t\t\t\t<\/div>\n\t\t\t<\/div>\n\t\t<\/section>\n\t\t\t\t\t\t<\/div>\n\t\t\t<\/div>\n\t\t<\/div>\n\t\t","protected":false},"excerpt":{"rendered":"<p>\u00a0 PROYECTOS DE INNOVACI\u00d3N SHARE lidera el desarrollo en el pa\u00eds del Laboratorio de innovaci\u00f3n para la reducci\u00f3n de p\u00e9rdidas post cosecha de ma\u00edz de Feed the Future de USAID, liderada por la Universidad Estatal de Kansas, apalancando del pensamiento innovador y que permitieron el desarrollo de diferentes estrategias de desarrollo de capacidades en m\u00e1s [&hellip;]<\/p>\n","protected":false},"author":5,"featured_media":0,"parent":0,"menu_order":0,"comment_status":"closed","ping_status":"closed","template":"elementor_header_footer","meta":[],"_links":{"self":[{"href":"https:\/\/shareguatemala.org\/es\/wp-json\/wp\/v2\/pages\/2493"}],"collection":[{"href":"https:\/\/shareguatemala.org\/es\/wp-json\/wp\/v2\/pages"}],"about":[{"href":"https:\/\/shareguatemala.org\/es\/wp-json\/wp\/v2\/types\/page"}],"author":[{"embeddable":true,"href":"https:\/\/shareguatemala.org\/es\/wp-json\/wp\/v2\/users\/5"}],"replies":[{"embeddable":true,"href":"https:\/\/shareguatemala.org\/es\/wp-json\/wp\/v2\/comments?post=2493"}],"version-history":[{"count":17,"href":"https:\/\/shareguatemala.org\/es\/wp-json\/wp\/v2\/pages\/2493\/revisions"}],"predecessor-version":[{"id":2568,"href":"https:\/\/shareguatemala.org\/es\/wp-json\/wp\/v2\/pages\/2493\/revisions\/2568"}],"wp:attachment":[{"href":"https:\/\/shareguatemala.org\/es\/wp-json\/wp\/v2\/media?parent=2493"}],"curies":[{"name":"wp","href":"https:\/\/api.w.org\/{rel}","templated":true}]}}