{"id":69,"date":"2020-10-30T19:49:09","date_gmt":"2020-10-30T18:49:09","guid":{"rendered":"https:\/\/shareguatemala.org\/?page_id=69"},"modified":"2022-03-14T17:22:10","modified_gmt":"2022-03-14T23:22:10","slug":"sobre-share-2","status":"publish","type":"page","link":"https:\/\/shareguatemala.org\/es\/sobre-share-2\/","title":{"rendered":"Sobre SHARE"},"content":{"rendered":"\t\t<div data-elementor-type=\"wp-page\" data-elementor-id=\"69\" class=\"elementor elementor-69\" data-elementor-settings=\"[]\">\n\t\t\t<div class=\"elementor-inner\">\n\t\t\t\t<div class=\"elementor-section-wrap\">\n\t\t\t\t\t\t\t<section class=\"has_ae_slider elementor-element elementor-element-9e88ebd elementor-section-stretched elementor-section-full_width elementor-section-height-default elementor-section-height-default ae-bg-gallery-type-default elementor-section elementor-top-section\" data-id=\"9e88ebd\" data-element_type=\"section\" data-settings=\"{&quot;stretch_section&quot;:&quot;section-stretched&quot;}\">\n\t\t\t\t\t\t<div class=\"elementor-container elementor-column-gap-default\">\n\t\t\t\t<div class=\"elementor-row\">\n\t\t\t\t<div class=\"has_ae_slider elementor-element elementor-element-6266abb ae-bg-gallery-type-default elementor-column elementor-col-100 elementor-top-column\" data-id=\"6266abb\" data-element_type=\"column\">\n\t\t\t<div class=\"elementor-column-wrap  elementor-element-populated\">\n\t\t\t\t\t<div class=\"elementor-widget-wrap\">\n\t\t\t\t<div class=\"elementor-element elementor-element-7b54a6b elementor-widget elementor-widget-image\" data-id=\"7b54a6b\" data-element_type=\"widget\" data-widget_type=\"image.default\">\n\t\t\t\t<div class=\"elementor-widget-container\">\n\t\t\t\t\t<div class=\"elementor-image\">\n\t\t\t\t\t\t\t\t\t\t<img src=\"https:\/\/shareguatemala.org\/wp-content\/uploads\/2022\/03\/nuestra-historia-share-en-Guatemala.png\" title=\"nuestra-historia-share-en-Guatemala\" alt=\"nuestra-historia-share-en-Guatemala\" \/>\t\t\t\t\t\t\t\t\t\t\t<\/div>\n\t\t\t\t<\/div>\n\t\t\t\t<\/div>\n\t\t\t\t\t\t<\/div>\n\t\t\t<\/div>\n\t\t<\/div>\n\t\t\t\t\t\t<\/div>\n\t\t\t<\/div>\n\t\t<\/section>\n\t\t\t\t<section class=\"has_ae_slider elementor-element elementor-element-04d1855 elementor-section-boxed elementor-section-height-default elementor-section-height-default ae-bg-gallery-type-default elementor-section elementor-top-section\" data-id=\"04d1855\" data-element_type=\"section\" data-settings=\"{&quot;background_background&quot;:&quot;classic&quot;}\">\n\t\t\t\t\t\t<div class=\"elementor-container elementor-column-gap-default\">\n\t\t\t\t<div class=\"elementor-row\">\n\t\t\t\t<div class=\"has_ae_slider elementor-element elementor-element-2d411d8 ae-bg-gallery-type-default elementor-column elementor-col-100 elementor-top-column\" data-id=\"2d411d8\" data-element_type=\"column\" data-settings=\"{&quot;background_background&quot;:&quot;classic&quot;}\">\n\t\t\t<div class=\"elementor-column-wrap  elementor-element-populated\">\n\t\t\t\t\t\t\t<div class=\"elementor-background-overlay\"><\/div>\n\t\t\t\t\t<div class=\"elementor-widget-wrap\">\n\t\t\t\t<div class=\"elementor-element elementor-element-926ae0b elementor-widget elementor-widget-heading\" data-id=\"926ae0b\" data-element_type=\"widget\" data-widget_type=\"heading.default\">\n\t\t\t\t<div class=\"elementor-widget-container\">\n\t\t\t<h2 class=\"elementor-heading-title elementor-size-default\">Sobre SHARE<\/h2>\t\t<\/div>\n\t\t\t\t<\/div>\n\t\t\t\t<section class=\"has_ae_slider elementor-element elementor-element-91820b3 elementor-section-boxed elementor-section-height-default elementor-section-height-default ae-bg-gallery-type-default elementor-section elementor-inner-section\" data-id=\"91820b3\" data-element_type=\"section\">\n\t\t\t\t\t\t<div class=\"elementor-container elementor-column-gap-default\">\n\t\t\t\t<div class=\"elementor-row\">\n\t\t\t\t<div class=\"has_ae_slider elementor-element elementor-element-8d303ad ae-bg-gallery-type-default elementor-column elementor-col-50 elementor-inner-column\" data-id=\"8d303ad\" data-element_type=\"column\">\n\t\t\t<div class=\"elementor-column-wrap  elementor-element-populated\">\n\t\t\t\t\t<div class=\"elementor-widget-wrap\">\n\t\t\t\t<div class=\"elementor-element elementor-element-41e04d7 elementor-widget elementor-widget-text-editor\" data-id=\"41e04d7\" data-element_type=\"widget\" data-widget_type=\"text-editor.default\">\n\t\t\t\t<div class=\"elementor-widget-container\">\n\t\t\t\t\t<div class=\"elementor-text-editor elementor-clearfix\"><p><span style=\"font-weight: 400;\">SHARE naci\u00f3 en el a\u00f1o 1987 implementando programas de desarrollo econ\u00f3mico y social en Guatemala, el trabajo de SHARE se basa actualmente en la generaci\u00f3n de soluciones \u00f3ptimas para el desarrollo integral de las personas.<\/span><\/p><p><span style=\"font-weight: 400;\">SHARE realiza esfuerzos para catalizar estas oportunidades para el beneficio de guatemaltecos y guatemaltecas emprendedores. Esto lo realiza a trav\u00e9s de un consorcio confiable y de excelencia, reconocido por su calidez, agilidad y contribuci\u00f3n al bienestar humano. SHARE trabaja en los departamentos de Guatemala, Jutiapa, Chimaltenango, Alta Verapaz, Baja Verapaz, Huehuetenango, El Quich\u00e9, Sacatep\u00e9quez y Santa Rosa.<\/span><\/p><\/div>\n\t\t\t\t<\/div>\n\t\t\t\t<\/div>\n\t\t\t\t\t\t<\/div>\n\t\t\t<\/div>\n\t\t<\/div>\n\t\t\t\t<div class=\"has_ae_slider elementor-element elementor-element-24073f9 ae-bg-gallery-type-default elementor-column elementor-col-50 elementor-inner-column\" data-id=\"24073f9\" data-element_type=\"column\">\n\t\t\t<div class=\"elementor-column-wrap  elementor-element-populated\">\n\t\t\t\t\t<div class=\"elementor-widget-wrap\">\n\t\t\t\t<div class=\"elementor-element elementor-element-acdf60a elementor-widget elementor-widget-text-editor\" data-id=\"acdf60a\" data-element_type=\"widget\" data-widget_type=\"text-editor.default\">\n\t\t\t\t<div class=\"elementor-widget-container\">\n\t\t\t\t\t<div class=\"elementor-text-editor elementor-clearfix\"><p><span style=\"font-weight: 400;\">El camino tomado por SHARE para avanzar en el enriquecimiento social en Guatemala lo realiza apoyando la transformaci\u00f3n de la calidad de vida de los guatemaltecos, descrito en el sue\u00f1o de pa\u00eds de SHARE, una gu\u00eda de la ruta para el importante trabajo que realiza desarrollada por el equipo de SHARE.<\/span><\/p><\/div>\n\t\t\t\t<\/div>\n\t\t\t\t<\/div>\n\t\t\t\t\t\t<\/div>\n\t\t\t<\/div>\n\t\t<\/div>\n\t\t\t\t\t\t<\/div>\n\t\t\t<\/div>\n\t\t<\/section>\n\t\t\t\t<div class=\"elementor-element elementor-element-6023662 elementor-widget elementor-widget-text-editor\" data-id=\"6023662\" data-element_type=\"widget\" data-widget_type=\"text-editor.default\">\n\t\t\t\t<div class=\"elementor-widget-container\">\n\t\t\t\t\t<div class=\"elementor-text-editor elementor-clearfix\"><h2><span style=\"color: #ce132c;\"><strong>El sue\u00f1o del Pa\u00eds<\/strong><\/span><\/h2><h1><strong><span style=\"color: #696969;\">DE SHARE<\/span><\/strong><\/h1><\/div>\n\t\t\t\t<\/div>\n\t\t\t\t<\/div>\n\t\t\t\t<div class=\"elementor-element elementor-element-8cd8675 elementor-widget__width-initial elementor-widget-mobile__width-inherit elementor-widget elementor-widget-text-editor\" data-id=\"8cd8675\" data-element_type=\"widget\" data-widget_type=\"text-editor.default\">\n\t\t\t\t<div class=\"elementor-widget-container\">\n\t\t\t\t\t<div class=\"elementor-text-editor elementor-clearfix\"><p>Nosotros, la Asamblea de socios y el personal de SHARE continuamos\u00a0<span style=\"font-size: 1rem;\">el cambio que llev\u00f3 a Guatemala a ser el pa\u00eds que todos conocemos\u00a0<\/span><span style=\"font-size: 1rem;\">hoy:\u00a0<\/span><\/p><p>Nosotros, la Asamblea de socios y el personal de SHARE continuamos\u00a0<span style=\"font-size: 1rem;\">el cambio que llev\u00f3 a Guatemala a ser el pa\u00eds que todos conocemos\u00a0<\/span><span style=\"font-size: 1rem;\">hoy:<\/span><span style=\"font-size: 1rem;\">\u00a0<\/span><\/p><p>Hoy somos un pueblo feliz y pr\u00f3spero que aprendi\u00f3 a vivir en armon\u00eda y\u00a0<span style=\"font-size: 1rem;\">a aprovechar sus recursos respetando a la naturaleza; que crea,\u00a0<\/span><span style=\"font-size: 1rem;\">desarrolla y exporta tecnolog\u00eda, servicios y productos a gran escala.\u00a0<\/span><span style=\"font-size: 1rem;\">Hoy nuestros recursos son bien invertidos y la palabra corrupci\u00f3n solo\u00a0<\/span><span style=\"font-size: 1rem;\">existe en el recuerdo.<\/span><\/p><p>Hoy nuestros recursos son bien invertidos y la palabra corrupci\u00f3n solo<br \/>existe en el recuerdo.<\/p><\/div>\n\t\t\t\t<\/div>\n\t\t\t\t<\/div>\n\t\t\t\t<div class=\"elementor-element elementor-element-c196dd7 elementor-widget elementor-widget-heading\" data-id=\"c196dd7\" data-element_type=\"widget\" data-widget_type=\"heading.default\">\n\t\t\t\t<div class=\"elementor-widget-container\">\n\t\t\t<h2 class=\"elementor-heading-title elementor-size-default\">Visi\u00f3n<\/h2>\t\t<\/div>\n\t\t\t\t<\/div>\n\t\t\t\t<div class=\"elementor-element elementor-element-f026bb5 elementor-widget elementor-widget-text-editor\" data-id=\"f026bb5\" data-element_type=\"widget\" data-widget_type=\"text-editor.default\">\n\t\t\t\t<div class=\"elementor-widget-container\">\n\t\t\t\t\t<div class=\"elementor-text-editor elementor-clearfix\"><p>Ser un consorcio auto-sostenible, confiable y de excelencia, reconocido<br \/>por su calidez, agilidad y contribuci\u00f3n al bienestar humano.<\/p><\/div>\n\t\t\t\t<\/div>\n\t\t\t\t<\/div>\n\t\t\t\t<div class=\"elementor-element elementor-element-7f329f6 elementor-widget elementor-widget-heading\" data-id=\"7f329f6\" data-element_type=\"widget\" data-widget_type=\"heading.default\">\n\t\t\t\t<div class=\"elementor-widget-container\">\n\t\t\t<h2 class=\"elementor-heading-title elementor-size-default\">Misi\u00f3n<\/h2>\t\t<\/div>\n\t\t\t\t<\/div>\n\t\t\t\t<div class=\"elementor-element elementor-element-5610eef elementor-widget elementor-widget-text-editor\" data-id=\"5610eef\" data-element_type=\"widget\" data-widget_type=\"text-editor.default\">\n\t\t\t\t<div class=\"elementor-widget-container\">\n\t\t\t\t\t<div class=\"elementor-text-editor elementor-clearfix\"><p>Proveer soluciones \u00f3ptimas para el desarrollo integral de las personas.<\/p><\/div>\n\t\t\t\t<\/div>\n\t\t\t\t<\/div>\n\t\t\t\t<div class=\"elementor-element elementor-element-1f98f4d elementor-widget elementor-widget-heading\" data-id=\"1f98f4d\" data-element_type=\"widget\" data-widget_type=\"heading.default\">\n\t\t\t\t<div class=\"elementor-widget-container\">\n\t\t\t<h2 class=\"elementor-heading-title elementor-size-default\">Valores<\/h2>\t\t<\/div>\n\t\t\t\t<\/div>\n\t\t\t\t<section class=\"has_ae_slider elementor-element elementor-element-cea8f4e elementor-section-boxed elementor-section-height-default elementor-section-height-default ae-bg-gallery-type-default elementor-section elementor-inner-section\" data-id=\"cea8f4e\" data-element_type=\"section\">\n\t\t\t\t\t\t<div class=\"elementor-container elementor-column-gap-default\">\n\t\t\t\t<div class=\"elementor-row\">\n\t\t\t\t<div class=\"has_ae_slider elementor-element elementor-element-7ddc5ce ae-bg-gallery-type-default elementor-column elementor-col-50 elementor-inner-column\" data-id=\"7ddc5ce\" data-element_type=\"column\">\n\t\t\t<div class=\"elementor-column-wrap  elementor-element-populated\">\n\t\t\t\t\t<div class=\"elementor-widget-wrap\">\n\t\t\t\t<div class=\"elementor-element elementor-element-02b1cf2 elementor-widget elementor-widget-image\" data-id=\"02b1cf2\" data-element_type=\"widget\" data-widget_type=\"image.default\">\n\t\t\t\t<div class=\"elementor-widget-container\">\n\t\t\t\t\t<div class=\"elementor-image\">\n\t\t\t\t\t\t\t\t\t\t<img width=\"231\" height=\"225\" src=\"https:\/\/shareguatemala.org\/wp-content\/uploads\/2020\/10\/bandera-guate.png\" class=\"attachment-large size-large\" alt=\"\" loading=\"lazy\" \/>\t\t\t\t\t\t\t\t\t\t\t<\/div>\n\t\t\t\t<\/div>\n\t\t\t\t<\/div>\n\t\t\t\t\t\t<\/div>\n\t\t\t<\/div>\n\t\t<\/div>\n\t\t\t\t<div class=\"has_ae_slider elementor-element elementor-element-06e813a ae-bg-gallery-type-default elementor-column elementor-col-50 elementor-inner-column\" data-id=\"06e813a\" data-element_type=\"column\">\n\t\t\t<div class=\"elementor-column-wrap  elementor-element-populated\">\n\t\t\t\t\t<div class=\"elementor-widget-wrap\">\n\t\t\t\t<div class=\"elementor-element elementor-element-3e1427f elementor-widget elementor-widget-text-editor\" data-id=\"3e1427f\" data-element_type=\"widget\" data-widget_type=\"text-editor.default\">\n\t\t\t\t<div class=\"elementor-widget-container\">\n\t\t\t\t\t<div class=\"elementor-text-editor elementor-clearfix\"><p><strong>Lea sobre \u201cRespuesta SHARE a COVID-19\u201d<\/strong><\/p><\/div>\n\t\t\t\t<\/div>\n\t\t\t\t<\/div>\n\t\t\t\t<div class=\"elementor-element elementor-element-e75ceec elementor-align-left elementor-widget elementor-widget-button\" data-id=\"e75ceec\" data-element_type=\"widget\" data-widget_type=\"button.default\">\n\t\t\t\t<div class=\"elementor-widget-container\">\n\t\t\t\t\t<div class=\"elementor-button-wrapper\">\n\t\t\t<a href=\"ayudando-la-educacions-de-ninos-ninas\" class=\"elementor-button-link elementor-button elementor-size-md\" role=\"button\">\n\t\t\t\t\t\t<span class=\"elementor-button-content-wrapper\">\n\t\t\t\t\t\t<span class=\"elementor-button-text\">Conozca m\u00e1s<\/span>\n\t\t<\/span>\n\t\t\t\t\t<\/a>\n\t\t<\/div>\n\t\t\t\t<\/div>\n\t\t\t\t<\/div>\n\t\t\t\t\t\t<\/div>\n\t\t\t<\/div>\n\t\t<\/div>\n\t\t\t\t\t\t<\/div>\n\t\t\t<\/div>\n\t\t<\/section>\n\t\t\t\t<div class=\"elementor-element elementor-element-190934b elementor-widget elementor-widget-image\" data-id=\"190934b\" data-element_type=\"widget\" data-widget_type=\"image.default\">\n\t\t\t\t<div class=\"elementor-widget-container\">\n\t\t\t\t\t<div class=\"elementor-image\">\n\t\t\t\t\t\t\t\t\t\t<img width=\"800\" height=\"800\" src=\"https:\/\/shareguatemala.org\/wp-content\/uploads\/2022\/03\/share-mas-cerca-de-ti-1024x1024.png\" class=\"attachment-large size-large\" alt=\"\" loading=\"lazy\" srcset=\"https:\/\/shareguatemala.org\/wp-content\/uploads\/2022\/03\/share-mas-cerca-de-ti.png 1024w, https:\/\/shareguatemala.org\/wp-content\/uploads\/2022\/03\/share-mas-cerca-de-ti-300x300.png 300w, https:\/\/shareguatemala.org\/wp-content\/uploads\/2022\/03\/share-mas-cerca-de-ti-150x150.png 150w, https:\/\/shareguatemala.org\/wp-content\/uploads\/2022\/03\/share-mas-cerca-de-ti-768x768.png 768w, https:\/\/shareguatemala.org\/wp-content\/uploads\/2022\/03\/share-mas-cerca-de-ti-12x12.png 12w, https:\/\/shareguatemala.org\/wp-content\/uploads\/2022\/03\/share-mas-cerca-de-ti-24x24.png 24w, https:\/\/shareguatemala.org\/wp-content\/uploads\/2022\/03\/share-mas-cerca-de-ti-36x36.png 36w, https:\/\/shareguatemala.org\/wp-content\/uploads\/2022\/03\/share-mas-cerca-de-ti-48x48.png 48w\" sizes=\"(max-width: 800px) 100vw, 800px\" \/>\t\t\t\t\t\t\t\t\t\t\t<\/div>\n\t\t\t\t<\/div>\n\t\t\t\t<\/div>\n\t\t\t\t<div class=\"elementor-element elementor-element-1bcda55 elementor-widget elementor-widget-text-editor\" data-id=\"1bcda55\" data-element_type=\"widget\" data-widget_type=\"text-editor.default\">\n\t\t\t\t<div class=\"elementor-widget-container\">\n\t\t\t\t\t<div class=\"elementor-text-editor elementor-clearfix\"><h2><span style=\"color: #ce132c;\"><strong>Listado de<\/strong><\/span><\/h2><h1><strong><span style=\"color: #696969;\">OTROS PROYECTOS<\/span><\/strong><\/h1><\/div>\n\t\t\t\t<\/div>\n\t\t\t\t<\/div>\n\t\t\t\t<div class=\"elementor-element elementor-element-5114231 pp-icon-right lista-share elementor-widget__width-initial elementor-widget-mobile__width-inherit pp-icon-list-traditional elementor-widget elementor-widget-pp-icon-list\" data-id=\"5114231\" data-element_type=\"widget\" data-widget_type=\"pp-icon-list.default\">\n\t\t\t\t<div class=\"elementor-widget-container\">\n\t\t\t        <div class=\"pp-list-container\">\n            <ul class=\"pp-list-items\">\n                                    \t\t\t\t\t\t                        <li class=\"pp-icon-list-item\">\n                            <a href=\"sobre-share\/otros-proyectos\/#becas\">\t\t\t<span class=\"pp-icon-wrapper\">\n\t\t\t\t\t\t\t<\/span>\n\t\t\t<span class=\"pp-icon-list-text\">Proyecto de Becas Escolares para Ni\u00f1as y Ni\u00f1os <\/span><\/a>                        <\/li>\n                                                        \t\t\t\t\t\t                        <li class=\"pp-icon-list-item\">\n                            <a href=\"sobre-share\/otros-proyectos\/#investigacion\">\t\t\t<span class=\"pp-icon-wrapper\">\n\t\t\t\t\t\t\t<\/span>\n\t\t\t<span class=\"pp-icon-list-text\">Investigaci\u00f3n e Innovaci\u00f3n<\/span><\/a>                        <\/li>\n                                                        \t\t\t\t\t\t                        <li class=\"pp-icon-list-item\">\n                            <a href=\"sobre-share\/otros-proyectos\/#tours\">\t\t\t<span class=\"pp-icon-wrapper\">\n\t\t\t\t\t\t\t<\/span>\n\t\t\t<span class=\"pp-icon-list-text\">Programa SHARE Tours<\/span><\/a>                        <\/li>\n                                                        \t\t\t\t\t\t                        <li class=\"pp-icon-list-item\">\n                            <a href=\"sobre-share\/otros-proyectos\/#riesgos\">\t\t\t<span class=\"pp-icon-wrapper\">\n\t\t\t\t\t\t\t<\/span>\n\t\t\t<span class=\"pp-icon-list-text\"> Fortalecimiento de Capacidades Municipales y  Comunitarias para el Manejo del Riesgo<\/span><\/a>                        <\/li>\n                                                <\/ul>\n        <\/div>\n        \t\t<\/div>\n\t\t\t\t<\/div>\n\t\t\t\t\t\t<\/div>\n\t\t\t<\/div>\n\t\t<\/div>\n\t\t\t\t\t\t<\/div>\n\t\t\t<\/div>\n\t\t<\/section>\n\t\t\t\t\t\t<\/div>\n\t\t\t<\/div>\n\t\t<\/div>\n\t\t","protected":false},"excerpt":{"rendered":"<p>Sobre SHARE SHARE naci\u00f3 en el a\u00f1o 1987 implementando programas de desarrollo econ\u00f3mico y social en Guatemala, el trabajo de SHARE se basa actualmente en la generaci\u00f3n de soluciones \u00f3ptimas para el desarrollo integral de las personas. SHARE realiza esfuerzos para catalizar estas oportunidades para el beneficio de guatemaltecos y guatemaltecas emprendedores. Esto lo realiza [&hellip;]<\/p>\n","protected":false},"author":4,"featured_media":0,"parent":0,"menu_order":0,"comment_status":"closed","ping_status":"closed","template":"elementor_header_footer","meta":[],"_links":{"self":[{"href":"https:\/\/shareguatemala.org\/es\/wp-json\/wp\/v2\/pages\/69"}],"collection":[{"href":"https:\/\/shareguatemala.org\/es\/wp-json\/wp\/v2\/pages"}],"about":[{"href":"https:\/\/shareguatemala.org\/es\/wp-json\/wp\/v2\/types\/page"}],"author":[{"embeddable":true,"href":"https:\/\/shareguatemala.org\/es\/wp-json\/wp\/v2\/users\/4"}],"replies":[{"embeddable":true,"href":"https:\/\/shareguatemala.org\/es\/wp-json\/wp\/v2\/comments?post=69"}],"version-history":[{"count":58,"href":"https:\/\/shareguatemala.org\/es\/wp-json\/wp\/v2\/pages\/69\/revisions"}],"predecessor-version":[{"id":1237,"href":"https:\/\/shareguatemala.org\/es\/wp-json\/wp\/v2\/pages\/69\/revisions\/1237"}],"wp:attachment":[{"href":"https:\/\/shareguatemala.org\/es\/wp-json\/wp\/v2\/media?parent=69"}],"curies":[{"name":"wp","href":"https:\/\/api.w.org\/{rel}","templated":true}]}}