{"id":734,"date":"2020-11-25T15:37:20","date_gmt":"2020-11-25T14:37:20","guid":{"rendered":"https:\/\/shareguatemala.org\/?page_id=734"},"modified":"2020-11-25T16:24:02","modified_gmt":"2020-11-25T15:24:02","slug":"solicitar-prestamo","status":"publish","type":"page","link":"https:\/\/shareguatemala.org\/es\/solicitar-prestamo\/","title":{"rendered":"Solicitar Prestamo"},"content":{"rendered":"\t\t<div data-elementor-type=\"wp-page\" data-elementor-id=\"734\" class=\"elementor elementor-734\" data-elementor-settings=\"[]\">\n\t\t\t<div class=\"elementor-inner\">\n\t\t\t\t<div class=\"elementor-section-wrap\">\n\t\t\t\t\t\t\t<section class=\"has_ae_slider elementor-element elementor-element-176a365 elementor-section-boxed elementor-section-height-default elementor-section-height-default ae-bg-gallery-type-default elementor-section elementor-top-section\" data-id=\"176a365\" data-element_type=\"section\">\n\t\t\t\t\t\t<div class=\"elementor-container elementor-column-gap-default\">\n\t\t\t\t<div class=\"elementor-row\">\n\t\t\t\t<div class=\"has_ae_slider elementor-element elementor-element-ce3a480 ae-bg-gallery-type-default elementor-column elementor-col-50 elementor-top-column\" data-id=\"ce3a480\" data-element_type=\"column\">\n\t\t\t<div class=\"elementor-column-wrap\">\n\t\t\t\t\t<div class=\"elementor-widget-wrap\">\n\t\t\t\t\t\t<\/div>\n\t\t\t<\/div>\n\t\t<\/div>\n\t\t\t\t<div class=\"has_ae_slider elementor-element elementor-element-5b264c8 ae-bg-gallery-type-default elementor-column elementor-col-50 elementor-top-column\" data-id=\"5b264c8\" data-element_type=\"column\">\n\t\t\t<div class=\"elementor-column-wrap\">\n\t\t\t\t\t<div class=\"elementor-widget-wrap\">\n\t\t\t\t\t\t<\/div>\n\t\t\t<\/div>\n\t\t<\/div>\n\t\t\t\t\t\t<\/div>\n\t\t\t<\/div>\n\t\t<\/section>\n\t\t\t\t<section class=\"has_ae_slider elementor-element elementor-element-79b1a7c elementor-section-boxed elementor-section-height-default elementor-section-height-default ae-bg-gallery-type-default elementor-section elementor-top-section\" data-id=\"79b1a7c\" data-element_type=\"section\">\n\t\t\t\t\t\t<div class=\"elementor-container elementor-column-gap-default\">\n\t\t\t\t<div class=\"elementor-row\">\n\t\t\t\t<div class=\"has_ae_slider elementor-element elementor-element-f56fd51 ae-bg-gallery-type-default elementor-column elementor-col-50 elementor-top-column\" data-id=\"f56fd51\" data-element_type=\"column\">\n\t\t\t<div class=\"elementor-column-wrap  elementor-element-populated\">\n\t\t\t\t\t<div class=\"elementor-widget-wrap\">\n\t\t\t\t<div class=\"elementor-element elementor-element-2c36c95 elementor-widget elementor-widget-text-editor\" data-id=\"2c36c95\" data-element_type=\"widget\" data-widget_type=\"text-editor.default\">\n\t\t\t\t<div class=\"elementor-widget-container\">\n\t\t\t\t\t<div class=\"elementor-text-editor elementor-clearfix\"><div><p>\u00bfEst\u00e1 interesado en solicitar un pr\u00e9stamo? Le invitamos a llenar el formulario a continuaci\u00f3n para que uno de nuestros asesores pueda comunicarse con usted y brindarle m\u00e1s informaci\u00f3n sobre:<\/p><ul><li>Tipos de pr\u00e9stamos<\/li><li>Requisitos necesarios<\/li><li>Beneficios de obtener un pr\u00e9stamo<\/li><\/ul><\/div><\/div>\n\t\t\t\t<\/div>\n\t\t\t\t<\/div>\n\t\t\t\t\t\t<\/div>\n\t\t\t<\/div>\n\t\t<\/div>\n\t\t\t\t<div class=\"has_ae_slider elementor-element elementor-element-c22d89d ae-bg-gallery-type-default elementor-column elementor-col-50 elementor-top-column\" data-id=\"c22d89d\" data-element_type=\"column\">\n\t\t\t<div class=\"elementor-column-wrap  elementor-element-populated\">\n\t\t\t\t\t<div class=\"elementor-widget-wrap\">\n\t\t\t\t<div class=\"elementor-element elementor-element-1093f59 elementor-widget elementor-widget-heading\" data-id=\"1093f59\" data-element_type=\"widget\" data-widget_type=\"heading.default\">\n\t\t\t\t<div class=\"elementor-widget-container\">\n\t\t\t<h2 class=\"elementor-heading-title elementor-size-default\">\u00a1Quiero solicitar un pr\u00e9stamo!<\/h2>\t\t<\/div>\n\t\t\t\t<\/div>\n\t\t\t\t<div class=\"elementor-element elementor-element-1192522 elementor-button-align-center elementor-widget elementor-widget-form\" data-id=\"1192522\" data-element_type=\"widget\" data-widget_type=\"form.default\">\n\t\t\t\t<div class=\"elementor-widget-container\">\n\t\t\t\t\t<form class=\"elementor-form\" method=\"post\" name=\"\u00a1Quiero solicitar un pr\u00e9stamo!\">\n\t\t\t<input type=\"hidden\" name=\"post_id\" value=\"734\"\/>\n\t\t\t<input type=\"hidden\" name=\"form_id\" value=\"1192522\"\/>\n\n\t\t\t\n\t\t\t<div class=\"elementor-form-fields-wrapper elementor-labels-above\">\n\t\t\t\t\t\t\t\t<div class=\"elementor-field-type-text elementor-field-group elementor-column elementor-field-group-name elementor-col-100 elementor-field-required elementor-mark-required\">\n\t\t\t\t\t<label for=\"form-field-name\" class=\"elementor-field-label\">Nombre<\/label><input size=\"1\" type=\"text\" name=\"form_fields[name]\" id=\"form-field-name\" class=\"elementor-field elementor-size-sm  elementor-field-textual\" required=\"required\" aria-required=\"true\">\t\t\t\t<\/div>\n\t\t\t\t\t\t\t\t<div class=\"elementor-field-type-text elementor-field-group elementor-column elementor-field-group-field_247b668 elementor-col-100 elementor-field-required elementor-mark-required\">\n\t\t\t\t\t<label for=\"form-field-field_247b668\" class=\"elementor-field-label\">Apellido<\/label><input size=\"1\" type=\"text\" name=\"form_fields[field_247b668]\" id=\"form-field-field_247b668\" class=\"elementor-field elementor-size-sm  elementor-field-textual\" required=\"required\" aria-required=\"true\">\t\t\t\t<\/div>\n\t\t\t\t\t\t\t\t<div class=\"elementor-field-type-tel elementor-field-group elementor-column elementor-field-group-email elementor-col-100 elementor-field-required elementor-mark-required\">\n\t\t\t\t\t<label for=\"form-field-email\" class=\"elementor-field-label\">N\u00famero de tel\u00e9fono<\/label><input size=\"1\" type=\"tel\" name=\"form_fields[email]\" id=\"form-field-email\" class=\"elementor-field elementor-size-sm  elementor-field-textual\" required=\"required\" aria-required=\"true\" pattern=\"[0-9()#&amp;+*-=.]+\" title=\"Only numbers and phone characters (#, -, *, etc) are accepted.\">\t\t\t\t<\/div>\n\t\t\t\t\t\t\t\t<div class=\"elementor-field-type-email elementor-field-group elementor-column elementor-field-group-field_1ec04c0 elementor-col-100 elementor-field-required elementor-mark-required\">\n\t\t\t\t\t<label for=\"form-field-field_1ec04c0\" class=\"elementor-field-label\">Correo electr\u00f3nico<\/label><input size=\"1\" type=\"email\" name=\"form_fields[field_1ec04c0]\" id=\"form-field-field_1ec04c0\" class=\"elementor-field elementor-size-sm  elementor-field-textual\" required=\"required\" aria-required=\"true\">\t\t\t\t<\/div>\n\t\t\t\t\t\t\t\t<div class=\"elementor-field-type-select elementor-field-group elementor-column elementor-field-group-field_2bbdd85 elementor-col-100 elementor-field-required elementor-mark-required\">\n\t\t\t\t\t<label for=\"form-field-field_2bbdd85\" class=\"elementor-field-label\">\u00bfDe d\u00f3nde nos escribe? - Departamento<\/label>\t\t<div class=\"elementor-field elementor-select-wrapper \">\n\t\t\t<select name=\"form_fields[field_2bbdd85]\" id=\"form-field-field_2bbdd85\" class=\"elementor-field-textual elementor-size-sm\" required=\"required\" aria-required=\"true\">\n\t\t\t\t<option value=\"Alta Verapaz\">Alta Verapaz<\/option><option value=\"Baja Verapaz\">Baja Verapaz<\/option><option value=\"Chimaltenango\">Chimaltenango<\/option><option value=\"Chiquimula\">Chiquimula<\/option><option value=\"Pet\u00e9n\">Pet\u00e9n<\/option><option value=\"El Progreso\">El Progreso<\/option><option value=\"Quich\u00e9\">Quich\u00e9<\/option><option value=\"Escuintla\">Escuintla<\/option><option value=\"Guatemala\">Guatemala<\/option><option value=\"Huehuetenango\">Huehuetenango<\/option><option value=\"Izabal\">Izabal<\/option><option value=\"Jalapa\">Jalapa<\/option><option value=\"Jutiapa\">Jutiapa<\/option><option value=\"Quetzaltenango\">Quetzaltenango<\/option><option value=\"Retalhuleu\">Retalhuleu<\/option><option value=\"Sacatep\u00e9quez\">Sacatep\u00e9quez<\/option><option value=\"San Marcos\">San Marcos<\/option><option value=\"Santa Rosa\">Santa Rosa<\/option><option value=\"Solol\u00e1\">Solol\u00e1<\/option><option value=\"Suchitep\u00e9quez\">Suchitep\u00e9quez<\/option><option value=\"Totonicap\u00e1n\">Totonicap\u00e1n<\/option><option value=\"Zacapa\">Zacapa<\/option>\t\t\t<\/select>\n\t\t<\/div>\n\t\t\t\t\t\t<\/div>\n\t\t\t\t\t\t\t\t<div class=\"elementor-field-type-text elementor-field-group elementor-column elementor-field-group-field_06380e0 elementor-col-100 elementor-field-required elementor-mark-required\">\n\t\t\t\t\t<label for=\"form-field-field_06380e0\" class=\"elementor-field-label\">\u00bfDe d\u00f3nde nos escribe? - Municipio<\/label><input size=\"1\" type=\"text\" name=\"form_fields[field_06380e0]\" id=\"form-field-field_06380e0\" class=\"elementor-field elementor-size-sm  elementor-field-textual\" required=\"required\" aria-required=\"true\">\t\t\t\t<\/div>\n\t\t\t\t\t\t\t\t<div class=\"elementor-field-type-select elementor-field-group elementor-column elementor-field-group-field_a4ea5ed elementor-col-100 elementor-field-required elementor-mark-required\">\n\t\t\t\t\t<label for=\"form-field-field_a4ea5ed\" class=\"elementor-field-label\">Pr\u00e9stamo que le interesa<\/label>\t\t<div class=\"elementor-field elementor-select-wrapper \">\n\t\t\t<select name=\"form_fields[field_a4ea5ed]\" id=\"form-field-field_a4ea5ed\" class=\"elementor-field-textual elementor-size-sm\" required=\"required\" aria-required=\"true\">\n\t\t\t\t<option value=\"Credi-agropecuario\">Credi-agropecuario<\/option><option value=\"Credi-negocio\">Credi-negocio<\/option><option value=\"Credi-grupal\">Credi-grupal<\/option><option value=\"Mi casa, mi sue\u00f1o\">Mi casa, mi sue\u00f1o<\/option><option value=\"Credi-emprende\">Credi-emprende<\/option>\t\t\t<\/select>\n\t\t<\/div>\n\t\t\t\t\t\t<\/div>\n\t\t\t\t\t\t\t\t<div class=\"elementor-field-type-textarea elementor-field-group elementor-column elementor-field-group-field_aac3841 elementor-col-100\">\n\t\t\t\t\t<label for=\"form-field-field_aac3841\" class=\"elementor-field-label\">Mensaje<\/label><textarea class=\"elementor-field-textual elementor-field  elementor-size-sm\" name=\"form_fields[field_aac3841]\" id=\"form-field-field_aac3841\" rows=\"4\"><\/textarea>\t\t\t\t<\/div>\n\t\t\t\t\t\t\t\t<div class=\"elementor-field-group elementor-column elementor-field-type-submit elementor-col-100\">\n\t\t\t\t\t<button type=\"submit\" class=\"elementor-button elementor-size-sm\">\n\t\t\t\t\t\t<span >\n\t\t\t\t\t\t\t\t\t\t\t\t\t\t\t<span class=\" elementor-button-icon\">\n\t\t\t\t\t\t\t\t\t\t\t\t\t\t\t\t\t\t\t\t\t\t\t\t\t\t<\/span>\n\t\t\t\t\t\t\t\t\t\t\t\t\t\t\t\t\t\t\t\t\t\t<span class=\"elementor-button-text\">Enviar informaci\u00f3n<\/span>\n\t\t\t\t\t\t\t\t\t\t\t\t\t<\/span>\n\t\t\t\t\t<\/button>\n\t\t\t\t<\/div>\n\t\t\t<\/div>\n\t\t<\/form>\n\t\t\t\t<\/div>\n\t\t\t\t<\/div>\n\t\t\t\t\t\t<\/div>\n\t\t\t<\/div>\n\t\t<\/div>\n\t\t\t\t\t\t<\/div>\n\t\t\t<\/div>\n\t\t<\/section>\n\t\t\t\t\t\t<\/div>\n\t\t\t<\/div>\n\t\t<\/div>\n\t\t","protected":false},"excerpt":{"rendered":"<p>\u00bfEst\u00e1 interesado en solicitar un pr\u00e9stamo? Le invitamos a llenar el formulario a continuaci\u00f3n para que uno de nuestros asesores pueda comunicarse con usted y brindarle m\u00e1s informaci\u00f3n sobre: Tipos de pr\u00e9stamos Requisitos necesarios Beneficios de obtener un pr\u00e9stamo \u00a1Quiero solicitar un pr\u00e9stamo!<\/p>\n","protected":false},"author":4,"featured_media":0,"parent":0,"menu_order":0,"comment_status":"closed","ping_status":"closed","template":"elementor_header_footer","meta":[],"_links":{"self":[{"href":"https:\/\/shareguatemala.org\/es\/wp-json\/wp\/v2\/pages\/734"}],"collection":[{"href":"https:\/\/shareguatemala.org\/es\/wp-json\/wp\/v2\/pages"}],"about":[{"href":"https:\/\/shareguatemala.org\/es\/wp-json\/wp\/v2\/types\/page"}],"author":[{"embeddable":true,"href":"https:\/\/shareguatemala.org\/es\/wp-json\/wp\/v2\/users\/4"}],"replies":[{"embeddable":true,"href":"https:\/\/shareguatemala.org\/es\/wp-json\/wp\/v2\/comments?post=734"}],"version-history":[{"count":2,"href":"https:\/\/shareguatemala.org\/es\/wp-json\/wp\/v2\/pages\/734\/revisions"}],"predecessor-version":[{"id":737,"href":"https:\/\/shareguatemala.org\/es\/wp-json\/wp\/v2\/pages\/734\/revisions\/737"}],"wp:attachment":[{"href":"https:\/\/shareguatemala.org\/es\/wp-json\/wp\/v2\/media?parent=734"}],"curies":[{"name":"wp","href":"https:\/\/api.w.org\/{rel}","templated":true}]}}